{"id":58470,"date":"2019-04-09T23:00:15","date_gmt":"2019-04-09T21:00:15","guid":{"rendered":"https:\/\/octaedro.com\/libro\/la-educacion-fisica-y-los-deportes\/"},"modified":"2023-02-22T13:44:59","modified_gmt":"2023-02-22T12:44:59","slug":"la-educacion-fisica-y-los-deportes-2","status":"publish","type":"product","link":"https:\/\/wizardly-davinci.82-223-8-23.plesk.page\/en\/producto\/la-educacion-fisica-y-los-deportes-2\/","title":{"rendered":"La educaci\u00f3n f\u00edsica y los deportes"},"content":{"rendered":"<p>Sin duda hoy en d\u00eda la materia que nos ocupa es un adhesivo social que une a la ciudadan\u00eda y su veh\u00edculo para transmitir valores como la justicia, la socializaci\u00f3n, el juego limpio, el respeto a la norma, a los compa\u00f1eros, a los adversarios, el fortalecimiento del car\u00e1cter, el trabajo en equipo y el sacrificio.<br \/>\nLa Educaci\u00f3n F\u00edsica y el deporte, propiamente conducidos, pueden ense\u00f1ar importantes cualidades, pero \u00e9stas no vienen dadas autom\u00e1ticamente por la mera pr\u00e1ctica deportiva. De ah\u00ed que se deban plantear propuestas que desplieguen buenas ense\u00f1anzas y favorezcan el desarrollo de las competencias entre los j\u00f3venes.<br \/>\nEste libro es el fruto de un prolongado trabajo de investigaci\u00f3n y acci\u00f3n, elaborado de una forma minuciosa, paciente y con detalles, a partir de un proceso de colaboraci\u00f3n entre el profesorado universitario y el de Educaci\u00f3n Primaria.<br \/>\nSe plantean una serie de propuestas pr\u00e1cticas concretas, suscritas a una s\u00f3lida fundamentaci\u00f3n te\u00f3rica, para el trabajo de los valores en la Educaci\u00f3n F\u00edsica y los deportes, al servicio del desarrollo de las capacidades y habilidades corporales y deportivas que perfeccionan las posibilidades de movimiento del alumnado.<\/p>\n","protected":false},"excerpt":{"rendered":"<p>Sin duda hoy en d\u00eda la materia que nos ocupa es un adhesivo social que une a la ciudadan\u00eda y su veh\u00edculo para transmitir valores como la justicia, la socializaci\u00f3n, el juego limpio, el respeto a la norma, a los compa\u00f1eros, a los adversarios, el fortalecimiento del car\u00e1cter, el trabajo en equipo y el sacrificio.<br \/>\nLa Educaci\u00f3n F\u00edsica y el deporte, propiamente conducidos, pueden ense\u00f1ar importantes cualidades, pero \u00e9stas no vienen dadas autom\u00e1ticamente por la mera pr\u00e1ctica deportiva. De ah\u00ed que se deban plantear propuestas que desplieguen buenas ense\u00f1anzas y favorezcan el desarrollo de las competencias entre los j\u00f3venes.<br \/>\nEste libro es el fruto de un prolongado trabajo de investigaci\u00f3n y acci\u00f3n, elaborado de una forma minuciosa, paciente y con detalles, a partir de un proceso de colaboraci\u00f3n entre el profesorado universitario y el de Educaci\u00f3n Primaria.<br \/>\nSe plantean una serie de propuestas pr\u00e1cticas concretas, suscritas a una s\u00f3lida fundamentaci\u00f3n te\u00f3rica, para el trabajo de los valores en la Educaci\u00f3n F\u00edsica y los deportes, al servicio del desarrollo de las capacidades y habilidades corporales y deportivas que perfeccionan las posibilidades de movimiento del alumnado.<\/p>\n","protected":false},"featured_media":58473,"comment_status":"open","ping_status":"closed","template":"","meta":{"_et_pb_use_builder":"","_et_pb_old_content":"","_et_gb_content_width":""},"product_cat":[11858,11859],"product_tag":[11860],"edicion":[11865],"editoriales":[11866,11867],"tienda":[],"autor_id":[14374],"universidades_coeditoras":[],"palabras_clave":[],"listado_alfabetico":[],"acf":[],"_links":{"self":[{"href":"https:\/\/wizardly-davinci.82-223-8-23.plesk.page\/en\/wp-json\/wp\/v2\/product\/58470"}],"collection":[{"href":"https:\/\/wizardly-davinci.82-223-8-23.plesk.page\/en\/wp-json\/wp\/v2\/product"}],"about":[{"href":"https:\/\/wizardly-davinci.82-223-8-23.plesk.page\/en\/wp-json\/wp\/v2\/types\/product"}],"replies":[{"embeddable":true,"href":"https:\/\/wizardly-davinci.82-223-8-23.plesk.page\/en\/wp-json\/wp\/v2\/comments?post=58470"}],"wp:featuredmedia":[{"embeddable":true,"href":"https:\/\/wizardly-davinci.82-223-8-23.plesk.page\/en\/wp-json\/wp\/v2\/media\/58473"}],"wp:attachment":[{"href":"https:\/\/wizardly-davinci.82-223-8-23.plesk.page\/en\/wp-json\/wp\/v2\/media?parent=58470"}],"wp:term":[{"taxonomy":"product_cat","embeddable":true,"href":"https:\/\/wizardly-davinci.82-223-8-23.plesk.page\/en\/wp-json\/wp\/v2\/product_cat?post=58470"},{"taxonomy":"product_tag","embeddable":true,"href":"https:\/\/wizardly-davinci.82-223-8-23.plesk.page\/en\/wp-json\/wp\/v2\/product_tag?post=58470"},{"taxonomy":"edicion","embeddable":true,"href":"https:\/\/wizardly-davinci.82-223-8-23.plesk.page\/en\/wp-json\/wp\/v2\/edicion?post=58470"},{"taxonomy":"editoriales","embeddable":true,"href":"https:\/\/wizardly-davinci.82-223-8-23.plesk.page\/en\/wp-json\/wp\/v2\/editoriales?post=58470"},{"taxonomy":"tienda","embeddable":true,"href":"https:\/\/wizardly-davinci.82-223-8-23.plesk.page\/en\/wp-json\/wp\/v2\/tienda?post=58470"},{"taxonomy":"autor_id","embeddable":true,"href":"https:\/\/wizardly-davinci.82-223-8-23.plesk.page\/en\/wp-json\/wp\/v2\/autor_id?post=58470"},{"taxonomy":"universidades_coeditoras","embeddable":true,"href":"https:\/\/wizardly-davinci.82-223-8-23.plesk.page\/en\/wp-json\/wp\/v2\/universidades_coeditoras?post=58470"},{"taxonomy":"palabras_clave","embeddable":true,"href":"https:\/\/wizardly-davinci.82-223-8-23.plesk.page\/en\/wp-json\/wp\/v2\/palabras_clave?post=58470"},{"taxonomy":"listado_alfabetico","embeddable":true,"href":"https:\/\/wizardly-davinci.82-223-8-23.plesk.page\/en\/wp-json\/wp\/v2\/listado_alfabetico?post=58470"}],"curies":[{"name":"wp","href":"https:\/\/api.w.org\/{rel}","templated":true}]}}