{"id":58471,"date":"2019-04-09T23:00:12","date_gmt":"2019-04-09T21:00:12","guid":{"rendered":"https:\/\/octaedro.com\/libro\/el-collar-de-las-medinas\/"},"modified":"2023-02-22T13:44:59","modified_gmt":"2023-02-22T12:44:59","slug":"el-collar-de-las-medinas","status":"publish","type":"product","link":"https:\/\/wizardly-davinci.82-223-8-23.plesk.page\/en\/producto\/el-collar-de-las-medinas\/","title":{"rendered":"El collar de las medinas"},"content":{"rendered":"<p><span class=\"destacat\">El collar de las medinas<\/span> es un libro de viaje que, empezando en T\u00e1nger y terminando en Tetu\u00e1n, recorre Andaluc\u00eda en busca de las huellas que dejaron diez siglos de presencia isl\u00e1mica en Espa\u00f1a, desde la conquista hasta la expulsi\u00f3n de los moriscos, en convivencia (o no) con jud\u00edos y cristianos. Acompa\u00f1a a este viaje una antolog\u00eda de escritores que han reflejado lo que fue Al-Andalus. Adem\u00e1s, este libro pretende ser una referencia hist\u00f3rico-literaria para comprender las convulsiones del mundo actual. Existe, relacionado con esta edici\u00f3n, un \u201cAp\u00e9ndice para docentes\u201d con propuestas de actividades para el profesorado, disponible en www.wizardly-davinci.82-223-8-23.plesk.page .<\/p>\n","protected":false},"excerpt":{"rendered":"<p><span class=\"destacat\">El collar de las medinas<\/span> es un libro de viaje que, empezando en T\u00e1nger y terminando en Tetu\u00e1n, recorre Andaluc\u00eda en busca de las huellas que dejaron diez siglos de presencia isl\u00e1mica en Espa\u00f1a, desde la conquista hasta la expulsi\u00f3n de los moriscos, en convivencia (o no) con jud\u00edos y cristianos. Acompa\u00f1a a este viaje una antolog\u00eda de escritores que han reflejado lo que fue Al-Andalus. Adem\u00e1s, este libro pretende ser una referencia hist\u00f3rico-literaria para comprender las convulsiones del mundo actual. Existe, relacionado con esta edici\u00f3n, un \u201cAp\u00e9ndice para docentes\u201d con propuestas de actividades para el profesorado, disponible en www.wizardly-davinci.82-223-8-23.plesk.page .<\/p>\n","protected":false},"featured_media":58498,"comment_status":"open","ping_status":"closed","template":"","meta":{"_et_pb_use_builder":"","_et_pb_old_content":"","_et_gb_content_width":""},"product_cat":[11858,11859],"product_tag":[11860],"edicion":[11865],"editoriales":[11866],"tienda":[],"autor_id":[20952,20953],"universidades_coeditoras":[],"palabras_clave":[],"listado_alfabetico":[],"acf":[],"_links":{"self":[{"href":"https:\/\/wizardly-davinci.82-223-8-23.plesk.page\/en\/wp-json\/wp\/v2\/product\/58471"}],"collection":[{"href":"https:\/\/wizardly-davinci.82-223-8-23.plesk.page\/en\/wp-json\/wp\/v2\/product"}],"about":[{"href":"https:\/\/wizardly-davinci.82-223-8-23.plesk.page\/en\/wp-json\/wp\/v2\/types\/product"}],"replies":[{"embeddable":true,"href":"https:\/\/wizardly-davinci.82-223-8-23.plesk.page\/en\/wp-json\/wp\/v2\/comments?post=58471"}],"wp:featuredmedia":[{"embeddable":true,"href":"https:\/\/wizardly-davinci.82-223-8-23.plesk.page\/en\/wp-json\/wp\/v2\/media\/58498"}],"wp:attachment":[{"href":"https:\/\/wizardly-davinci.82-223-8-23.plesk.page\/en\/wp-json\/wp\/v2\/media?parent=58471"}],"wp:term":[{"taxonomy":"product_cat","embeddable":true,"href":"https:\/\/wizardly-davinci.82-223-8-23.plesk.page\/en\/wp-json\/wp\/v2\/product_cat?post=58471"},{"taxonomy":"product_tag","embeddable":true,"href":"https:\/\/wizardly-davinci.82-223-8-23.plesk.page\/en\/wp-json\/wp\/v2\/product_tag?post=58471"},{"taxonomy":"edicion","embeddable":true,"href":"https:\/\/wizardly-davinci.82-223-8-23.plesk.page\/en\/wp-json\/wp\/v2\/edicion?post=58471"},{"taxonomy":"editoriales","embeddable":true,"href":"https:\/\/wizardly-davinci.82-223-8-23.plesk.page\/en\/wp-json\/wp\/v2\/editoriales?post=58471"},{"taxonomy":"tienda","embeddable":true,"href":"https:\/\/wizardly-davinci.82-223-8-23.plesk.page\/en\/wp-json\/wp\/v2\/tienda?post=58471"},{"taxonomy":"autor_id","embeddable":true,"href":"https:\/\/wizardly-davinci.82-223-8-23.plesk.page\/en\/wp-json\/wp\/v2\/autor_id?post=58471"},{"taxonomy":"universidades_coeditoras","embeddable":true,"href":"https:\/\/wizardly-davinci.82-223-8-23.plesk.page\/en\/wp-json\/wp\/v2\/universidades_coeditoras?post=58471"},{"taxonomy":"palabras_clave","embeddable":true,"href":"https:\/\/wizardly-davinci.82-223-8-23.plesk.page\/en\/wp-json\/wp\/v2\/palabras_clave?post=58471"},{"taxonomy":"listado_alfabetico","embeddable":true,"href":"https:\/\/wizardly-davinci.82-223-8-23.plesk.page\/en\/wp-json\/wp\/v2\/listado_alfabetico?post=58471"}],"curies":[{"name":"wp","href":"https:\/\/api.w.org\/{rel}","templated":true}]}}