{"id":58499,"date":"2019-04-09T23:00:12","date_gmt":"2019-04-09T21:00:12","guid":{"rendered":"https:\/\/octaedro.com\/libro\/del-balcon-de-tus-ojos\/"},"modified":"2023-02-22T13:45:05","modified_gmt":"2023-02-22T12:45:05","slug":"del-balcon-de-tus-ojos-2","status":"publish","type":"product","link":"https:\/\/wizardly-davinci.82-223-8-23.plesk.page\/en\/producto\/del-balcon-de-tus-ojos-2\/","title":{"rendered":"Del balc\u00f3n de tus ojos"},"content":{"rendered":"<p>Entre 1997 y 2003, Rodr\u00edguez Almod\u00f3var public\u00f3 numerosos art\u00edculos en la edici\u00f3n andaluza del diario El Pa\u00eds referidos al habla y cultura popular. A trav\u00e9s de ellos, y apoy\u00e1ndose en criterios de antropolog\u00eda cultural, ejerci\u00f3 una s\u00f3lida defensa de las expresiones m\u00e1s arraigadas de nuestro folclore, as\u00ed como de la peculiar modalidad andaluza del espa\u00f1ol, combatiendo t\u00f3picos prejuicios que tanto da\u00f1o han hecho a la imagen de Andaluc\u00eda. Este libro re\u00fane todos estos art\u00edculos, clasificados en cuatro series: Literatura popular, As\u00ed habla\u2026 (donde se analiza la forma de expresarse de muchos personajes de la vida p\u00fablica de nuestra comunidad), Cultura popular y Sobre el habla andaluza.<br \/>\nEste libro tambi\u00e9n puede considerarse continuaci\u00f3n del Abecedario Andaluz , que ya public\u00f3 esta editorial en 2002, con los veintinueve art\u00edculos sobre los rasgos m\u00e1s sobresalientes del habla andaluza que el autor public\u00f3 igualmente en el mismo peri\u00f3dico, a lo largo de todo el mes de Agosto de 1999.<\/p>\n","protected":false},"excerpt":{"rendered":"<p>Entre 1997 y 2003, Rodr\u00edguez Almod\u00f3var public\u00f3 numerosos art\u00edculos en la edici\u00f3n andaluza del diario El Pa\u00eds referidos al habla y cultura popular. A trav\u00e9s de ellos, y apoy\u00e1ndose en criterios de antropolog\u00eda cultural, ejerci\u00f3 una s\u00f3lida defensa de las expresiones m\u00e1s arraigadas de nuestro folclore, as\u00ed como de la peculiar modalidad andaluza del espa\u00f1ol, combatiendo t\u00f3picos prejuicios que tanto da\u00f1o han hecho a la imagen de Andaluc\u00eda. Este libro re\u00fane todos estos art\u00edculos, clasificados en cuatro series: Literatura popular, As\u00ed habla\u2026 (donde se analiza la forma de expresarse de muchos personajes de la vida p\u00fablica de nuestra comunidad), Cultura popular y Sobre el habla andaluza.<br \/>\nEste libro tambi\u00e9n puede considerarse continuaci\u00f3n del Abecedario Andaluz , que ya public\u00f3 esta editorial en 2002, con los veintinueve art\u00edculos sobre los rasgos m\u00e1s sobresalientes del habla andaluza que el autor public\u00f3 igualmente en el mismo peri\u00f3dico, a lo largo de todo el mes de Agosto de 1999.<\/p>\n","protected":false},"featured_media":58502,"comment_status":"open","ping_status":"closed","template":"","meta":{"_et_pb_use_builder":"","_et_pb_old_content":"","_et_gb_content_width":""},"product_cat":[11858,11859],"product_tag":[11860],"edicion":[11865],"editoriales":[11866],"tienda":[],"autor_id":[20948],"universidades_coeditoras":[],"palabras_clave":[],"listado_alfabetico":[],"acf":[],"_links":{"self":[{"href":"https:\/\/wizardly-davinci.82-223-8-23.plesk.page\/en\/wp-json\/wp\/v2\/product\/58499"}],"collection":[{"href":"https:\/\/wizardly-davinci.82-223-8-23.plesk.page\/en\/wp-json\/wp\/v2\/product"}],"about":[{"href":"https:\/\/wizardly-davinci.82-223-8-23.plesk.page\/en\/wp-json\/wp\/v2\/types\/product"}],"replies":[{"embeddable":true,"href":"https:\/\/wizardly-davinci.82-223-8-23.plesk.page\/en\/wp-json\/wp\/v2\/comments?post=58499"}],"wp:featuredmedia":[{"embeddable":true,"href":"https:\/\/wizardly-davinci.82-223-8-23.plesk.page\/en\/wp-json\/wp\/v2\/media\/58502"}],"wp:attachment":[{"href":"https:\/\/wizardly-davinci.82-223-8-23.plesk.page\/en\/wp-json\/wp\/v2\/media?parent=58499"}],"wp:term":[{"taxonomy":"product_cat","embeddable":true,"href":"https:\/\/wizardly-davinci.82-223-8-23.plesk.page\/en\/wp-json\/wp\/v2\/product_cat?post=58499"},{"taxonomy":"product_tag","embeddable":true,"href":"https:\/\/wizardly-davinci.82-223-8-23.plesk.page\/en\/wp-json\/wp\/v2\/product_tag?post=58499"},{"taxonomy":"edicion","embeddable":true,"href":"https:\/\/wizardly-davinci.82-223-8-23.plesk.page\/en\/wp-json\/wp\/v2\/edicion?post=58499"},{"taxonomy":"editoriales","embeddable":true,"href":"https:\/\/wizardly-davinci.82-223-8-23.plesk.page\/en\/wp-json\/wp\/v2\/editoriales?post=58499"},{"taxonomy":"tienda","embeddable":true,"href":"https:\/\/wizardly-davinci.82-223-8-23.plesk.page\/en\/wp-json\/wp\/v2\/tienda?post=58499"},{"taxonomy":"autor_id","embeddable":true,"href":"https:\/\/wizardly-davinci.82-223-8-23.plesk.page\/en\/wp-json\/wp\/v2\/autor_id?post=58499"},{"taxonomy":"universidades_coeditoras","embeddable":true,"href":"https:\/\/wizardly-davinci.82-223-8-23.plesk.page\/en\/wp-json\/wp\/v2\/universidades_coeditoras?post=58499"},{"taxonomy":"palabras_clave","embeddable":true,"href":"https:\/\/wizardly-davinci.82-223-8-23.plesk.page\/en\/wp-json\/wp\/v2\/palabras_clave?post=58499"},{"taxonomy":"listado_alfabetico","embeddable":true,"href":"https:\/\/wizardly-davinci.82-223-8-23.plesk.page\/en\/wp-json\/wp\/v2\/listado_alfabetico?post=58499"}],"curies":[{"name":"wp","href":"https:\/\/api.w.org\/{rel}","templated":true}]}}