{"id":58500,"date":"1995-10-01T23:00:15","date_gmt":"1995-10-01T22:00:15","guid":{"rendered":"https:\/\/octaedro.com\/libro\/bases-para-el-estudio-del-lenguaje\/"},"modified":"2023-02-22T13:45:05","modified_gmt":"2023-02-22T12:45:05","slug":"bases-para-el-estudio-del-lenguaje-2-2","status":"publish","type":"product","link":"https:\/\/wizardly-davinci.82-223-8-23.plesk.page\/en\/producto\/bases-para-el-estudio-del-lenguaje-2-2\/","title":{"rendered":"Bases para el estudio del lenguaje"},"content":{"rendered":"<p>La ling\u00fc\u00edstica se ha convertido en una disciplina fundamental desde que los nuevos planes de estudio la han incluido como materia obligatoria en el primer ciclo de todas las especialidades de Filolog\u00eda; pero \u00bfqu\u00e9 se debe ense\u00f1ar en esta disciplina? Probablemente no sea necesario, si no hay tiempo para ello, volver a insistir en la fonolog\u00eda, la morfolog\u00eda, la sintaxis, etc. que son materias obligatorias en todas las especialidades, adem\u00e1s de haberlas estudiado en COU. En cambio, creemos que es muy importante proporcionar al alumno las bases que le permitan introducirse en el campo te\u00f3rico y epistemol\u00f3gico de la disciplina, adem\u00e1s de mostrarle sus conexiones interdisciplinarias. Estas son las pretensiones de este libro: que el alumno aprenda a reflexionar sobre el lenguaje como lo hacen los ling\u00fcistas; que sepa situar sus estudios ling\u00fc\u00edsticos posteriores desde la perspectiva comunicativa o desde la cognitiva; que conozca, por \u00faltimo, qu\u00e9 conexiones mantiene la ling\u00fc\u00edstica con la sociedad o con la psicolog\u00eda y algunas de las aplicaciones posibles que se han realizado o que est\u00e1n en curso.<\/p>\n","protected":false},"excerpt":{"rendered":"<p>La ling\u00fc\u00edstica se ha convertido en una disciplina fundamental desde que los nuevos planes de estudio la han incluido como materia obligatoria en el primer ciclo de todas las especialidades de Filolog\u00eda; pero \u00bfqu\u00e9 se debe ense\u00f1ar en esta disciplina? Probablemente no sea necesario, si no hay tiempo para ello, volver a insistir en la fonolog\u00eda, la morfolog\u00eda, la sintaxis, etc. que son materias obligatorias en todas las especialidades, adem\u00e1s de haberlas estudiado en COU. En cambio, creemos que es muy importante proporcionar al alumno las bases que le permitan introducirse en el campo te\u00f3rico y epistemol\u00f3gico de la disciplina, adem\u00e1s de mostrarle sus conexiones interdisciplinarias. Estas son las pretensiones de este libro: que el alumno aprenda a reflexionar sobre el lenguaje como lo hacen los ling\u00fcistas; que sepa situar sus estudios ling\u00fc\u00edsticos posteriores desde la perspectiva comunicativa o desde la cognitiva; que conozca, por \u00faltimo, qu\u00e9 conexiones mantiene la ling\u00fc\u00edstica con la sociedad o con la psicolog\u00eda y algunas de las aplicaciones posibles que se han realizado o que est\u00e1n en curso.<\/p>\n","protected":false},"featured_media":58501,"comment_status":"open","ping_status":"closed","template":"","meta":{"_et_pb_use_builder":"","_et_pb_old_content":"","_et_gb_content_width":""},"product_cat":[11901,11858,11859],"product_tag":[11860],"edicion":[11865],"editoriales":[11866,11867],"tienda":[],"autor_id":[14617],"universidades_coeditoras":[],"palabras_clave":[],"listado_alfabetico":[],"acf":[],"_links":{"self":[{"href":"https:\/\/wizardly-davinci.82-223-8-23.plesk.page\/en\/wp-json\/wp\/v2\/product\/58500"}],"collection":[{"href":"https:\/\/wizardly-davinci.82-223-8-23.plesk.page\/en\/wp-json\/wp\/v2\/product"}],"about":[{"href":"https:\/\/wizardly-davinci.82-223-8-23.plesk.page\/en\/wp-json\/wp\/v2\/types\/product"}],"replies":[{"embeddable":true,"href":"https:\/\/wizardly-davinci.82-223-8-23.plesk.page\/en\/wp-json\/wp\/v2\/comments?post=58500"}],"wp:featuredmedia":[{"embeddable":true,"href":"https:\/\/wizardly-davinci.82-223-8-23.plesk.page\/en\/wp-json\/wp\/v2\/media\/58501"}],"wp:attachment":[{"href":"https:\/\/wizardly-davinci.82-223-8-23.plesk.page\/en\/wp-json\/wp\/v2\/media?parent=58500"}],"wp:term":[{"taxonomy":"product_cat","embeddable":true,"href":"https:\/\/wizardly-davinci.82-223-8-23.plesk.page\/en\/wp-json\/wp\/v2\/product_cat?post=58500"},{"taxonomy":"product_tag","embeddable":true,"href":"https:\/\/wizardly-davinci.82-223-8-23.plesk.page\/en\/wp-json\/wp\/v2\/product_tag?post=58500"},{"taxonomy":"edicion","embeddable":true,"href":"https:\/\/wizardly-davinci.82-223-8-23.plesk.page\/en\/wp-json\/wp\/v2\/edicion?post=58500"},{"taxonomy":"editoriales","embeddable":true,"href":"https:\/\/wizardly-davinci.82-223-8-23.plesk.page\/en\/wp-json\/wp\/v2\/editoriales?post=58500"},{"taxonomy":"tienda","embeddable":true,"href":"https:\/\/wizardly-davinci.82-223-8-23.plesk.page\/en\/wp-json\/wp\/v2\/tienda?post=58500"},{"taxonomy":"autor_id","embeddable":true,"href":"https:\/\/wizardly-davinci.82-223-8-23.plesk.page\/en\/wp-json\/wp\/v2\/autor_id?post=58500"},{"taxonomy":"universidades_coeditoras","embeddable":true,"href":"https:\/\/wizardly-davinci.82-223-8-23.plesk.page\/en\/wp-json\/wp\/v2\/universidades_coeditoras?post=58500"},{"taxonomy":"palabras_clave","embeddable":true,"href":"https:\/\/wizardly-davinci.82-223-8-23.plesk.page\/en\/wp-json\/wp\/v2\/palabras_clave?post=58500"},{"taxonomy":"listado_alfabetico","embeddable":true,"href":"https:\/\/wizardly-davinci.82-223-8-23.plesk.page\/en\/wp-json\/wp\/v2\/listado_alfabetico?post=58500"}],"curies":[{"name":"wp","href":"https:\/\/api.w.org\/{rel}","templated":true}]}}