{"id":58525,"date":"2019-04-09T23:00:13","date_gmt":"2019-04-09T21:00:13","guid":{"rendered":"https:\/\/octaedro.com\/libro\/la-andalucia-linguistica-de-valera\/"},"modified":"2022-04-29T13:14:11","modified_gmt":"2022-04-29T13:14:11","slug":"la-andalucia-linguistica-de-valera","status":"publish","type":"product","link":"https:\/\/wizardly-davinci.82-223-8-23.plesk.page\/en\/producto\/la-andalucia-linguistica-de-valera\/","title":{"rendered":"La Andaluc\u00eda ling\u00fc\u00edstica de Valera"},"content":{"rendered":"<p><em>La Andaluc\u00eda ling\u00fc\u00edstica de Valera, <\/em> con el habla de Cabra tan bien estudiada por Lorenzo Rodr\u00edguez-Castellano y Adela Palacio (como referente principal, al participar de caracter\u00edsticas ling\u00fc\u00edsticas de Andaluc\u00eda occidental y de Andaluc\u00eda oriental), constituye una realiadad como demuestra el an\u00e1lisis de textos, fragmentos y estudios in\u00e9ditos.La presencia del l\u00e9xico de la obra valeriana en las \u201cVoces andaluzas (o usadas por autores andaluces) que faltan en el Diccionario de la Academia Espa\u00f1ola\u201d, <em>Revue Hispanique<\/em> (1920) de Miguel Toro y Gisbert, en el Vocabulario Andaluz de Antonio Alcal\u00e1 Venceslada (1934) y en el Tesoro l\u00e9xico de las hablas andaluzas (2000) de Manuel Alvar Ezquerra es la mejor confirmaci\u00f3n de este hecho.<\/p>\n","protected":false},"excerpt":{"rendered":"<p><em>La Andaluc\u00eda ling\u00fc\u00edstica de Valera, <\/em> con el habla de Cabra tan bien estudiada por Lorenzo Rodr\u00edguez-Castellano y Adela Palacio (como referente principal, al participar de caracter\u00edsticas ling\u00fc\u00edsticas de Andaluc\u00eda occidental y de Andaluc\u00eda oriental), constituye una realiadad como demuestra el an\u00e1lisis de textos, fragmentos y estudios in\u00e9ditos.La presencia del l\u00e9xico de la obra valeriana en las \u201cVoces andaluzas (o usadas por autores andaluces) que faltan en el Diccionario de la Academia Espa\u00f1ola\u201d, <em>Revue Hispanique<\/em> (1920) de Miguel Toro y Gisbert, en el Vocabulario Andaluz de Antonio Alcal\u00e1 Venceslada (1934) y en el Tesoro l\u00e9xico de las hablas andaluzas (2000) de Manuel Alvar Ezquerra es la mejor confirmaci\u00f3n de este hecho.<\/p>\n","protected":false},"featured_media":58533,"comment_status":"open","ping_status":"closed","template":"","meta":{"_et_pb_use_builder":"","_et_pb_old_content":"","_et_gb_content_width":""},"product_cat":[11858,11859],"product_tag":[11860],"edicion":[11865],"editoriales":[11866],"tienda":[],"autor_id":[20956],"universidades_coeditoras":[],"palabras_clave":[],"listado_alfabetico":[],"acf":[],"_links":{"self":[{"href":"https:\/\/wizardly-davinci.82-223-8-23.plesk.page\/en\/wp-json\/wp\/v2\/product\/58525"}],"collection":[{"href":"https:\/\/wizardly-davinci.82-223-8-23.plesk.page\/en\/wp-json\/wp\/v2\/product"}],"about":[{"href":"https:\/\/wizardly-davinci.82-223-8-23.plesk.page\/en\/wp-json\/wp\/v2\/types\/product"}],"replies":[{"embeddable":true,"href":"https:\/\/wizardly-davinci.82-223-8-23.plesk.page\/en\/wp-json\/wp\/v2\/comments?post=58525"}],"wp:featuredmedia":[{"embeddable":true,"href":"https:\/\/wizardly-davinci.82-223-8-23.plesk.page\/en\/wp-json\/wp\/v2\/media\/58533"}],"wp:attachment":[{"href":"https:\/\/wizardly-davinci.82-223-8-23.plesk.page\/en\/wp-json\/wp\/v2\/media?parent=58525"}],"wp:term":[{"taxonomy":"product_cat","embeddable":true,"href":"https:\/\/wizardly-davinci.82-223-8-23.plesk.page\/en\/wp-json\/wp\/v2\/product_cat?post=58525"},{"taxonomy":"product_tag","embeddable":true,"href":"https:\/\/wizardly-davinci.82-223-8-23.plesk.page\/en\/wp-json\/wp\/v2\/product_tag?post=58525"},{"taxonomy":"edicion","embeddable":true,"href":"https:\/\/wizardly-davinci.82-223-8-23.plesk.page\/en\/wp-json\/wp\/v2\/edicion?post=58525"},{"taxonomy":"editoriales","embeddable":true,"href":"https:\/\/wizardly-davinci.82-223-8-23.plesk.page\/en\/wp-json\/wp\/v2\/editoriales?post=58525"},{"taxonomy":"tienda","embeddable":true,"href":"https:\/\/wizardly-davinci.82-223-8-23.plesk.page\/en\/wp-json\/wp\/v2\/tienda?post=58525"},{"taxonomy":"autor_id","embeddable":true,"href":"https:\/\/wizardly-davinci.82-223-8-23.plesk.page\/en\/wp-json\/wp\/v2\/autor_id?post=58525"},{"taxonomy":"universidades_coeditoras","embeddable":true,"href":"https:\/\/wizardly-davinci.82-223-8-23.plesk.page\/en\/wp-json\/wp\/v2\/universidades_coeditoras?post=58525"},{"taxonomy":"palabras_clave","embeddable":true,"href":"https:\/\/wizardly-davinci.82-223-8-23.plesk.page\/en\/wp-json\/wp\/v2\/palabras_clave?post=58525"},{"taxonomy":"listado_alfabetico","embeddable":true,"href":"https:\/\/wizardly-davinci.82-223-8-23.plesk.page\/en\/wp-json\/wp\/v2\/listado_alfabetico?post=58525"}],"curies":[{"name":"wp","href":"https:\/\/api.w.org\/{rel}","templated":true}]}}