{"id":58526,"date":"2019-04-09T23:00:14","date_gmt":"2019-04-09T21:00:14","guid":{"rendered":"https:\/\/octaedro.com\/libro\/un-paseo-amable-por-el-mundo-del-flamenco\/"},"modified":"2019-04-09T23:00:14","modified_gmt":"2019-04-09T23:00:14","slug":"un-paseo-amable-por-el-mundo-del-flamenco-2","status":"publish","type":"product","link":"https:\/\/wizardly-davinci.82-223-8-23.plesk.page\/en\/producto\/un-paseo-amable-por-el-mundo-del-flamenco-2\/","title":{"rendered":"Un paseo amable por el mundo del flamenco"},"content":{"rendered":"<p>Este libro va dirigido a aquellas personas que desean adentrarse en el mundo del flamenco, pero tambi\u00e9n a los conocedores de este arte.Aqu\u00ed encontrar\u00e1n todos los aficionados al flamenco diversos clasificaciones de los palos a trav\u00e9s de la historia, aspectos formales de las coplas flamencas, las caracter\u00edsticas del habla andaluza, el vocabulario gitanos m\u00e1s usual en las letras flamencas, los esquemas de las rimas de los diferentes palos y un estudio de los mismos. Apuntamos tambi\u00e9n una interesante teor\u00eda sobre c\u00f3mo se form\u00f3 el flamenco y las nociones de la historia de Andaluc\u00eda que, de alguna manera, han influido en la formaci\u00f3n de este arte.<br \/>\nFinaliza el libro con un apartado biogr\u00e1fico de 250 artistas, que pueden ser de gran utilidad para los aficionados.<\/p>\n","protected":false},"excerpt":{"rendered":"<p>Este libro va dirigido a aquellas personas que desean adentrarse en el mundo del flamenco, pero tambi\u00e9n a los conocedores de este arte.Aqu\u00ed encontrar\u00e1n todos los aficionados al flamenco diversos clasificaciones de los palos a trav\u00e9s de la historia, aspectos formales de las coplas flamencas, las caracter\u00edsticas del habla andaluza, el vocabulario gitanos m\u00e1s usual en las letras flamencas, los esquemas de las rimas de los diferentes palos y un estudio de los mismos. Apuntamos tambi\u00e9n una interesante teor\u00eda sobre c\u00f3mo se form\u00f3 el flamenco y las nociones de la historia de Andaluc\u00eda que, de alguna manera, han influido en la formaci\u00f3n de este arte.<br \/>\nFinaliza el libro con un apartado biogr\u00e1fico de 250 artistas, que pueden ser de gran utilidad para los aficionados.<\/p>\n","protected":false},"featured_media":58528,"comment_status":"open","ping_status":"closed","template":"","meta":{"_et_pb_use_builder":"","_et_pb_old_content":"","_et_gb_content_width":""},"product_cat":[11901,11858,11859],"product_tag":[11860],"edicion":[11865],"editoriales":[11866,11867],"tienda":[],"autor_id":[14030],"universidades_coeditoras":[],"palabras_clave":[],"listado_alfabetico":[],"acf":[],"_links":{"self":[{"href":"https:\/\/wizardly-davinci.82-223-8-23.plesk.page\/en\/wp-json\/wp\/v2\/product\/58526"}],"collection":[{"href":"https:\/\/wizardly-davinci.82-223-8-23.plesk.page\/en\/wp-json\/wp\/v2\/product"}],"about":[{"href":"https:\/\/wizardly-davinci.82-223-8-23.plesk.page\/en\/wp-json\/wp\/v2\/types\/product"}],"replies":[{"embeddable":true,"href":"https:\/\/wizardly-davinci.82-223-8-23.plesk.page\/en\/wp-json\/wp\/v2\/comments?post=58526"}],"wp:featuredmedia":[{"embeddable":true,"href":"https:\/\/wizardly-davinci.82-223-8-23.plesk.page\/en\/wp-json\/wp\/v2\/media\/58528"}],"wp:attachment":[{"href":"https:\/\/wizardly-davinci.82-223-8-23.plesk.page\/en\/wp-json\/wp\/v2\/media?parent=58526"}],"wp:term":[{"taxonomy":"product_cat","embeddable":true,"href":"https:\/\/wizardly-davinci.82-223-8-23.plesk.page\/en\/wp-json\/wp\/v2\/product_cat?post=58526"},{"taxonomy":"product_tag","embeddable":true,"href":"https:\/\/wizardly-davinci.82-223-8-23.plesk.page\/en\/wp-json\/wp\/v2\/product_tag?post=58526"},{"taxonomy":"edicion","embeddable":true,"href":"https:\/\/wizardly-davinci.82-223-8-23.plesk.page\/en\/wp-json\/wp\/v2\/edicion?post=58526"},{"taxonomy":"editoriales","embeddable":true,"href":"https:\/\/wizardly-davinci.82-223-8-23.plesk.page\/en\/wp-json\/wp\/v2\/editoriales?post=58526"},{"taxonomy":"tienda","embeddable":true,"href":"https:\/\/wizardly-davinci.82-223-8-23.plesk.page\/en\/wp-json\/wp\/v2\/tienda?post=58526"},{"taxonomy":"autor_id","embeddable":true,"href":"https:\/\/wizardly-davinci.82-223-8-23.plesk.page\/en\/wp-json\/wp\/v2\/autor_id?post=58526"},{"taxonomy":"universidades_coeditoras","embeddable":true,"href":"https:\/\/wizardly-davinci.82-223-8-23.plesk.page\/en\/wp-json\/wp\/v2\/universidades_coeditoras?post=58526"},{"taxonomy":"palabras_clave","embeddable":true,"href":"https:\/\/wizardly-davinci.82-223-8-23.plesk.page\/en\/wp-json\/wp\/v2\/palabras_clave?post=58526"},{"taxonomy":"listado_alfabetico","embeddable":true,"href":"https:\/\/wizardly-davinci.82-223-8-23.plesk.page\/en\/wp-json\/wp\/v2\/listado_alfabetico?post=58526"}],"curies":[{"name":"wp","href":"https:\/\/api.w.org\/{rel}","templated":true}]}}