{"id":58529,"date":"2002-06-01T23:00:11","date_gmt":"2002-06-01T21:00:11","guid":{"rendered":"https:\/\/octaedro.com\/libro\/guia-de-mamiferos-andaluces\/"},"modified":"2019-04-09T23:00:11","modified_gmt":"2019-04-09T23:00:11","slug":"guia-de-mamiferos-andaluces-2","status":"publish","type":"product","link":"https:\/\/wizardly-davinci.82-223-8-23.plesk.page\/en\/producto\/guia-de-mamiferos-andaluces-2\/","title":{"rendered":"Gu\u00eda de mam\u00edferos andaluces"},"content":{"rendered":"<p>Una gu\u00eda ilustrada y exhaustiva de la gran variedad de mam\u00edferos que vive en Andaluc\u00eda, que permitir\u00e1 a los amantes de la naturaleza conocer a estos animales y familiarizarse con sus caracteres externos m\u00e1s relevantes.<br \/>\nPor su car\u00e1cter did\u00e1ctico y divulgativo, una de sus aplicaciones m\u00e1s directas es ayudar al alumnado de Secundaria y Bachillerato.<\/p>\n","protected":false},"excerpt":{"rendered":"<p>Una gu\u00eda ilustrada y exhaustiva de la gran variedad de mam\u00edferos que vive en Andaluc\u00eda, que permitir\u00e1 a los amantes de la naturaleza conocer a estos animales y familiarizarse con sus caracteres externos m\u00e1s relevantes.<br \/>\nPor su car\u00e1cter did\u00e1ctico y divulgativo, una de sus aplicaciones m\u00e1s directas es ayudar al alumnado de Secundaria y Bachillerato.<\/p>\n","protected":false},"featured_media":58537,"comment_status":"open","ping_status":"closed","template":"","meta":{"_et_pb_use_builder":"","_et_pb_old_content":"","_et_gb_content_width":""},"product_cat":[11901,11858,11859],"product_tag":[11860],"edicion":[11865],"editoriales":[11866,11867],"tienda":[],"autor_id":[20097],"universidades_coeditoras":[],"palabras_clave":[],"listado_alfabetico":[],"acf":[],"_links":{"self":[{"href":"https:\/\/wizardly-davinci.82-223-8-23.plesk.page\/en\/wp-json\/wp\/v2\/product\/58529"}],"collection":[{"href":"https:\/\/wizardly-davinci.82-223-8-23.plesk.page\/en\/wp-json\/wp\/v2\/product"}],"about":[{"href":"https:\/\/wizardly-davinci.82-223-8-23.plesk.page\/en\/wp-json\/wp\/v2\/types\/product"}],"replies":[{"embeddable":true,"href":"https:\/\/wizardly-davinci.82-223-8-23.plesk.page\/en\/wp-json\/wp\/v2\/comments?post=58529"}],"wp:featuredmedia":[{"embeddable":true,"href":"https:\/\/wizardly-davinci.82-223-8-23.plesk.page\/en\/wp-json\/wp\/v2\/media\/58537"}],"wp:attachment":[{"href":"https:\/\/wizardly-davinci.82-223-8-23.plesk.page\/en\/wp-json\/wp\/v2\/media?parent=58529"}],"wp:term":[{"taxonomy":"product_cat","embeddable":true,"href":"https:\/\/wizardly-davinci.82-223-8-23.plesk.page\/en\/wp-json\/wp\/v2\/product_cat?post=58529"},{"taxonomy":"product_tag","embeddable":true,"href":"https:\/\/wizardly-davinci.82-223-8-23.plesk.page\/en\/wp-json\/wp\/v2\/product_tag?post=58529"},{"taxonomy":"edicion","embeddable":true,"href":"https:\/\/wizardly-davinci.82-223-8-23.plesk.page\/en\/wp-json\/wp\/v2\/edicion?post=58529"},{"taxonomy":"editoriales","embeddable":true,"href":"https:\/\/wizardly-davinci.82-223-8-23.plesk.page\/en\/wp-json\/wp\/v2\/editoriales?post=58529"},{"taxonomy":"tienda","embeddable":true,"href":"https:\/\/wizardly-davinci.82-223-8-23.plesk.page\/en\/wp-json\/wp\/v2\/tienda?post=58529"},{"taxonomy":"autor_id","embeddable":true,"href":"https:\/\/wizardly-davinci.82-223-8-23.plesk.page\/en\/wp-json\/wp\/v2\/autor_id?post=58529"},{"taxonomy":"universidades_coeditoras","embeddable":true,"href":"https:\/\/wizardly-davinci.82-223-8-23.plesk.page\/en\/wp-json\/wp\/v2\/universidades_coeditoras?post=58529"},{"taxonomy":"palabras_clave","embeddable":true,"href":"https:\/\/wizardly-davinci.82-223-8-23.plesk.page\/en\/wp-json\/wp\/v2\/palabras_clave?post=58529"},{"taxonomy":"listado_alfabetico","embeddable":true,"href":"https:\/\/wizardly-davinci.82-223-8-23.plesk.page\/en\/wp-json\/wp\/v2\/listado_alfabetico?post=58529"}],"curies":[{"name":"wp","href":"https:\/\/api.w.org\/{rel}","templated":true}]}}