{"id":58549,"date":"2019-04-09T23:00:14","date_gmt":"2019-04-09T21:00:14","guid":{"rendered":"https:\/\/octaedro.com\/libro\/tratado-de-gastronomia-belleza-y-salud\/"},"modified":"2019-04-09T23:00:14","modified_gmt":"2019-04-09T23:00:14","slug":"tratado-de-gastronomia-belleza-y-salud-2","status":"publish","type":"product","link":"https:\/\/wizardly-davinci.82-223-8-23.plesk.page\/en\/producto\/tratado-de-gastronomia-belleza-y-salud-2\/","title":{"rendered":"Tratado de gastronom\u00eda, belleza y salud"},"content":{"rendered":"<p>En este libro se encuentran m\u00e1s de ciento sesenta recetas de cocina, salud y belleza intercaladas en una trama de novela hist\u00f3rica. Adem\u00e1s, personajes y hechos reales se mezclan con los de ficci\u00f3n para acercarnos al fascinante mundo de la Edad Media.<br \/>\n\u00bfQu\u00e9 mejor manera para conocer la historia de un pueblo que adentrarse en sus fogones, costumbres y tradiciones, dejando por una vez de lado las haza\u00f1as de la nobleza.<\/p>\n","protected":false},"excerpt":{"rendered":"<p>En este libro se encuentran m\u00e1s de ciento sesenta recetas de cocina, salud y belleza intercaladas en una trama de novela hist\u00f3rica. Adem\u00e1s, personajes y hechos reales se mezclan con los de ficci\u00f3n para acercarnos al fascinante mundo de la Edad Media.<br \/>\n\u00bfQu\u00e9 mejor manera para conocer la historia de un pueblo que adentrarse en sus fogones, costumbres y tradiciones, dejando por una vez de lado las haza\u00f1as de la nobleza.<\/p>\n","protected":false},"featured_media":58551,"comment_status":"open","ping_status":"closed","template":"","meta":{"_et_pb_use_builder":"","_et_pb_old_content":"","_et_gb_content_width":""},"product_cat":[11858,11859],"product_tag":[11860],"edicion":[11865],"editoriales":[11866],"tienda":[],"autor_id":[14030],"universidades_coeditoras":[],"palabras_clave":[],"listado_alfabetico":[],"acf":[],"_links":{"self":[{"href":"https:\/\/wizardly-davinci.82-223-8-23.plesk.page\/en\/wp-json\/wp\/v2\/product\/58549"}],"collection":[{"href":"https:\/\/wizardly-davinci.82-223-8-23.plesk.page\/en\/wp-json\/wp\/v2\/product"}],"about":[{"href":"https:\/\/wizardly-davinci.82-223-8-23.plesk.page\/en\/wp-json\/wp\/v2\/types\/product"}],"replies":[{"embeddable":true,"href":"https:\/\/wizardly-davinci.82-223-8-23.plesk.page\/en\/wp-json\/wp\/v2\/comments?post=58549"}],"wp:featuredmedia":[{"embeddable":true,"href":"https:\/\/wizardly-davinci.82-223-8-23.plesk.page\/en\/wp-json\/wp\/v2\/media\/58551"}],"wp:attachment":[{"href":"https:\/\/wizardly-davinci.82-223-8-23.plesk.page\/en\/wp-json\/wp\/v2\/media?parent=58549"}],"wp:term":[{"taxonomy":"product_cat","embeddable":true,"href":"https:\/\/wizardly-davinci.82-223-8-23.plesk.page\/en\/wp-json\/wp\/v2\/product_cat?post=58549"},{"taxonomy":"product_tag","embeddable":true,"href":"https:\/\/wizardly-davinci.82-223-8-23.plesk.page\/en\/wp-json\/wp\/v2\/product_tag?post=58549"},{"taxonomy":"edicion","embeddable":true,"href":"https:\/\/wizardly-davinci.82-223-8-23.plesk.page\/en\/wp-json\/wp\/v2\/edicion?post=58549"},{"taxonomy":"editoriales","embeddable":true,"href":"https:\/\/wizardly-davinci.82-223-8-23.plesk.page\/en\/wp-json\/wp\/v2\/editoriales?post=58549"},{"taxonomy":"tienda","embeddable":true,"href":"https:\/\/wizardly-davinci.82-223-8-23.plesk.page\/en\/wp-json\/wp\/v2\/tienda?post=58549"},{"taxonomy":"autor_id","embeddable":true,"href":"https:\/\/wizardly-davinci.82-223-8-23.plesk.page\/en\/wp-json\/wp\/v2\/autor_id?post=58549"},{"taxonomy":"universidades_coeditoras","embeddable":true,"href":"https:\/\/wizardly-davinci.82-223-8-23.plesk.page\/en\/wp-json\/wp\/v2\/universidades_coeditoras?post=58549"},{"taxonomy":"palabras_clave","embeddable":true,"href":"https:\/\/wizardly-davinci.82-223-8-23.plesk.page\/en\/wp-json\/wp\/v2\/palabras_clave?post=58549"},{"taxonomy":"listado_alfabetico","embeddable":true,"href":"https:\/\/wizardly-davinci.82-223-8-23.plesk.page\/en\/wp-json\/wp\/v2\/listado_alfabetico?post=58549"}],"curies":[{"name":"wp","href":"https:\/\/api.w.org\/{rel}","templated":true}]}}