{"id":58550,"date":"2019-04-09T23:00:13","date_gmt":"2019-04-09T21:00:13","guid":{"rendered":"https:\/\/octaedro.com\/libro\/los-tres-anillos-del-sabio\/"},"modified":"2019-04-09T23:00:13","modified_gmt":"2019-04-09T23:00:13","slug":"los-tres-anillos-del-sabio-2","status":"publish","type":"product","link":"https:\/\/wizardly-davinci.82-223-8-23.plesk.page\/en\/producto\/los-tres-anillos-del-sabio-2\/","title":{"rendered":"Los tres anillos del sabio"},"content":{"rendered":"<p>\u00bfC\u00f3mo ignorar la significaci\u00f3n excepcional de Toledo, cuna de las <em>Tres Culturas<\/em> de su no siempre f\u00e1cil pero ineludible convivencia, y centro de la transmisi\u00f3n del saber de la Antig\u00fcedad, a trav\u00e9s de \u00e1rabes y jud\u00edo, hasta el mundo cristiano? \u00bfC\u00f3mo olvidar la cima de la ciencia astron\u00f3mica que suponen Azarquiel y Avempace? \u00bfQu\u00e9 suposo el arrianismo visigodo y el adopcionismo toledanos en la conversi\u00f3n de Hispania en Al-Andalus? \u00bfQu\u00e9 valor tuvo el mudejarismo de Portugal, Toledo, Arag\u00f3n y Valencia en la dram\u00e1tica transici\u00f3n del Islam al cristianismo y qu\u00e9 poso dej\u00f3 en nuestras formas de vida? \u00bfY los jud\u00edos en Lisboa, Toledo, Zaragoza, Tortosa y Mallorca? \u00bfEn qu\u00e9 medida Extremadura representa un microcosmos que lleva de Roma a Am\u00e9rica a trav\u00e9s del Islam? \u00bfCu\u00e1l fue el papel de los piratas berberiscos en el devenir hist\u00f3rico de la Pen\u00ednsula, en especial de sus costas orientales ,y de las Baleares? \u00bfEn qu\u00e9 medida los escritores musulmanes, jud\u00edos y cristianos reflejan toda esa problem\u00e1tica? \u00bfSe podr\u00eda explicar el desarrollo de la poes\u00eda europea posterior sin Ben Gabirol, Ben al-Arab\u00ed y el episodio de Barbastro? \u00bfCu\u00e1l es el verdadero sentido de la literatura morisca? \u00bfQu\u00e9 fue la literatura aljamiada? \u00bfSomos conscientes de que las dos m\u00e1ximas obras de la literatura medieval castellano, el <em>Mio Cid<\/em> y el <em>Libro de buen amor, <\/em> representan un mudejarismo esencial en al cultura espa\u00f1ola?<\/p>\n","protected":false},"excerpt":{"rendered":"<p>\u00bfC\u00f3mo ignorar la significaci\u00f3n excepcional de Toledo, cuna de las <em>Tres Culturas<\/em> de su no siempre f\u00e1cil pero ineludible convivencia, y centro de la transmisi\u00f3n del saber de la Antig\u00fcedad, a trav\u00e9s de \u00e1rabes y jud\u00edo, hasta el mundo cristiano? \u00bfC\u00f3mo olvidar la cima de la ciencia astron\u00f3mica que suponen Azarquiel y Avempace? \u00bfQu\u00e9 suposo el arrianismo visigodo y el adopcionismo toledanos en la conversi\u00f3n de Hispania en Al-Andalus? \u00bfQu\u00e9 valor tuvo el mudejarismo de Portugal, Toledo, Arag\u00f3n y Valencia en la dram\u00e1tica transici\u00f3n del Islam al cristianismo y qu\u00e9 poso dej\u00f3 en nuestras formas de vida? \u00bfY los jud\u00edos en Lisboa, Toledo, Zaragoza, Tortosa y Mallorca? \u00bfEn qu\u00e9 medida Extremadura representa un microcosmos que lleva de Roma a Am\u00e9rica a trav\u00e9s del Islam? \u00bfCu\u00e1l fue el papel de los piratas berberiscos en el devenir hist\u00f3rico de la Pen\u00ednsula, en especial de sus costas orientales ,y de las Baleares? \u00bfEn qu\u00e9 medida los escritores musulmanes, jud\u00edos y cristianos reflejan toda esa problem\u00e1tica? \u00bfSe podr\u00eda explicar el desarrollo de la poes\u00eda europea posterior sin Ben Gabirol, Ben al-Arab\u00ed y el episodio de Barbastro? \u00bfCu\u00e1l es el verdadero sentido de la literatura morisca? \u00bfQu\u00e9 fue la literatura aljamiada? \u00bfSomos conscientes de que las dos m\u00e1ximas obras de la literatura medieval castellano, el <em>Mio Cid<\/em> y el <em>Libro de buen amor, <\/em> representan un mudejarismo esencial en al cultura espa\u00f1ola?<\/p>\n","protected":false},"featured_media":58553,"comment_status":"open","ping_status":"closed","template":"","meta":{"_et_pb_use_builder":"","_et_pb_old_content":"","_et_gb_content_width":""},"product_cat":[11858,11859],"product_tag":[11860],"edicion":[11865],"editoriales":[11866],"tienda":[],"autor_id":[20952,20953],"universidades_coeditoras":[],"palabras_clave":[],"listado_alfabetico":[],"acf":[],"_links":{"self":[{"href":"https:\/\/wizardly-davinci.82-223-8-23.plesk.page\/en\/wp-json\/wp\/v2\/product\/58550"}],"collection":[{"href":"https:\/\/wizardly-davinci.82-223-8-23.plesk.page\/en\/wp-json\/wp\/v2\/product"}],"about":[{"href":"https:\/\/wizardly-davinci.82-223-8-23.plesk.page\/en\/wp-json\/wp\/v2\/types\/product"}],"replies":[{"embeddable":true,"href":"https:\/\/wizardly-davinci.82-223-8-23.plesk.page\/en\/wp-json\/wp\/v2\/comments?post=58550"}],"wp:featuredmedia":[{"embeddable":true,"href":"https:\/\/wizardly-davinci.82-223-8-23.plesk.page\/en\/wp-json\/wp\/v2\/media\/58553"}],"wp:attachment":[{"href":"https:\/\/wizardly-davinci.82-223-8-23.plesk.page\/en\/wp-json\/wp\/v2\/media?parent=58550"}],"wp:term":[{"taxonomy":"product_cat","embeddable":true,"href":"https:\/\/wizardly-davinci.82-223-8-23.plesk.page\/en\/wp-json\/wp\/v2\/product_cat?post=58550"},{"taxonomy":"product_tag","embeddable":true,"href":"https:\/\/wizardly-davinci.82-223-8-23.plesk.page\/en\/wp-json\/wp\/v2\/product_tag?post=58550"},{"taxonomy":"edicion","embeddable":true,"href":"https:\/\/wizardly-davinci.82-223-8-23.plesk.page\/en\/wp-json\/wp\/v2\/edicion?post=58550"},{"taxonomy":"editoriales","embeddable":true,"href":"https:\/\/wizardly-davinci.82-223-8-23.plesk.page\/en\/wp-json\/wp\/v2\/editoriales?post=58550"},{"taxonomy":"tienda","embeddable":true,"href":"https:\/\/wizardly-davinci.82-223-8-23.plesk.page\/en\/wp-json\/wp\/v2\/tienda?post=58550"},{"taxonomy":"autor_id","embeddable":true,"href":"https:\/\/wizardly-davinci.82-223-8-23.plesk.page\/en\/wp-json\/wp\/v2\/autor_id?post=58550"},{"taxonomy":"universidades_coeditoras","embeddable":true,"href":"https:\/\/wizardly-davinci.82-223-8-23.plesk.page\/en\/wp-json\/wp\/v2\/universidades_coeditoras?post=58550"},{"taxonomy":"palabras_clave","embeddable":true,"href":"https:\/\/wizardly-davinci.82-223-8-23.plesk.page\/en\/wp-json\/wp\/v2\/palabras_clave?post=58550"},{"taxonomy":"listado_alfabetico","embeddable":true,"href":"https:\/\/wizardly-davinci.82-223-8-23.plesk.page\/en\/wp-json\/wp\/v2\/listado_alfabetico?post=58550"}],"curies":[{"name":"wp","href":"https:\/\/api.w.org\/{rel}","templated":true}]}}