{"id":58774,"date":"2022-05-04T10:28:49","date_gmt":"2022-05-04T10:28:49","guid":{"rendered":"https:\/\/octaedro.com\/?post_type=product&#038;p=58774"},"modified":"2022-05-09T16:56:40","modified_gmt":"2022-05-09T16:56:40","slug":"realidades-educativas-a-traves-de-la-investigacion-y-la-innovacion","status":"publish","type":"product","link":"https:\/\/wizardly-davinci.82-223-8-23.plesk.page\/en\/producto\/realidades-educativas-a-traves-de-la-investigacion-y-la-innovacion\/","title":{"rendered":"Realidades educativas a trav\u00e9s de la investigaci\u00f3n y la innovaci\u00f3n"},"content":{"rendered":"","protected":false},"excerpt":{"rendered":"<p>En este libro se presentan una serie de trabajos de corte tanto te\u00f3rico como pr\u00e1ctico sobre el papel de la tecnolog\u00eda en las diferentes etapas educativas. Se tratan todos los elementos de la tecnolog\u00eda, las diferentes aplicaciones y herramientas, los materiales y c\u00f3mo abordan todo esto los diferentes miembros de la comunidad educativa, familias, docentes y discentes. De igual modo, se aprecian las ventajas y desventajas que todo esto supone dentro de los procesos de ense\u00f1anza-aprendizaje. Se ponen de manifiesto las implicaciones de la inclusi\u00f3n de todos estos elementos dentro de las aulas, teniendo en cuenta en todo momento las caracter\u00edsticas particulares de los estudiantes, dependiendo de su edad, curso o los objetivos que se pretendan alcanzar. Asimismo, se muestran resultados reales de diferentes experiencias educativas, con ideas sobre el funcionamiento de determinadas aplicaciones o materiales en un contexto determinado, pero que aportan una perspectiva m\u00e1s amplia sobre todo lo anteriormente citado.<\/p>\n<p>La finalidad principal de la compilaci\u00f3n de todos estos trabajos es ofrecer una panor\u00e1mica actual sobre el papel de la tecnolog\u00eda en el \u00e1rea educativa. Actual porque ofrecen t\u00e9rminos, avances y resultados vigentes basados en autores e investigaciones recientes que suponen seguir innovando en la educaci\u00f3n y todo lo relacionado con ella.<\/p>\n","protected":false},"featured_media":58775,"comment_status":"open","ping_status":"closed","template":"","meta":{"_et_pb_use_builder":"","_et_pb_old_content":"","_et_gb_content_width":""},"product_cat":[2606,6673],"product_tag":[2605],"edicion":[1084],"editoriales":[1160],"tienda":[],"autor_id":[10647,10651,10648,10645],"universidades_coeditoras":[7243],"palabras_clave":[],"listado_alfabetico":[],"acf":[],"_links":{"self":[{"href":"https:\/\/wizardly-davinci.82-223-8-23.plesk.page\/en\/wp-json\/wp\/v2\/product\/58774"}],"collection":[{"href":"https:\/\/wizardly-davinci.82-223-8-23.plesk.page\/en\/wp-json\/wp\/v2\/product"}],"about":[{"href":"https:\/\/wizardly-davinci.82-223-8-23.plesk.page\/en\/wp-json\/wp\/v2\/types\/product"}],"replies":[{"embeddable":true,"href":"https:\/\/wizardly-davinci.82-223-8-23.plesk.page\/en\/wp-json\/wp\/v2\/comments?post=58774"}],"wp:featuredmedia":[{"embeddable":true,"href":"https:\/\/wizardly-davinci.82-223-8-23.plesk.page\/en\/wp-json\/wp\/v2\/media\/58775"}],"wp:attachment":[{"href":"https:\/\/wizardly-davinci.82-223-8-23.plesk.page\/en\/wp-json\/wp\/v2\/media?parent=58774"}],"wp:term":[{"taxonomy":"product_cat","embeddable":true,"href":"https:\/\/wizardly-davinci.82-223-8-23.plesk.page\/en\/wp-json\/wp\/v2\/product_cat?post=58774"},{"taxonomy":"product_tag","embeddable":true,"href":"https:\/\/wizardly-davinci.82-223-8-23.plesk.page\/en\/wp-json\/wp\/v2\/product_tag?post=58774"},{"taxonomy":"edicion","embeddable":true,"href":"https:\/\/wizardly-davinci.82-223-8-23.plesk.page\/en\/wp-json\/wp\/v2\/edicion?post=58774"},{"taxonomy":"editoriales","embeddable":true,"href":"https:\/\/wizardly-davinci.82-223-8-23.plesk.page\/en\/wp-json\/wp\/v2\/editoriales?post=58774"},{"taxonomy":"tienda","embeddable":true,"href":"https:\/\/wizardly-davinci.82-223-8-23.plesk.page\/en\/wp-json\/wp\/v2\/tienda?post=58774"},{"taxonomy":"autor_id","embeddable":true,"href":"https:\/\/wizardly-davinci.82-223-8-23.plesk.page\/en\/wp-json\/wp\/v2\/autor_id?post=58774"},{"taxonomy":"universidades_coeditoras","embeddable":true,"href":"https:\/\/wizardly-davinci.82-223-8-23.plesk.page\/en\/wp-json\/wp\/v2\/universidades_coeditoras?post=58774"},{"taxonomy":"palabras_clave","embeddable":true,"href":"https:\/\/wizardly-davinci.82-223-8-23.plesk.page\/en\/wp-json\/wp\/v2\/palabras_clave?post=58774"},{"taxonomy":"listado_alfabetico","embeddable":true,"href":"https:\/\/wizardly-davinci.82-223-8-23.plesk.page\/en\/wp-json\/wp\/v2\/listado_alfabetico?post=58774"}],"curies":[{"name":"wp","href":"https:\/\/api.w.org\/{rel}","templated":true}]}}