{"id":58835,"date":"2022-05-09T18:47:29","date_gmt":"2022-05-09T16:47:29","guid":{"rendered":"https:\/\/octaedro.com\/?post_type=product&#038;p=58835"},"modified":"2022-11-02T11:34:23","modified_gmt":"2022-11-02T10:34:23","slug":"recuperacao-de-patrimonio-musical-popular","status":"publish","type":"product","link":"https:\/\/wizardly-davinci.82-223-8-23.plesk.page\/en\/producto\/recuperacao-de-patrimonio-musical-popular\/","title":{"rendered":"Recupera\u00e7\u00e3o de patrim\u00f3nio musical popular"},"content":{"rendered":"<p>O livro corresponde ao \u00faltimo produto de um Projecto de Investiga\u00e7\u00e3o &amp; Desenvolvimento Baseado na Pr\u00e1tica, com o acr\u00f3nimo AlSusCon (Aldeia Sustent\u00e1vel: Contribui\u00e7\u00e3o para o desenvolvimento local e pessoal de Contige atrav\u00e9s da recupera\u00e7\u00e3o do seu patrim\u00f3nio musical popular). Cont\u00e9m o estudo musicotextual das can\u00e7\u00f5es recolhidas no \u00e2mbito daquele projecto, atrav\u00e9s de um trabalho de investiga\u00e7\u00e3o de natureza qualitativa realizado com habitantes da aldeia de Contige, com recurso a entrevistas e grupo de discuss\u00e3o. O estudo permitiu validar a origem popular, atestada at\u00e9 meados do s\u00e9culo passado, de 29 das can\u00e7\u00f5es recolhidas.<\/p>\n<p>O ponto de partida para a defini\u00e7\u00e3o deste projecto situa-se nos planos da doc\u00eancia e investiga\u00e7\u00e3o no Ensino Superior, envolvendo a Escola Superior de Educa\u00e7\u00e3o do Polit\u00e9cnico de Coimbra, e as Unidades de Investiga\u00e7\u00e3o HUM-672 A.R.E.A. \u2013 An\u00e1lisis de la Realidad EducativA, da Universidade de Granada, I.E.F. \u2013 Instituto de Estudos Filos\u00f3ficos, da Universidade de Coimbra e da Funda\u00e7\u00e3o para a Ci\u00eancia e a Tecnologia, e N.I.E.F.I. \u2013 N\u00facleo de Investiga\u00e7\u00e3o em Educa\u00e7\u00e3o, Forma\u00e7\u00e3o e Interven\u00e7\u00e3o, da Escola Superior de Educa\u00e7\u00e3o do Polit\u00e9cnico de Coimbra e Instituto de Investiga\u00e7\u00e3o Aplicada do Polit\u00e9cnico de Coimbra.<\/p>\n","protected":false},"excerpt":{"rendered":"<p>O livro corresponde ao \u00faltimo produto de um Projecto de Investiga\u00e7\u00e3o &amp; Desenvolvimento Baseado na Pr\u00e1tica, com o acr\u00f3nimo AlSusCon (Aldeia Sustent\u00e1vel: Contribui\u00e7\u00e3o para o desenvolvimento local e pessoal de Contige atrav\u00e9s da recupera\u00e7\u00e3o do seu patrim\u00f3nio musical popular). Cont\u00e9m o estudo musicotextual das can\u00e7\u00f5es recolhidas no \u00e2mbito daquele projecto, atrav\u00e9s de um trabalho de investiga\u00e7\u00e3o de natureza qualitativa realizado com habitantes da aldeia de Contige, com recurso a entrevistas e grupo de discuss\u00e3o. O estudo permitiu validar a origem popular, atestada at\u00e9 meados do s\u00e9culo passado, de 29 das can\u00e7\u00f5es recolhidas.<\/p>\n<p>O ponto de partida para a defini\u00e7\u00e3o deste projecto situa-se nos planos da doc\u00eancia e investiga\u00e7\u00e3o no Ensino Superior, envolvendo a Escola Superior de Educa\u00e7\u00e3o do Polit\u00e9cnico de Coimbra, e as Unidades de Investiga\u00e7\u00e3o HUM-672 A.R.E.A. \u2013 An\u00e1lisis de la Realidad EducativA, da Universidade de Granada, I.E.F. \u2013 Instituto de Estudos Filos\u00f3ficos, da Universidade de Coimbra e da Funda\u00e7\u00e3o para a Ci\u00eancia e a Tecnologia, e N.I.E.F.I. \u2013 N\u00facleo de Investiga\u00e7\u00e3o em Educa\u00e7\u00e3o, Forma\u00e7\u00e3o e Interven\u00e7\u00e3o, da Escola Superior de Educa\u00e7\u00e3o do Polit\u00e9cnico de Coimbra e Instituto de Investiga\u00e7\u00e3o Aplicada do Polit\u00e9cnico de Coimbra.<\/p>\n","protected":false},"featured_media":58836,"comment_status":"open","ping_status":"closed","template":"","meta":{"_et_pb_use_builder":"","_et_pb_old_content":"","_et_gb_content_width":""},"product_cat":[2606,6673],"product_tag":[2605],"edicion":[1084],"editoriales":[1160],"tienda":[],"autor_id":[11102,11100],"universidades_coeditoras":[],"palabras_clave":[],"listado_alfabetico":[],"acf":[],"_links":{"self":[{"href":"https:\/\/wizardly-davinci.82-223-8-23.plesk.page\/en\/wp-json\/wp\/v2\/product\/58835"}],"collection":[{"href":"https:\/\/wizardly-davinci.82-223-8-23.plesk.page\/en\/wp-json\/wp\/v2\/product"}],"about":[{"href":"https:\/\/wizardly-davinci.82-223-8-23.plesk.page\/en\/wp-json\/wp\/v2\/types\/product"}],"replies":[{"embeddable":true,"href":"https:\/\/wizardly-davinci.82-223-8-23.plesk.page\/en\/wp-json\/wp\/v2\/comments?post=58835"}],"wp:featuredmedia":[{"embeddable":true,"href":"https:\/\/wizardly-davinci.82-223-8-23.plesk.page\/en\/wp-json\/wp\/v2\/media\/58836"}],"wp:attachment":[{"href":"https:\/\/wizardly-davinci.82-223-8-23.plesk.page\/en\/wp-json\/wp\/v2\/media?parent=58835"}],"wp:term":[{"taxonomy":"product_cat","embeddable":true,"href":"https:\/\/wizardly-davinci.82-223-8-23.plesk.page\/en\/wp-json\/wp\/v2\/product_cat?post=58835"},{"taxonomy":"product_tag","embeddable":true,"href":"https:\/\/wizardly-davinci.82-223-8-23.plesk.page\/en\/wp-json\/wp\/v2\/product_tag?post=58835"},{"taxonomy":"edicion","embeddable":true,"href":"https:\/\/wizardly-davinci.82-223-8-23.plesk.page\/en\/wp-json\/wp\/v2\/edicion?post=58835"},{"taxonomy":"editoriales","embeddable":true,"href":"https:\/\/wizardly-davinci.82-223-8-23.plesk.page\/en\/wp-json\/wp\/v2\/editoriales?post=58835"},{"taxonomy":"tienda","embeddable":true,"href":"https:\/\/wizardly-davinci.82-223-8-23.plesk.page\/en\/wp-json\/wp\/v2\/tienda?post=58835"},{"taxonomy":"autor_id","embeddable":true,"href":"https:\/\/wizardly-davinci.82-223-8-23.plesk.page\/en\/wp-json\/wp\/v2\/autor_id?post=58835"},{"taxonomy":"universidades_coeditoras","embeddable":true,"href":"https:\/\/wizardly-davinci.82-223-8-23.plesk.page\/en\/wp-json\/wp\/v2\/universidades_coeditoras?post=58835"},{"taxonomy":"palabras_clave","embeddable":true,"href":"https:\/\/wizardly-davinci.82-223-8-23.plesk.page\/en\/wp-json\/wp\/v2\/palabras_clave?post=58835"},{"taxonomy":"listado_alfabetico","embeddable":true,"href":"https:\/\/wizardly-davinci.82-223-8-23.plesk.page\/en\/wp-json\/wp\/v2\/listado_alfabetico?post=58835"}],"curies":[{"name":"wp","href":"https:\/\/api.w.org\/{rel}","templated":true}]}}