{"id":59018,"date":"2022-07-09T18:48:36","date_gmt":"2022-07-09T16:48:36","guid":{"rendered":"https:\/\/octaedro.com\/?post_type=product&#038;p=59018"},"modified":"2023-03-08T17:11:31","modified_gmt":"2023-03-08T16:11:31","slug":"una-no-guia-del-juego","status":"publish","type":"product","link":"https:\/\/wizardly-davinci.82-223-8-23.plesk.page\/en\/producto\/una-no-guia-del-juego\/","title":{"rendered":"Una no-gu\u00eda del juego"},"content":{"rendered":"<p>Hoy en d\u00eda a nadie le sorprende o\u00edr que la actividad del juego es muy importante para el desarrollo del ni\u00f1o en todos los \u00f3rdenes: motor, social, cognitivo, afectivo, etc. Sin embargo, es poco conocido que el juego tiene un vector terap\u00e9utico. Es decir, que al ni\u00f1o le sirve como herramienta para superar traumas que han acontecido en su vida.<\/p>\n<p>Los psicomotricistas nos dedicamos a escuchar esos traumas que nos cuentan los ni\u00f1os a trav\u00e9s de su juego. Un juego que es una forma de expresi\u00f3n inconsciente y, a veces, dif\u00edcil de interpretar. Pues, si bien es cierto que hay muchos juegos universales cuyo significado nos resulta m\u00e1s o menos claro y f\u00e1cil de clasificar, tambi\u00e9n lo es que la historia de cada individuo, con sus acontecimientos y dificultades particulares, es \u00fanica e irrepetible. Y, por lo tanto, requiere de una interpretaci\u00f3n de su significado igualmente \u00fanica.<\/p>\n<p>En este libro trato, en primer lugar, de definir qu\u00e9 es lo que entendemos nosotros por juego. Seguidamente, a trav\u00e9s de la clasificaci\u00f3n de unos tipos de juego que consideramos m\u00e1s o menos universales, describo muchos ejemplos concretos e individuales y propongo una interpretaci\u00f3n espec\u00edfica para cada caso.<\/p>\n<p>De esta manera, pretendo la difusi\u00f3n de una mejor comprensi\u00f3n del fen\u00f3meno del juego, al tiempo que reconozco la imposible existencia de un manual que permita cualquier interpretaci\u00f3n que no pase por la investigaci\u00f3n exhaustiva de cada caso particular. Vamos, una aut\u00e9ntica no-gu\u00eda del juego.<\/p>\n","protected":false},"excerpt":{"rendered":"<p>Hoy en d\u00eda a nadie le sorprende o\u00edr que la actividad del juego es muy importante para el desarrollo del ni\u00f1o en todos los \u00f3rdenes: motor, social, cognitivo, afectivo, etc. Sin embargo, es poco conocido que el juego tiene un vector terap\u00e9utico. Es decir, que al ni\u00f1o le sirve como herramienta para superar traumas que han acontecido en su vida.<\/p>\n<p>Los psicomotricistas nos dedicamos a escuchar esos traumas que nos cuentan los ni\u00f1os a trav\u00e9s de su juego. Un juego que es una forma de expresi\u00f3n inconsciente y, a veces, dif\u00edcil de interpretar. Pues, si bien es cierto que hay muchos juegos universales cuyo significado nos resulta m\u00e1s o menos claro y f\u00e1cil de clasificar, tambi\u00e9n lo es que la historia de cada individuo, con sus acontecimientos y dificultades particulares, es \u00fanica e irrepetible. Y, por lo tanto, requiere de una interpretaci\u00f3n de su significado igualmente \u00fanica.<\/p>\n<p>En este libro trato, en primer lugar, de definir qu\u00e9 es lo que entendemos nosotros por juego. Seguidamente, a trav\u00e9s de la clasificaci\u00f3n de unos tipos de juego que consideramos m\u00e1s o menos universales, describo muchos ejemplos concretos e individuales y propongo una interpretaci\u00f3n espec\u00edfica para cada caso.<\/p>\n<p>De esta manera, pretendo la difusi\u00f3n de una mejor comprensi\u00f3n del fen\u00f3meno del juego, al tiempo que reconozco la imposible existencia de un manual que permita cualquier interpretaci\u00f3n que no pase por la investigaci\u00f3n exhaustiva de cada caso particular. Vamos, una aut\u00e9ntica no-gu\u00eda del juego.<\/p>\n","protected":false},"featured_media":59021,"comment_status":"open","ping_status":"closed","template":"","meta":{"_et_pb_use_builder":"","_et_pb_old_content":"","_et_gb_content_width":""},"product_cat":[1512,6674,6675,9825],"product_tag":[2608],"edicion":[1085,1083],"editoriales":[1160],"tienda":[],"autor_id":[5056],"universidades_coeditoras":[],"palabras_clave":[],"listado_alfabetico":[],"acf":[],"_links":{"self":[{"href":"https:\/\/wizardly-davinci.82-223-8-23.plesk.page\/en\/wp-json\/wp\/v2\/product\/59018"}],"collection":[{"href":"https:\/\/wizardly-davinci.82-223-8-23.plesk.page\/en\/wp-json\/wp\/v2\/product"}],"about":[{"href":"https:\/\/wizardly-davinci.82-223-8-23.plesk.page\/en\/wp-json\/wp\/v2\/types\/product"}],"replies":[{"embeddable":true,"href":"https:\/\/wizardly-davinci.82-223-8-23.plesk.page\/en\/wp-json\/wp\/v2\/comments?post=59018"}],"wp:featuredmedia":[{"embeddable":true,"href":"https:\/\/wizardly-davinci.82-223-8-23.plesk.page\/en\/wp-json\/wp\/v2\/media\/59021"}],"wp:attachment":[{"href":"https:\/\/wizardly-davinci.82-223-8-23.plesk.page\/en\/wp-json\/wp\/v2\/media?parent=59018"}],"wp:term":[{"taxonomy":"product_cat","embeddable":true,"href":"https:\/\/wizardly-davinci.82-223-8-23.plesk.page\/en\/wp-json\/wp\/v2\/product_cat?post=59018"},{"taxonomy":"product_tag","embeddable":true,"href":"https:\/\/wizardly-davinci.82-223-8-23.plesk.page\/en\/wp-json\/wp\/v2\/product_tag?post=59018"},{"taxonomy":"edicion","embeddable":true,"href":"https:\/\/wizardly-davinci.82-223-8-23.plesk.page\/en\/wp-json\/wp\/v2\/edicion?post=59018"},{"taxonomy":"editoriales","embeddable":true,"href":"https:\/\/wizardly-davinci.82-223-8-23.plesk.page\/en\/wp-json\/wp\/v2\/editoriales?post=59018"},{"taxonomy":"tienda","embeddable":true,"href":"https:\/\/wizardly-davinci.82-223-8-23.plesk.page\/en\/wp-json\/wp\/v2\/tienda?post=59018"},{"taxonomy":"autor_id","embeddable":true,"href":"https:\/\/wizardly-davinci.82-223-8-23.plesk.page\/en\/wp-json\/wp\/v2\/autor_id?post=59018"},{"taxonomy":"universidades_coeditoras","embeddable":true,"href":"https:\/\/wizardly-davinci.82-223-8-23.plesk.page\/en\/wp-json\/wp\/v2\/universidades_coeditoras?post=59018"},{"taxonomy":"palabras_clave","embeddable":true,"href":"https:\/\/wizardly-davinci.82-223-8-23.plesk.page\/en\/wp-json\/wp\/v2\/palabras_clave?post=59018"},{"taxonomy":"listado_alfabetico","embeddable":true,"href":"https:\/\/wizardly-davinci.82-223-8-23.plesk.page\/en\/wp-json\/wp\/v2\/listado_alfabetico?post=59018"}],"curies":[{"name":"wp","href":"https:\/\/api.w.org\/{rel}","templated":true}]}}