{"id":59361,"date":"2019-05-01T15:00:49","date_gmt":"2019-05-01T13:00:49","guid":{"rendered":"https:\/\/octaedro.com\/?post_type=product&#038;p=59361"},"modified":"2022-07-22T16:10:12","modified_gmt":"2022-07-22T14:10:12","slug":"mi-embarazo-y-mi-parto-son-mios","status":"publish","type":"product","link":"https:\/\/wizardly-davinci.82-223-8-23.plesk.page\/en\/producto\/mi-embarazo-y-mi-parto-son-mios\/","title":{"rendered":"Mi embarazo y mi parto son m\u00edos"},"content":{"rendered":"<p><strong>Por fin, una gu\u00eda pr\u00e1ctica de derechos<\/strong><\/p>\n<p>Mi embarazo y parto son m\u00edos, de\u00a0<a href=\"http:\/\/martabusquetsgallego.com\/\">Marta Busquets Gallego<\/a>, es una gu\u00eda de derechos para las embarazadas que explica de manera amena y divulgativa nuestros derechos en relaci\u00f3n al embarazo y el parto desde una perspectiva te\u00f3rica y pr\u00e1ctica, con el objetivo de que todos los embarazos y partos, al margen de sus circunstancias concretas, puedan ser respetados y empoderadores. Un libro que cubre un vac\u00edo ya que en lugar de abordar el embarazo y el parto desde un punto de vista m\u00e9dico, o vivencial, se centra especificamente sobre nuestros derechos y opciones.<\/p>\n<p><strong>Legislaci\u00f3n y casos pr\u00e1cticos<\/strong><\/p>\n<p>La autora traza una gu\u00eda fruto de sus conocimientos de asesorar muchas personas que emprenden el camino del embarazo\/parto y se encuentran con situaciones que no saben como resolver. Algunos de los derechos que aborda: derecho a la informaci\u00f3n y al consentimiento informado y no informado, derecho a segunda opini\u00f3n, de confidencialidad, al acompa\u00f1amiento, a elegir c\u00f3mo hacer el seguimiento del embarazo y seguir. Qu\u00e9 dicen las leyes y reglamentos al respecto? C\u00f3mo hago respetar mis derechos? Adem\u00e1s,<br \/>\nMi embarazo y parto son m\u00edos combina la explicaci\u00f3n de derechos con situaciones pr\u00e1cticas de Violencia Obst\u00e9trica vividas por diferentes testimonios.El libro no olvida los derechos de las beb\u00e9s, as\u00ed como los derechos en los casos de interrupciones de embarazo. Adem\u00e1s, incluye un modelo plan de parto para que todas las mujeres puedan usarlo.<\/p>\n<p>Su autora,<a href=\"https:\/\/pol-len.cat\/autoria\/marta-busquets-gallego\/\"><strong>\u00a0Marta Busquets Gallego<\/strong><\/a>\u00a0adem\u00e1s de ser madre de dos criaturas conjuga Derecho y Salud desde una perspectiva de g\u00e9nero: es licenciada y m\u00e1ster en Derecho, y m\u00e1ster en Mujeres, G\u00e9nero y Ciudadan\u00eda. Desde 2014 colabora con Dona Llum Associaci\u00f3 Catalana per un Part Respectat a nivel activista donde entre otras muchas tareas ofrezce asesoramiento legal. Desde 2017 es la presidenta de la asociaci\u00f3n. Adem\u00e1s participa en la Xarxa de Dones per la Salut, forma parte del Grupo de Coordinaci\u00f3n Permanente del Observatori d\u2019Igualtat de G\u00e8nere de Catalunya (Institut Catal\u00e0 de les Dones) representando al Consell Nacional de Dones y es co-coordinadora del Grupo de Trabajo de Salud del Consell Nacional de Dones.<\/p>\n<p><strong>Ecoeditada<\/strong><\/p>\n<p>La gu\u00eda est\u00e1 coeditada, es decir, ha sido pensada, dise\u00f1ada y publicada con criterios de protecci\u00f3n al medio ambiente. Pol\u00b7len edicions sccl incluye una mochila ecol\u00f3gica al final del libro para comunicar c\u00f3mo ha reducido el impacto ambiental del libro.<\/p>\n","protected":false},"excerpt":{"rendered":"<p><strong>Mi embarazo y parto son m\u00edos<br \/>\nPor fin, una gu\u00eda pr\u00e1ctica de derechos<\/strong><\/p>\n<p>Mi embarazo y parto son m\u00edos, de <strong>Marta Busquets Gallego<\/strong>, es una gu\u00eda de derechos para las embarazadas que explica de manera amena y divulgativa nuestros derechos en relaci\u00f3n al embarazo y el parto desde una perspectiva te\u00f3rica y pr\u00e1ctica, con el objetivo de que todos los embarazos y partos, al margen de sus circunstancias concretas, puedan ser respetados y empoderadores. Un libro que cubre un vac\u00edo ya que en lugar de abordar el embarazo y el parto desde un punto de vista m\u00e9dico, o vivencial, se centra especificamente sobre nuestros derechos y opciones.<\/p>\n<p><strong>Legislaci\u00f3n y casos pr\u00e1cticos<\/strong><\/p>\n<p>La autora traza una gu\u00eda fruto de sus conocimientos de asesorar muchas personas que emprenden el camino del embarazo\/parto y se encuentran con situaciones que no saben como resolver. Algunos de los derechos que aborda: derecho a la informaci\u00f3n y al consentimiento informado y no informado, derecho a segunda opini\u00f3n, de confidencialidad, al acompa\u00f1amiento, a elegir c\u00f3mo hacer el seguimiento del embarazo y seguir. Qu\u00e9 dicen las leyes y reglamentos al respecto? C\u00f3mo hago respetar mis derechos? Adem\u00e1s,<br \/>\nMi embarazo y parto son m\u00edos combina la explicaci\u00f3n de derechos con situaciones pr\u00e1cticas de Violencia Obst\u00e9trica vividas por diferentes testimonios.El libro no olvida los derechos de las beb\u00e9s, as\u00ed como los derechos en los casos de interrupciones de embarazo. Adem\u00e1s, incluye un modelo plan de parto para que todas las mujeres puedan usarlo.<\/p>\n<p>Su autora, <strong>Marta Busquets Gallego<\/strong> adem\u00e1s de ser madre de dos criaturas conjuga Derecho y Salud desde una perspectiva de g\u00e9nero: es licenciada y m\u00e1ster en Derecho, y m\u00e1ster en Mujeres, G\u00e9nero y Ciudadan\u00eda. Desde 2014 colabora con Dona Llum Associaci\u00f3 Catalana per un Part Respectat a nivel activista donde entre otras muchas tareas ofrezce asesoramiento legal. Desde 2017 es la presidenta de la asociaci\u00f3n. Adem\u00e1s participa en la Xarxa de Dones per la Salut, forma parte del Grupo de Coordinaci\u00f3n Permanente del Observatori d\u2019Igualtat de G\u00e8nere de Catalunya (Institut Catal\u00e0 de les Dones) representando al Consell Nacional de Dones y es co-coordinadora del Grupo de Trabajo de Salud del Consell Nacional de Dones.<\/p>\n<p><strong>Ecoeditada<\/strong><\/p>\n<p>La gu\u00eda est\u00e1 coeditada, es decir, ha sido pensada, dise\u00f1ada y publicada con criterios de protecci\u00f3n al medio ambiente. Pol\u00b7len edicions sccl incluye una mochila ecol\u00f3gica al final del libro para comunicar c\u00f3mo ha reducido el impacto ambiental del libro.<\/p>\n","protected":false},"featured_media":59364,"comment_status":"open","ping_status":"closed","template":"","meta":{"_et_pb_use_builder":"","_et_pb_old_content":"","_et_gb_content_width":""},"product_cat":[2614,6675],"product_tag":[2602],"edicion":[1083],"editoriales":[1162],"tienda":[],"autor_id":[21726],"universidades_coeditoras":[],"palabras_clave":[],"listado_alfabetico":[],"acf":[],"_links":{"self":[{"href":"https:\/\/wizardly-davinci.82-223-8-23.plesk.page\/en\/wp-json\/wp\/v2\/product\/59361"}],"collection":[{"href":"https:\/\/wizardly-davinci.82-223-8-23.plesk.page\/en\/wp-json\/wp\/v2\/product"}],"about":[{"href":"https:\/\/wizardly-davinci.82-223-8-23.plesk.page\/en\/wp-json\/wp\/v2\/types\/product"}],"replies":[{"embeddable":true,"href":"https:\/\/wizardly-davinci.82-223-8-23.plesk.page\/en\/wp-json\/wp\/v2\/comments?post=59361"}],"wp:featuredmedia":[{"embeddable":true,"href":"https:\/\/wizardly-davinci.82-223-8-23.plesk.page\/en\/wp-json\/wp\/v2\/media\/59364"}],"wp:attachment":[{"href":"https:\/\/wizardly-davinci.82-223-8-23.plesk.page\/en\/wp-json\/wp\/v2\/media?parent=59361"}],"wp:term":[{"taxonomy":"product_cat","embeddable":true,"href":"https:\/\/wizardly-davinci.82-223-8-23.plesk.page\/en\/wp-json\/wp\/v2\/product_cat?post=59361"},{"taxonomy":"product_tag","embeddable":true,"href":"https:\/\/wizardly-davinci.82-223-8-23.plesk.page\/en\/wp-json\/wp\/v2\/product_tag?post=59361"},{"taxonomy":"edicion","embeddable":true,"href":"https:\/\/wizardly-davinci.82-223-8-23.plesk.page\/en\/wp-json\/wp\/v2\/edicion?post=59361"},{"taxonomy":"editoriales","embeddable":true,"href":"https:\/\/wizardly-davinci.82-223-8-23.plesk.page\/en\/wp-json\/wp\/v2\/editoriales?post=59361"},{"taxonomy":"tienda","embeddable":true,"href":"https:\/\/wizardly-davinci.82-223-8-23.plesk.page\/en\/wp-json\/wp\/v2\/tienda?post=59361"},{"taxonomy":"autor_id","embeddable":true,"href":"https:\/\/wizardly-davinci.82-223-8-23.plesk.page\/en\/wp-json\/wp\/v2\/autor_id?post=59361"},{"taxonomy":"universidades_coeditoras","embeddable":true,"href":"https:\/\/wizardly-davinci.82-223-8-23.plesk.page\/en\/wp-json\/wp\/v2\/universidades_coeditoras?post=59361"},{"taxonomy":"palabras_clave","embeddable":true,"href":"https:\/\/wizardly-davinci.82-223-8-23.plesk.page\/en\/wp-json\/wp\/v2\/palabras_clave?post=59361"},{"taxonomy":"listado_alfabetico","embeddable":true,"href":"https:\/\/wizardly-davinci.82-223-8-23.plesk.page\/en\/wp-json\/wp\/v2\/listado_alfabetico?post=59361"}],"curies":[{"name":"wp","href":"https:\/\/api.w.org\/{rel}","templated":true}]}}