{"id":59368,"date":"2021-07-01T15:21:02","date_gmt":"2021-07-01T15:21:02","guid":{"rendered":"https:\/\/octaedro.com\/?post_type=product&#038;p=59368"},"modified":"2022-06-07T11:57:02","modified_gmt":"2022-06-07T11:57:02","slug":"nos-sobran-las-ideas","status":"publish","type":"product","link":"https:\/\/wizardly-davinci.82-223-8-23.plesk.page\/en\/producto\/nos-sobran-las-ideas\/","title":{"rendered":"Nos sobran las ideas"},"content":{"rendered":"<p><em><strong>Nos sobran las ideas. Propuestario para una transici\u00f3n ecosocial<\/strong><\/em>\u00a0es un viaje por el saber colectivo que se ha propuesto vivir una vida buena y digna dentro de los l\u00edmites y m\u00e1s all\u00e1 del saqueo. Pero se puede imaginar algo as\u00ed en el horizonte de la extinci\u00f3n? En realidad, responde Bifo, no hay otra forma de salir de esta que \u00abseguir imaginando ternura, imaginando erotismo, imaginando aventura\u00bb. Disponemos de lo necesario para ello. Las mil y una maneras de poner la vida en el centro han sido so\u00f1adas, debatidas, practicadas, pulidas. Algunas solo tenemos que recuperarlas, otras se limitan a dejar de hacer algo; no pocas est\u00e1n ya en marcha y otras siguen pareciendo pol\u00edtica-ficci\u00f3n, bloqueadas por poderosos intereses. Pero all\u00ed est\u00e1n, sobre la mesa de esta d\u00e9cada crucial.<\/p>\n<p><a href=\"https:\/\/www.rtve.es\/play\/audios\/en-directe-a-radio-4\/llibres-per-transicio-eco-social\/5886549\/\">Entrevista a Arnau Montserrat en Radio 4<\/a>, Vida Verda.<\/p>\n<p>Y aunque cambiar de rumbo va a ser cualquier cosa menos f\u00e1cil; todo es posible cuando seguir igual ya no lo es.S\u00f3lo una sociedad no regulada por las leyes del capital puede parar (porque ya se ha producido bastante), repartir la riqueza, hacer un uso social de un invento t\u00e9cnico, rechazar las guerras, hacer bien las cosas, convertir el paro en descanso o ritualizar el viaje de un virus como un momento de detenci\u00f3n radical. El libro est\u00e1 tejido por\u00a0<a href=\"http:\/\/arnau%20montserrat\/\"><strong>Arnau Montserrat<\/strong><\/a>, que se nutre, en varios sentidos, de la Vall de Can Masdeu, territorio ecosocial sostenido por la comunidad y encajado entre Nou Barris y la sierra de Collserola.\u00a0<em><strong>Nos sobran las ideas<\/strong><\/em>\u00a0incluye una serie de preciosas y reflexivas ilustraciones de\u00a0<a href=\"https:\/\/pol-len.cat\/autoria\/miguel-brieva\/\">Miguel Brieva<\/a>, que ilustran el propuestario en todo su esplendor.<\/p>\n","protected":false},"excerpt":{"rendered":"<p><strong>Nos sobran las ideas. Propuestario para una transici\u00f3n ecosocial<\/strong> es un viaje por el saber colectivo que se ha propuesto vivir una vida buena y digna dentro de los l\u00edmites y m\u00e1s all\u00e1 del saqueo. Pero se puede imaginar algo as\u00ed en el horizonte de la extinci\u00f3n? En realidad, responde Bifo, no hay otra forma de salir de esta que <em>\u00abseguir imaginando ternura, imaginando erotismo, imaginando aventura\u00bb<\/em>. Disponemos de lo necesario para ello. Las mil y una maneras de poner la vida en el centro han sido so\u00f1adas, debatidas, practicadas, pulidas. Algunas solo tenemos que recuperarlas, otras se limitan a dejar de hacer algo; no pocas est\u00e1n ya en marcha y otras siguen pareciendo pol\u00edtica-ficci\u00f3n, bloqueadas por poderosos intereses. Pero all\u00ed est\u00e1n, sobre la mesa de esta d\u00e9cada crucial.<\/p>\n<p>Entrevista a <strong>Arnau Montserrat<\/strong> en Radio 4, Vida Verda.<\/p>\n<p>Y aunque cambiar de rumbo va a ser cualquier cosa menos f\u00e1cil; todo es posible cuando seguir igual ya no lo es.S\u00f3lo una sociedad no regulada por las leyes del capital puede parar (porque ya se ha producido bastante), repartir la riqueza, hacer un uso social de un invento t\u00e9cnico, rechazar las guerras, hacer bien las cosas, convertir el paro en descanso o ritualizar el viaje de un virus como un momento de detenci\u00f3n radical. El libro est\u00e1 tejido por <strong>Arnau Montserrat<\/strong>, que se nutre, en varios sentidos, de la Vall de Can Masdeu, territorio ecosocial sostenido por la comunidad y encajado entre Nou Barris y la sierra de Collserola. Nos sobran las ideas incluye una serie de preciosas y reflexivas ilustraciones de <strong>Miguel Brieva<\/strong>, que ilustran el propuestario en todo su esplendor.<\/p>\n","protected":false},"featured_media":59376,"comment_status":"open","ping_status":"closed","template":"","meta":{"_et_pb_use_builder":"","_et_pb_old_content":"","_et_gb_content_width":""},"product_cat":[2614,6675],"product_tag":[2602],"edicion":[1083],"editoriales":[1162],"tienda":[],"autor_id":[21731],"universidades_coeditoras":[],"palabras_clave":[],"listado_alfabetico":[],"acf":[],"_links":{"self":[{"href":"https:\/\/wizardly-davinci.82-223-8-23.plesk.page\/en\/wp-json\/wp\/v2\/product\/59368"}],"collection":[{"href":"https:\/\/wizardly-davinci.82-223-8-23.plesk.page\/en\/wp-json\/wp\/v2\/product"}],"about":[{"href":"https:\/\/wizardly-davinci.82-223-8-23.plesk.page\/en\/wp-json\/wp\/v2\/types\/product"}],"replies":[{"embeddable":true,"href":"https:\/\/wizardly-davinci.82-223-8-23.plesk.page\/en\/wp-json\/wp\/v2\/comments?post=59368"}],"wp:featuredmedia":[{"embeddable":true,"href":"https:\/\/wizardly-davinci.82-223-8-23.plesk.page\/en\/wp-json\/wp\/v2\/media\/59376"}],"wp:attachment":[{"href":"https:\/\/wizardly-davinci.82-223-8-23.plesk.page\/en\/wp-json\/wp\/v2\/media?parent=59368"}],"wp:term":[{"taxonomy":"product_cat","embeddable":true,"href":"https:\/\/wizardly-davinci.82-223-8-23.plesk.page\/en\/wp-json\/wp\/v2\/product_cat?post=59368"},{"taxonomy":"product_tag","embeddable":true,"href":"https:\/\/wizardly-davinci.82-223-8-23.plesk.page\/en\/wp-json\/wp\/v2\/product_tag?post=59368"},{"taxonomy":"edicion","embeddable":true,"href":"https:\/\/wizardly-davinci.82-223-8-23.plesk.page\/en\/wp-json\/wp\/v2\/edicion?post=59368"},{"taxonomy":"editoriales","embeddable":true,"href":"https:\/\/wizardly-davinci.82-223-8-23.plesk.page\/en\/wp-json\/wp\/v2\/editoriales?post=59368"},{"taxonomy":"tienda","embeddable":true,"href":"https:\/\/wizardly-davinci.82-223-8-23.plesk.page\/en\/wp-json\/wp\/v2\/tienda?post=59368"},{"taxonomy":"autor_id","embeddable":true,"href":"https:\/\/wizardly-davinci.82-223-8-23.plesk.page\/en\/wp-json\/wp\/v2\/autor_id?post=59368"},{"taxonomy":"universidades_coeditoras","embeddable":true,"href":"https:\/\/wizardly-davinci.82-223-8-23.plesk.page\/en\/wp-json\/wp\/v2\/universidades_coeditoras?post=59368"},{"taxonomy":"palabras_clave","embeddable":true,"href":"https:\/\/wizardly-davinci.82-223-8-23.plesk.page\/en\/wp-json\/wp\/v2\/palabras_clave?post=59368"},{"taxonomy":"listado_alfabetico","embeddable":true,"href":"https:\/\/wizardly-davinci.82-223-8-23.plesk.page\/en\/wp-json\/wp\/v2\/listado_alfabetico?post=59368"}],"curies":[{"name":"wp","href":"https:\/\/api.w.org\/{rel}","templated":true}]}}