{"id":59436,"date":"2016-09-01T11:48:59","date_gmt":"2016-09-01T11:48:59","guid":{"rendered":"https:\/\/octaedro.com\/?post_type=product&#038;p=59436"},"modified":"2022-06-07T11:58:26","modified_gmt":"2022-06-07T11:58:26","slug":"residu-zero-a-casa","status":"publish","type":"product","link":"https:\/\/wizardly-davinci.82-223-8-23.plesk.page\/en\/producto\/residu-zero-a-casa\/","title":{"rendered":"Residu zero a casa"},"content":{"rendered":"<p><em>Residu Zero a casa. Guia dom\u00e8stica per a simplificar la nostra vida,\u00a0<\/em>de\u00a0<a href=\"https:\/\/pol-len.cat\/autoria\/bea-johnson\/\">Bea Johnson<\/a>, \u00e9s un llibre original, creatiu i aplicable, des de la senzillesa, per\u00f2 alhora des de la determinaci\u00f3, en el nostre dia a dia. L\u2019estructuraci\u00f3 hegem\u00f2nica del consum ve acompanyada de la generaci\u00f3 de residus que en la majoria dels casos s\u00f3n evitables, i a la vegada prescindibles. \u00c9s dif\u00edcil evitar-los? \u00c9s dif\u00edcil prescindir-ne? Residu Zero a casa ens facilita eines, idees i h\u00e0bits per a evitar i prescindir dels residus a les nostres llars. A casa, cap residu! Apliquem la primera de les cinc erres del reciclatge: la reducci\u00f3.<\/p>\n<p>Bea Johnson: \u201cDes que vaig embarcar-me en l\u2019estil de vida del Residu Zero, la meva vida i la de la meva fam\u00edlia ha canviat cap a millor. Som feli\u00e7os i sentim que portem una vida m\u00e9s significativa sobre la base d\u2019experi\u00e8ncies en lloc de coses. Ara, el meu objectiu \u00e9s compartir aquests benefi cis incre\u00efbles de salut, financers i d\u2019estalvi de temps.\u201d<\/p>\n","protected":false},"excerpt":{"rendered":"<p>Residu Zero a casa. Guia dom\u00e8stica per a simplificar la nostra vida, de Bea Johnson, \u00e9s un llibre original, creatiu i aplicable, des de la senzillesa, per\u00f2 alhora des de la determinaci\u00f3, en el nostre dia a dia. L\u2019estructuraci\u00f3 hegem\u00f2nica del consum ve acompanyada de la generaci\u00f3 de residus que en la majoria dels casos s\u00f3n evitables, i a la vegada prescindibles. \u00c9s dif\u00edcil evitar-los? \u00c9s dif\u00edcil prescindir-ne? Residu Zero a casa ens facilita eines, idees i h\u00e0bits per a evitar i prescindir dels residus a les nostres llars. A casa, cap residu! Apliquem la primera de les cinc erres del reciclatge: la reducci\u00f3.<\/p>\n<p>Bea Johnson: \u201cDes que vaig embarcar-me en l\u2019estil de vida del Residu Zero, la meva vida i la de la meva fam\u00edlia ha canviat cap a millor. Som feli\u00e7os i sentim que portem una vida m\u00e9s significativa sobre la base d\u2019experi\u00e8ncies en lloc de coses. Ara, el meu objectiu \u00e9s compartir aquests benefi cis incre\u00efbles de salut, financers i d\u2019estalvi de temps.\u201d<\/p>\n","protected":false},"featured_media":59437,"comment_status":"open","ping_status":"closed","template":"","meta":{"_et_pb_use_builder":"","_et_pb_old_content":"","_et_gb_content_width":""},"product_cat":[2614,6675],"product_tag":[2602],"edicion":[1083],"editoriales":[1162],"tienda":[],"autor_id":[21707],"universidades_coeditoras":[],"palabras_clave":[],"listado_alfabetico":[],"acf":[],"_links":{"self":[{"href":"https:\/\/wizardly-davinci.82-223-8-23.plesk.page\/en\/wp-json\/wp\/v2\/product\/59436"}],"collection":[{"href":"https:\/\/wizardly-davinci.82-223-8-23.plesk.page\/en\/wp-json\/wp\/v2\/product"}],"about":[{"href":"https:\/\/wizardly-davinci.82-223-8-23.plesk.page\/en\/wp-json\/wp\/v2\/types\/product"}],"replies":[{"embeddable":true,"href":"https:\/\/wizardly-davinci.82-223-8-23.plesk.page\/en\/wp-json\/wp\/v2\/comments?post=59436"}],"wp:featuredmedia":[{"embeddable":true,"href":"https:\/\/wizardly-davinci.82-223-8-23.plesk.page\/en\/wp-json\/wp\/v2\/media\/59437"}],"wp:attachment":[{"href":"https:\/\/wizardly-davinci.82-223-8-23.plesk.page\/en\/wp-json\/wp\/v2\/media?parent=59436"}],"wp:term":[{"taxonomy":"product_cat","embeddable":true,"href":"https:\/\/wizardly-davinci.82-223-8-23.plesk.page\/en\/wp-json\/wp\/v2\/product_cat?post=59436"},{"taxonomy":"product_tag","embeddable":true,"href":"https:\/\/wizardly-davinci.82-223-8-23.plesk.page\/en\/wp-json\/wp\/v2\/product_tag?post=59436"},{"taxonomy":"edicion","embeddable":true,"href":"https:\/\/wizardly-davinci.82-223-8-23.plesk.page\/en\/wp-json\/wp\/v2\/edicion?post=59436"},{"taxonomy":"editoriales","embeddable":true,"href":"https:\/\/wizardly-davinci.82-223-8-23.plesk.page\/en\/wp-json\/wp\/v2\/editoriales?post=59436"},{"taxonomy":"tienda","embeddable":true,"href":"https:\/\/wizardly-davinci.82-223-8-23.plesk.page\/en\/wp-json\/wp\/v2\/tienda?post=59436"},{"taxonomy":"autor_id","embeddable":true,"href":"https:\/\/wizardly-davinci.82-223-8-23.plesk.page\/en\/wp-json\/wp\/v2\/autor_id?post=59436"},{"taxonomy":"universidades_coeditoras","embeddable":true,"href":"https:\/\/wizardly-davinci.82-223-8-23.plesk.page\/en\/wp-json\/wp\/v2\/universidades_coeditoras?post=59436"},{"taxonomy":"palabras_clave","embeddable":true,"href":"https:\/\/wizardly-davinci.82-223-8-23.plesk.page\/en\/wp-json\/wp\/v2\/palabras_clave?post=59436"},{"taxonomy":"listado_alfabetico","embeddable":true,"href":"https:\/\/wizardly-davinci.82-223-8-23.plesk.page\/en\/wp-json\/wp\/v2\/listado_alfabetico?post=59436"}],"curies":[{"name":"wp","href":"https:\/\/api.w.org\/{rel}","templated":true}]}}