{"id":59439,"date":"2020-03-01T13:03:40","date_gmt":"2020-03-01T12:03:40","guid":{"rendered":"https:\/\/octaedro.com\/?post_type=product&#038;p=59439"},"modified":"2022-11-02T11:35:18","modified_gmt":"2022-11-02T10:35:18","slug":"huertos-de-libertad","status":"publish","type":"product","link":"https:\/\/wizardly-davinci.82-223-8-23.plesk.page\/en\/producto\/huertos-de-libertad\/","title":{"rendered":"huertos de libertad"},"content":{"rendered":"<p><strong><em>Huertos de libertad<\/em>\u00a0<\/strong>\u00e9s un poemario del escritor\u00a0<a href=\"https:\/\/gustavoduch.wordpress.com\/\">Gustavo Duch<\/a>, quien planta versos para estinguir el capitalismo. Los versos aqu\u00ed recogidos, crecen en su huerto, ubicado en Bellmunt de Segarra, a 8 km de Santa Coloma y con menos de 20 habitantes.<\/p>\n<p>En\u00a0<em><strong>huertos de libertad<\/strong><\/em>\u00a0se presenta el huerto como una novela, con plantamiento, nudo y desenlace, y se divide en los siguientes cap\u00edtulos: novela, provechos, relatos en el huerto,huertas lucha, huertas fruto, extinci\u00f3n en el huerto, visitas en el huerto, gram\u00e1tica y pancartas (vistas y no vistas).<\/p>\n<p>Adem\u00e1s este libro est\u00e1 hecho con un papel muy especial, un papel\u00a0 hierba\u00a0<em>Graspapier.\u00a0<\/em>Un papel certificado, que cumple con los criterios de ecoedici\u00f3n que siempre implementamos en las producciones de Pol\u00b7len Edicions. Criterios que tienen como objetivo minimizar el impacto medioambiental de la producci\u00f3n del libro y entre lo cuales, adem\u00e1s del papel, podemos destacar, por ejemplo, la producci\u00f3n local o el ecodise\u00f1o.\u00a0 Como resultado de esta pr\u00e1ctica,\u00a0 en todos nuestro libros podr\u00e9is encontrar siempre la mochila ecol\u00f3gica; una herramienta de comunicaci\u00f3n ambiental donde os informamos de la huella que ha tenido la producci\u00f3n de este libro.<\/p>\n<p><a href=\"https:\/\/pol-len.cat\/autoria\/gustavo-duch\/\">Gustavo Duch,\u00a0<\/a>es escritor, veterinario, hortelano\u00a0 y activista a favor de la soberan\u00eda alimentaria como alternativa a la agricultura capitalista y globalizada. Desde aqu\u00ed, apuesta por un mundo m\u00e1s rural.\u00a0 Con Pol\u00b7len edicions ha publicado\u00a0<em>Mucha gente peque\u00f1a<\/em>,<em>\u00a0Secretos<\/em>\u00a0y\u00a0<em>Cosechas\u00a0<\/em>y por \u00faltimo este \u201cpoemario del hortelano\u201d.<\/p>\n","protected":false},"excerpt":{"rendered":"<p><strong>Huertos de libertad<\/strong> \u00e9s un poemario del escritor <strong>Gustavo Duch<\/strong>, quien planta versos para estinguir el capitalismo. Los versos aqu\u00ed recogidos, crecen en su huerto, ubicado en Bellmunt de Segarra, a 8 km de Santa Coloma y con menos de 20 habitantes.<\/p>\n<p>En <strong>huertos de libertad<\/strong> se presenta el huerto como una novela, con planteamiento, nudo y desenlace, y se divide en los siguientes cap\u00edtulos: novela, provechos, relatos en el huerto, huertas lucha, huertas fruto, extinci\u00f3n en el huerto, visitas en el huerto, gram\u00e1tica y pancartas (vistas y no vistas).<\/p>\n<p>Adem\u00e1s este libro est\u00e1 hecho con un papel muy especial, un papel hierba Graspapier. Un papel certificado, que cumple con los criterios de ecoedici\u00f3n que siempre implementamos en las producciones de Pol\u00b7len Edicions. Criterios que tienen como objetivo minimizar el impacto medioambiental de la producci\u00f3n del libro y entre lo cuales, adem\u00e1s del papel, podemos destacar, por ejemplo, la producci\u00f3n local o el ecodise\u00f1o. Como resultado de esta pr\u00e1ctica, en todos nuestro libros podr\u00e9is encontrar siempre la mochila ecol\u00f3gica; una herramienta de comunicaci\u00f3n ambiental donde os informamos de la huella que ha tenido la producci\u00f3n de este libro.<\/p>\n<p><strong>Gustavo Duch<\/strong>, es escritor, veterinario, hortelano y activista a favor de la soberan\u00eda alimentaria como alternativa a la agricultura capitalista y globalizada. Desde aqu\u00ed, apuesta por un mundo m\u00e1s rural. Con Pol\u00b7len edicions ha publicado Mucha gente peque\u00f1a, Secretos y Cosechas y por \u00faltimo este <em>\u201cpoemario del hortelano\u201d<\/em>.<\/p>\n","protected":false},"featured_media":59441,"comment_status":"open","ping_status":"closed","template":"","meta":{"_et_pb_use_builder":"","_et_pb_old_content":"","_et_gb_content_width":""},"product_cat":[2614,6675],"product_tag":[2602],"edicion":[1083],"editoriales":[1162],"tienda":[],"autor_id":[5388],"universidades_coeditoras":[],"palabras_clave":[],"listado_alfabetico":[],"acf":[],"_links":{"self":[{"href":"https:\/\/wizardly-davinci.82-223-8-23.plesk.page\/en\/wp-json\/wp\/v2\/product\/59439"}],"collection":[{"href":"https:\/\/wizardly-davinci.82-223-8-23.plesk.page\/en\/wp-json\/wp\/v2\/product"}],"about":[{"href":"https:\/\/wizardly-davinci.82-223-8-23.plesk.page\/en\/wp-json\/wp\/v2\/types\/product"}],"replies":[{"embeddable":true,"href":"https:\/\/wizardly-davinci.82-223-8-23.plesk.page\/en\/wp-json\/wp\/v2\/comments?post=59439"}],"wp:featuredmedia":[{"embeddable":true,"href":"https:\/\/wizardly-davinci.82-223-8-23.plesk.page\/en\/wp-json\/wp\/v2\/media\/59441"}],"wp:attachment":[{"href":"https:\/\/wizardly-davinci.82-223-8-23.plesk.page\/en\/wp-json\/wp\/v2\/media?parent=59439"}],"wp:term":[{"taxonomy":"product_cat","embeddable":true,"href":"https:\/\/wizardly-davinci.82-223-8-23.plesk.page\/en\/wp-json\/wp\/v2\/product_cat?post=59439"},{"taxonomy":"product_tag","embeddable":true,"href":"https:\/\/wizardly-davinci.82-223-8-23.plesk.page\/en\/wp-json\/wp\/v2\/product_tag?post=59439"},{"taxonomy":"edicion","embeddable":true,"href":"https:\/\/wizardly-davinci.82-223-8-23.plesk.page\/en\/wp-json\/wp\/v2\/edicion?post=59439"},{"taxonomy":"editoriales","embeddable":true,"href":"https:\/\/wizardly-davinci.82-223-8-23.plesk.page\/en\/wp-json\/wp\/v2\/editoriales?post=59439"},{"taxonomy":"tienda","embeddable":true,"href":"https:\/\/wizardly-davinci.82-223-8-23.plesk.page\/en\/wp-json\/wp\/v2\/tienda?post=59439"},{"taxonomy":"autor_id","embeddable":true,"href":"https:\/\/wizardly-davinci.82-223-8-23.plesk.page\/en\/wp-json\/wp\/v2\/autor_id?post=59439"},{"taxonomy":"universidades_coeditoras","embeddable":true,"href":"https:\/\/wizardly-davinci.82-223-8-23.plesk.page\/en\/wp-json\/wp\/v2\/universidades_coeditoras?post=59439"},{"taxonomy":"palabras_clave","embeddable":true,"href":"https:\/\/wizardly-davinci.82-223-8-23.plesk.page\/en\/wp-json\/wp\/v2\/palabras_clave?post=59439"},{"taxonomy":"listado_alfabetico","embeddable":true,"href":"https:\/\/wizardly-davinci.82-223-8-23.plesk.page\/en\/wp-json\/wp\/v2\/listado_alfabetico?post=59439"}],"curies":[{"name":"wp","href":"https:\/\/api.w.org\/{rel}","templated":true}]}}