{"id":59448,"date":"2019-12-01T13:27:35","date_gmt":"2019-12-01T13:27:35","guid":{"rendered":"https:\/\/octaedro.com\/?post_type=product&#038;p=59448"},"modified":"2022-06-07T11:53:46","modified_gmt":"2022-06-07T11:53:46","slug":"asi-son-nuestras-reglas","status":"publish","type":"product","link":"https:\/\/wizardly-davinci.82-223-8-23.plesk.page\/en\/producto\/asi-son-nuestras-reglas\/","title":{"rendered":"As\u00ed son nuestras reglas"},"content":{"rendered":"<p>Un a\u00f1o despu\u00e9s de la publicaci\u00f3n del exitoso\u00a0<em><a href=\"https:\/\/pol-len.cat\/llibres\/abc-feminista\/?sf_data=results&amp;_sft_product_cat=d-fracciones\">Abc Feminista<\/a><\/em>, de\u00a0<a href=\"https:\/\/www.instagram.com\/escarolota\/\">EsCarolota<\/a>, nos alegra compartiros que tenemos un nuevo t\u00edtulo de la misma ilustradora para la vuelta al cole:\u00a0<strong><em>As\u00ed son nuestras reglas<\/em>.<\/strong><\/p>\n<p>Este nuevo t\u00edtulo habla de la menstruaci\u00f3n. Un c\u00f3mic que surge a partir de conversaciones que tuvo con diferentes personas acerca de sus reglas.\u00a0 Como resultado, encontramos diferentes vivencias: para algunas tener la regla es un aut\u00e9ntico rollazo, pero tambi\u00e9n se puede usar como herramienta de autodefensa, o incluso declararte \u201cen estado de regla permanente\u201d. Algunas no supieron qu\u00e9 era la regla hasta que les vino, otras siempre lo hablaron en casa. Para muchas tener la regla es algo de mujeres, sin embargo hay mujeres que no la tienen. Por ello, en este c\u00f3mic tambi\u00e9n podr\u00e9is conocer la experiencia de un chico trans* que ha decidido seguir teni\u00e9ndo la regla.\u00a0 Por lo tanto, est\u00e1 claro que no todas las personas vivimos la regla de la misma manera.<\/p>\n<p>\u201c<em>Hablar de la regla con otras personas, conocer otras vivencias y otros puntos de vista ayuda a abrir la mente y a crecer\u201d<\/em>\u00a0explica su autora.<\/p>\n<p><em><strong>As\u00ed son nuestras reglas<\/strong>\u00a0<\/em>se divide en diferentes apartados: \u00bfQu\u00e9 es la regla?, \u00bfQu\u00e9 pasa si no viene la regla?, \u201cCosas\u201d que se usan cuando baja la regla, \u00bfC\u00f3mo es la regla?, \u00bfMeno-qu\u00e9? y Vivencias, cap\u00edtulos en los que\u00a0<a href=\"https:\/\/pol-len.cat\/autoria\/escarolota\/\">EsCarolota<\/a>\u00a0ilustra la regla con el humor y la mirada feminista que nunca faltan en su gr\u00e1fica.<\/p>\n","protected":false},"excerpt":{"rendered":"<p>Un a\u00f1o despu\u00e9s de la publicaci\u00f3n del exitoso\u00a0<strong>Abc Feminista<\/strong><a href=\"https:\/\/wizardly-davinci.82-223-8-23.plesk.page\/libro\/abc-feminista\/\"><\/a>, de\u00a0<strong>EsCarolota<\/strong>, nos alegra compartiros que tenemos un nuevo t\u00edtulo de la misma ilustradora para la vuelta al cole:\u00a0<strong>As\u00ed son nuestras reglas<\/strong>.<\/p>\n<p>Este nuevo t\u00edtulo habla de la menstruaci\u00f3n. Un c\u00f3mic que surge a partir de conversaciones que tuvo con diferentes personas acerca de sus reglas.\u00a0 Como resultado, encontramos diferentes vivencias: para algunas tener la regla es un aut\u00e9ntico rollazo, pero tambi\u00e9n se puede usar como herramienta de autodefensa, o incluso declararte \u201c<em>en estado de regla permanente<\/em>\u201d. Algunas no supieron qu\u00e9 era la regla hasta que les vino, otras siempre lo hablaron en casa. Para muchas tener la regla es algo de mujeres, sin embargo hay mujeres que no la tienen. Por ello, en este c\u00f3mic tambi\u00e9n podr\u00e9is conocer la experiencia de un chico trans* que ha decidido seguir teniendo la regla.\u00a0 Por lo tanto, est\u00e1 claro que no todas las personas vivimos la regla de la misma manera.<\/p>\n<p>\u201c<em>Hablar de la regla con otras personas, conocer otras vivencias y otros puntos de vista ayuda a abrir la mente y a crecer<\/em>\u201d\u00a0explica su autora.<\/p>\n<p><strong>As\u00ed son nuestras reglas<\/strong>\u00a0se divide en diferentes apartados: \u00bfQu\u00e9 es la regla?, \u00bfQu\u00e9 pasa si no viene la regla?, \u201c<em>Cosas<\/em>\u201d que se usan cuando baja la regla, \u00bfC\u00f3mo es la regla?, \u00bfMeno-qu\u00e9? y Vivencias, cap\u00edtulos en los que\u00a0<strong>EsCarolota<\/strong>\u00a0ilustra la regla con el humor y la mirada feminista que nunca faltan en su gr\u00e1fica.<\/p>\n","protected":false},"featured_media":59449,"comment_status":"open","ping_status":"closed","template":"","meta":{"_et_pb_use_builder":"","_et_pb_old_content":"","_et_gb_content_width":""},"product_cat":[2614,6675],"product_tag":[2602],"edicion":[1083],"editoriales":[1162],"tienda":[],"autor_id":[21742],"universidades_coeditoras":[],"palabras_clave":[],"listado_alfabetico":[],"acf":[],"_links":{"self":[{"href":"https:\/\/wizardly-davinci.82-223-8-23.plesk.page\/en\/wp-json\/wp\/v2\/product\/59448"}],"collection":[{"href":"https:\/\/wizardly-davinci.82-223-8-23.plesk.page\/en\/wp-json\/wp\/v2\/product"}],"about":[{"href":"https:\/\/wizardly-davinci.82-223-8-23.plesk.page\/en\/wp-json\/wp\/v2\/types\/product"}],"replies":[{"embeddable":true,"href":"https:\/\/wizardly-davinci.82-223-8-23.plesk.page\/en\/wp-json\/wp\/v2\/comments?post=59448"}],"wp:featuredmedia":[{"embeddable":true,"href":"https:\/\/wizardly-davinci.82-223-8-23.plesk.page\/en\/wp-json\/wp\/v2\/media\/59449"}],"wp:attachment":[{"href":"https:\/\/wizardly-davinci.82-223-8-23.plesk.page\/en\/wp-json\/wp\/v2\/media?parent=59448"}],"wp:term":[{"taxonomy":"product_cat","embeddable":true,"href":"https:\/\/wizardly-davinci.82-223-8-23.plesk.page\/en\/wp-json\/wp\/v2\/product_cat?post=59448"},{"taxonomy":"product_tag","embeddable":true,"href":"https:\/\/wizardly-davinci.82-223-8-23.plesk.page\/en\/wp-json\/wp\/v2\/product_tag?post=59448"},{"taxonomy":"edicion","embeddable":true,"href":"https:\/\/wizardly-davinci.82-223-8-23.plesk.page\/en\/wp-json\/wp\/v2\/edicion?post=59448"},{"taxonomy":"editoriales","embeddable":true,"href":"https:\/\/wizardly-davinci.82-223-8-23.plesk.page\/en\/wp-json\/wp\/v2\/editoriales?post=59448"},{"taxonomy":"tienda","embeddable":true,"href":"https:\/\/wizardly-davinci.82-223-8-23.plesk.page\/en\/wp-json\/wp\/v2\/tienda?post=59448"},{"taxonomy":"autor_id","embeddable":true,"href":"https:\/\/wizardly-davinci.82-223-8-23.plesk.page\/en\/wp-json\/wp\/v2\/autor_id?post=59448"},{"taxonomy":"universidades_coeditoras","embeddable":true,"href":"https:\/\/wizardly-davinci.82-223-8-23.plesk.page\/en\/wp-json\/wp\/v2\/universidades_coeditoras?post=59448"},{"taxonomy":"palabras_clave","embeddable":true,"href":"https:\/\/wizardly-davinci.82-223-8-23.plesk.page\/en\/wp-json\/wp\/v2\/palabras_clave?post=59448"},{"taxonomy":"listado_alfabetico","embeddable":true,"href":"https:\/\/wizardly-davinci.82-223-8-23.plesk.page\/en\/wp-json\/wp\/v2\/listado_alfabetico?post=59448"}],"curies":[{"name":"wp","href":"https:\/\/api.w.org\/{rel}","templated":true}]}}