{"id":59451,"date":"2021-02-01T13:44:49","date_gmt":"2021-02-01T13:44:49","guid":{"rendered":"https:\/\/octaedro.com\/?post_type=product&#038;p=59451"},"modified":"2022-06-07T11:53:24","modified_gmt":"2022-06-07T11:53:24","slug":"un-mon-en-un-dia","status":"publish","type":"product","link":"https:\/\/wizardly-davinci.82-223-8-23.plesk.page\/en\/producto\/un-mon-en-un-dia\/","title":{"rendered":"Un m\u00f3n en un dia"},"content":{"rendered":"<p><strong>Un m\u00f3n en un dia. Contes diversos hist\u00f2ries quotidianes<\/strong><\/p>\n<p>Els contes que tens a les mans estan escrits en la seva majoria sense g\u00e8nere gramatical perqu\u00e8 puguis identificar els personatges<br \/>\nlliurement (excepte en dos contes). La proposta parteix d\u2019una mirada atenta a les limitacions que el g\u00e8nere suposa al desenvolupament de la inf\u00e0ncia, i a les desigualtats, les pressions i les exclusions que produeixen les seves etiquetes.<br \/>\nAran i Odei s\u00f3n noms que s\u2019utilitzen indistintament. On posa Elies pot pensar en Elisa, Elies, Elisabet o simplement Eli, sense haver d\u2019escollir entre femen\u00ed o mascul\u00ed. El mateix passa amb Adri i amb \u00c0lex. Nom\u00e9s dos personatges tenen un nom acompanyat de l\u2019article \u00abla\u00bb, en catal\u00e0, i amb adjectius en femen\u00ed: Ivet i Hasna. Sovint darrere d\u2019un llenguatge gramaticalment neutre imaginem personatges masculins: aix\u00ed \u00e9s la nostra her\u00e8ncia. I per la necessitat de poder imaginar experi\u00e8ncies de nenes a les nostres hist\u00f2ries hem optat per introduir el g\u00e8nere gramatical femen\u00ed<br \/>\nen aquests dos contes. Esperem que el joc del llenguatge continu\u00ef amb qui llegeixi aquest llibre, \u00e9s a dir, amb tu.<br \/>\nA les teves mans deixem les nostres hist\u00f2ries perqu\u00e8 tu puguis escriure les teves.<\/p>\n","protected":false},"excerpt":{"rendered":"<p><strong>Un m\u00f3n en un dia. Contes diversos hist\u00f2ries quotidianes<\/strong><\/p>\n<p>Els contes que tens a les mans estan escrits en la seva majoria sense g\u00e8nere gramatical perqu\u00e8 puguis identificar els personatges<br \/>\nlliurement (excepte en dos contes). La proposta parteix d\u2019una mirada atenta a les limitacions que el g\u00e8nere suposa al desenvolupament de la inf\u00e0ncia, i a les desigualtats, les pressions i les exclusions que produeixen les seves etiquetes.<br \/>\nAran i Odei s\u00f3n noms que s\u2019utilitzen indistintament. On posa Elies pot pensar en Elisa, Elies, Elisabet o simplement Eli, sense haver d\u2019escollir entre femen\u00ed o mascul\u00ed. El mateix passa amb Adri i amb \u00c0lex. Nom\u00e9s dos personatges tenen un nom acompanyat de l\u2019article \u00abla\u00bb, en catal\u00e0, i amb adjectius en femen\u00ed: Ivet i Hasna. Sovint darrere d\u2019un llenguatge gramaticalment neutre imaginem personatges masculins: aix\u00ed \u00e9s la nostra her\u00e8ncia. I per la necessitat de poder imaginar experi\u00e8ncies de nenes a les nostres hist\u00f2ries hem optat per introduir el g\u00e8nere gramatical femen\u00ed<br \/>\nen aquests dos contes. Esperem que el joc del llenguatge continu\u00ef amb qui llegeixi aquest llibre, \u00e9s a dir, amb tu.<br \/>\nA les teves mans deixem les nostres hist\u00f2ries perqu\u00e8 tu puguis escriure les teves.<\/p>\n","protected":false},"featured_media":59452,"comment_status":"open","ping_status":"closed","template":"","meta":{"_et_pb_use_builder":"","_et_pb_old_content":"","_et_gb_content_width":""},"product_cat":[2614,6675],"product_tag":[2602],"edicion":[1083],"editoriales":[1162],"tienda":[],"autor_id":[21745,21746],"universidades_coeditoras":[],"palabras_clave":[],"listado_alfabetico":[],"acf":[],"_links":{"self":[{"href":"https:\/\/wizardly-davinci.82-223-8-23.plesk.page\/en\/wp-json\/wp\/v2\/product\/59451"}],"collection":[{"href":"https:\/\/wizardly-davinci.82-223-8-23.plesk.page\/en\/wp-json\/wp\/v2\/product"}],"about":[{"href":"https:\/\/wizardly-davinci.82-223-8-23.plesk.page\/en\/wp-json\/wp\/v2\/types\/product"}],"replies":[{"embeddable":true,"href":"https:\/\/wizardly-davinci.82-223-8-23.plesk.page\/en\/wp-json\/wp\/v2\/comments?post=59451"}],"wp:featuredmedia":[{"embeddable":true,"href":"https:\/\/wizardly-davinci.82-223-8-23.plesk.page\/en\/wp-json\/wp\/v2\/media\/59452"}],"wp:attachment":[{"href":"https:\/\/wizardly-davinci.82-223-8-23.plesk.page\/en\/wp-json\/wp\/v2\/media?parent=59451"}],"wp:term":[{"taxonomy":"product_cat","embeddable":true,"href":"https:\/\/wizardly-davinci.82-223-8-23.plesk.page\/en\/wp-json\/wp\/v2\/product_cat?post=59451"},{"taxonomy":"product_tag","embeddable":true,"href":"https:\/\/wizardly-davinci.82-223-8-23.plesk.page\/en\/wp-json\/wp\/v2\/product_tag?post=59451"},{"taxonomy":"edicion","embeddable":true,"href":"https:\/\/wizardly-davinci.82-223-8-23.plesk.page\/en\/wp-json\/wp\/v2\/edicion?post=59451"},{"taxonomy":"editoriales","embeddable":true,"href":"https:\/\/wizardly-davinci.82-223-8-23.plesk.page\/en\/wp-json\/wp\/v2\/editoriales?post=59451"},{"taxonomy":"tienda","embeddable":true,"href":"https:\/\/wizardly-davinci.82-223-8-23.plesk.page\/en\/wp-json\/wp\/v2\/tienda?post=59451"},{"taxonomy":"autor_id","embeddable":true,"href":"https:\/\/wizardly-davinci.82-223-8-23.plesk.page\/en\/wp-json\/wp\/v2\/autor_id?post=59451"},{"taxonomy":"universidades_coeditoras","embeddable":true,"href":"https:\/\/wizardly-davinci.82-223-8-23.plesk.page\/en\/wp-json\/wp\/v2\/universidades_coeditoras?post=59451"},{"taxonomy":"palabras_clave","embeddable":true,"href":"https:\/\/wizardly-davinci.82-223-8-23.plesk.page\/en\/wp-json\/wp\/v2\/palabras_clave?post=59451"},{"taxonomy":"listado_alfabetico","embeddable":true,"href":"https:\/\/wizardly-davinci.82-223-8-23.plesk.page\/en\/wp-json\/wp\/v2\/listado_alfabetico?post=59451"}],"curies":[{"name":"wp","href":"https:\/\/api.w.org\/{rel}","templated":true}]}}