{"id":59525,"date":"2022-01-01T13:57:30","date_gmt":"2022-01-01T12:57:30","guid":{"rendered":"https:\/\/octaedro.com\/?post_type=product&#038;p=59525"},"modified":"2023-06-21T12:39:26","modified_gmt":"2023-06-21T10:39:26","slug":"la-diversitat-es-divertida","status":"publish","type":"product","link":"https:\/\/wizardly-davinci.82-223-8-23.plesk.page\/en\/producto\/la-diversitat-es-divertida\/","title":{"rendered":"La diversitat \u00e9s divertida"},"content":{"rendered":"<p><em><strong>La diversitat \u00e9s divertida<\/strong><\/em>\u00a0\u00e9s un conte per llegir i jugar, acompanyat d\u2019una proposta de dinamitzaci\u00f3 i una guia terminol\u00f2gica.<\/p>\n<p>La<strong>\u00a0diversitat<\/strong>\u00a0\u00e9s una de les principals caracter\u00edstiques de l\u2019\u00e9sser hum\u00e0 i la seva sexualitat, i \u00e9s l\u2019ingredient necessari per acompanyar la construcci\u00f3 de la identitat de les criatures des de l\u2019escolta, el joc, l\u2019experimentaci\u00f3 i el descobriment, entenent-la sempre com a quelcom canviant.<br \/>\nCon\u00e8ixer la identitat d\u2019una persona nom\u00e9s es pot fer a partir del seu propi relat. El conte que tens a les mans \u00e9s un material interactiu per jugar amb la diversitat, principalment en relaci\u00f3 amb la genitalitat, la identitat i l\u2019expressi\u00f3 de g\u00e8nere. Trobareu 9 personatges que es poden combinar per crear-ne 729 de nous. A m\u00e9s a m\u00e9s, el llibre tamb\u00e9 cont\u00e9 una p\u00e0gina on la criatura es pot dibuixar i descriure\u2019s a si mateixa.<\/p>\n<p>Est\u00e0 escrit en maj\u00fascules per facilitar la lectura a qui est\u00e0 comen\u00e7ant.<br \/>\nEdat recomanada: entre els 3 i els 8 anys.<\/p>\n<p><em><strong>La diversitat \u00e9s divertida<\/strong><\/em>\u00a0 ha sigut fet amb la cooperativa\u00a0<a href=\"https:\/\/pol-len.cat\/autoria\/mandragores\/\">Mandr\u00e0gores.\u00a0<\/a>Un projecte que neix el 2016 amb la voluntat de contribuir en l\u2019<strong>educaci\u00f3 sexual i afectiva d\u2019adolescents, joves i dones<\/strong>, des d\u2019una\u00a0<strong>perspectiva feminista<\/strong>.<\/p>\n","protected":false},"excerpt":{"rendered":"<p><strong>La diversitat \u00e9s divertida<\/strong> \u00e9s un conte per llegir i jugar, acompanyat d\u2019una proposta de dinamitzaci\u00f3 i una guia terminol\u00f2gica.<\/p>\n<p><strong>La diversitat<\/strong> \u00e9s una de les principals caracter\u00edstiques de l\u2019\u00e9sser hum\u00e0 i la seva sexualitat, i \u00e9s l\u2019ingredient necessari per acompanyar la construcci\u00f3 de la identitat de les criatures des de l\u2019escolta, el joc, l\u2019experimentaci\u00f3 i el descobriment, entenent-la sempre com a quelcom canviant.<br \/>\nCon\u00e8ixer la identitat d\u2019una persona nom\u00e9s es pot fer a partir del seu propi relat. El conte que tens a les mans \u00e9s un material interactiu per jugar amb la diversitat, principalment en relaci\u00f3 amb la genitalitat, la identitat i l\u2019expressi\u00f3 de g\u00e8nere. Trobareu 9 personatges que es poden combinar per crear-ne 729 de nous. A m\u00e9s a m\u00e9s, el llibre tamb\u00e9 cont\u00e9 una p\u00e0gina on la criatura es pot dibuixar i descriure\u2019s a si mateixa.<\/p>\n<p>Est\u00e0 escrit en maj\u00fascules per facilitar la lectura a qui est\u00e0 comen\u00e7ant.<br \/>\nEdat recomanada: entre els 3 i els 8 anys.<\/p>\n<p><strong>La diversitat \u00e9s divertida<\/strong> ha sigut fet amb la cooperativa Mandr\u00e0gores. Un projecte que neix el 2016 amb la voluntat de contribuir en l\u2019<strong>educaci\u00f3 sexual i afectiva d\u2019adolescents, joves i dones<\/strong>, des d\u2019una <strong>perspectiva feminista<\/strong>.<\/p>\n","protected":false},"featured_media":59526,"comment_status":"open","ping_status":"closed","template":"","meta":{"_et_pb_use_builder":"","_et_pb_old_content":"","_et_gb_content_width":""},"product_cat":[2614,6675],"product_tag":[2602],"edicion":[1083],"editoriales":[1162],"tienda":[],"autor_id":[21758,21757],"universidades_coeditoras":[],"palabras_clave":[],"listado_alfabetico":[],"acf":[],"_links":{"self":[{"href":"https:\/\/wizardly-davinci.82-223-8-23.plesk.page\/en\/wp-json\/wp\/v2\/product\/59525"}],"collection":[{"href":"https:\/\/wizardly-davinci.82-223-8-23.plesk.page\/en\/wp-json\/wp\/v2\/product"}],"about":[{"href":"https:\/\/wizardly-davinci.82-223-8-23.plesk.page\/en\/wp-json\/wp\/v2\/types\/product"}],"replies":[{"embeddable":true,"href":"https:\/\/wizardly-davinci.82-223-8-23.plesk.page\/en\/wp-json\/wp\/v2\/comments?post=59525"}],"wp:featuredmedia":[{"embeddable":true,"href":"https:\/\/wizardly-davinci.82-223-8-23.plesk.page\/en\/wp-json\/wp\/v2\/media\/59526"}],"wp:attachment":[{"href":"https:\/\/wizardly-davinci.82-223-8-23.plesk.page\/en\/wp-json\/wp\/v2\/media?parent=59525"}],"wp:term":[{"taxonomy":"product_cat","embeddable":true,"href":"https:\/\/wizardly-davinci.82-223-8-23.plesk.page\/en\/wp-json\/wp\/v2\/product_cat?post=59525"},{"taxonomy":"product_tag","embeddable":true,"href":"https:\/\/wizardly-davinci.82-223-8-23.plesk.page\/en\/wp-json\/wp\/v2\/product_tag?post=59525"},{"taxonomy":"edicion","embeddable":true,"href":"https:\/\/wizardly-davinci.82-223-8-23.plesk.page\/en\/wp-json\/wp\/v2\/edicion?post=59525"},{"taxonomy":"editoriales","embeddable":true,"href":"https:\/\/wizardly-davinci.82-223-8-23.plesk.page\/en\/wp-json\/wp\/v2\/editoriales?post=59525"},{"taxonomy":"tienda","embeddable":true,"href":"https:\/\/wizardly-davinci.82-223-8-23.plesk.page\/en\/wp-json\/wp\/v2\/tienda?post=59525"},{"taxonomy":"autor_id","embeddable":true,"href":"https:\/\/wizardly-davinci.82-223-8-23.plesk.page\/en\/wp-json\/wp\/v2\/autor_id?post=59525"},{"taxonomy":"universidades_coeditoras","embeddable":true,"href":"https:\/\/wizardly-davinci.82-223-8-23.plesk.page\/en\/wp-json\/wp\/v2\/universidades_coeditoras?post=59525"},{"taxonomy":"palabras_clave","embeddable":true,"href":"https:\/\/wizardly-davinci.82-223-8-23.plesk.page\/en\/wp-json\/wp\/v2\/palabras_clave?post=59525"},{"taxonomy":"listado_alfabetico","embeddable":true,"href":"https:\/\/wizardly-davinci.82-223-8-23.plesk.page\/en\/wp-json\/wp\/v2\/listado_alfabetico?post=59525"}],"curies":[{"name":"wp","href":"https:\/\/api.w.org\/{rel}","templated":true}]}}