{"id":59528,"date":"2018-12-01T14:14:48","date_gmt":"2018-12-01T14:14:48","guid":{"rendered":"https:\/\/octaedro.com\/?post_type=product&#038;p=59528"},"modified":"2022-06-07T11:50:12","modified_gmt":"2022-06-07T11:50:12","slug":"descubriendo-el-cuerpo-sembrando-palabras","status":"publish","type":"product","link":"https:\/\/wizardly-davinci.82-223-8-23.plesk.page\/en\/producto\/descubriendo-el-cuerpo-sembrando-palabras\/","title":{"rendered":"Descubriendo el cuerpo, sembrando palabras"},"content":{"rendered":"<p>Con la misma naturalidad con la que las<strong>\u00a0criaturas<\/strong>\u00a0cada d\u00eda descubren nuevos detalles en el mundo y aprenden a nombrarlos, en este cuento descubrimos el cuerpo y le ponemos palabras. Las personas adultas acompa\u00f1amos el descubrimiento cuando explicamos que cada cosa tiene su nombre y que hay un nombre para cada cosa.<\/p>\n<ul>\n<li>Un cuento sencillo, did\u00e1ctico, pedag\u00f3gico, revelador y reconciliador. Escrito para quienes quieren acompa\u00f1ar el desarrollo la\u00a0<strong>sexualidad infantil<\/strong>\u00a0con respeto y confianza, pero le faltan palabras. Y para las criaturas que \u201ctodo\u201d lo quieren saber. Para las y los\u00a0<strong>adolescentes<\/strong>\u00a0que buscan personas a las que poder preguntar con confianza, y respuestas claras y sinceras.<\/li>\n<li>Un cuento que nos muestra partes del cuerpo a las cuales muchas veces nos referimos con eufemismos, en lugar de nombrar con alegr\u00eda, respeto y confianza, la vulva, el cl\u00edtoris, el himen, el pene, el glande\u2026<\/li>\n<li>Un cuento que, dado el silencio y los\u00a0<strong>tab\u00fas<\/strong>\u00a0que hay en torno a la\u00a0<strong>genitalidad<\/strong>, deber\u00eda tener un sitio en cada casa y en cada familia<\/li>\n<\/ul>\n","protected":false},"excerpt":{"rendered":"<p>Con la misma naturalidad con la que las <strong>criaturas<\/strong> cada d\u00eda descubren nuevos detalles en el mundo y aprenden a nombrarlos, en este cuento descubrimos el cuerpo y le ponemos palabras. Las personas adultas acompa\u00f1amos el descubrimiento cuando explicamos que cada cosa tiene su nombre y que hay un nombre para cada cosa.<\/p>\n<p>Un cuento sencillo, did\u00e1ctico, pedag\u00f3gico, revelador y reconciliador. Escrito para quienes quieren acompa\u00f1ar el desarrollo la <strong>sexualidad infantil<\/strong> con respeto y confianza, pero le faltan palabras. Y para las criaturas que \u201c<em>todo<\/em>\u201d lo quieren saber. Para las y los <strong>adolescentes<\/strong> que buscan personas a las que poder preguntar con confianza, y respuestas claras y sinceras.<br \/>\nUn cuento que nos muestra partes del cuerpo a las cuales muchas veces nos referimos con eufemismos, en lugar de nombrar con alegr\u00eda, respeto y confianza, la vulva, el cl\u00edtoris, el himen, el pene, el glande\u2026<br \/>\nUn cuento que, dado el silencio y los <strong>tab\u00fas<\/strong> que hay en torno a la <strong>genitalidad<\/strong>, deber\u00eda tener un sitio en cada casa y en cada familia<\/p>\n","protected":false},"featured_media":59529,"comment_status":"open","ping_status":"closed","template":"","meta":{"_et_pb_use_builder":"","_et_pb_old_content":"","_et_gb_content_width":""},"product_cat":[2614,6675],"product_tag":[2602],"edicion":[1083],"editoriales":[1162],"tienda":[],"autor_id":[21760],"universidades_coeditoras":[],"palabras_clave":[],"listado_alfabetico":[],"acf":[],"_links":{"self":[{"href":"https:\/\/wizardly-davinci.82-223-8-23.plesk.page\/en\/wp-json\/wp\/v2\/product\/59528"}],"collection":[{"href":"https:\/\/wizardly-davinci.82-223-8-23.plesk.page\/en\/wp-json\/wp\/v2\/product"}],"about":[{"href":"https:\/\/wizardly-davinci.82-223-8-23.plesk.page\/en\/wp-json\/wp\/v2\/types\/product"}],"replies":[{"embeddable":true,"href":"https:\/\/wizardly-davinci.82-223-8-23.plesk.page\/en\/wp-json\/wp\/v2\/comments?post=59528"}],"wp:featuredmedia":[{"embeddable":true,"href":"https:\/\/wizardly-davinci.82-223-8-23.plesk.page\/en\/wp-json\/wp\/v2\/media\/59529"}],"wp:attachment":[{"href":"https:\/\/wizardly-davinci.82-223-8-23.plesk.page\/en\/wp-json\/wp\/v2\/media?parent=59528"}],"wp:term":[{"taxonomy":"product_cat","embeddable":true,"href":"https:\/\/wizardly-davinci.82-223-8-23.plesk.page\/en\/wp-json\/wp\/v2\/product_cat?post=59528"},{"taxonomy":"product_tag","embeddable":true,"href":"https:\/\/wizardly-davinci.82-223-8-23.plesk.page\/en\/wp-json\/wp\/v2\/product_tag?post=59528"},{"taxonomy":"edicion","embeddable":true,"href":"https:\/\/wizardly-davinci.82-223-8-23.plesk.page\/en\/wp-json\/wp\/v2\/edicion?post=59528"},{"taxonomy":"editoriales","embeddable":true,"href":"https:\/\/wizardly-davinci.82-223-8-23.plesk.page\/en\/wp-json\/wp\/v2\/editoriales?post=59528"},{"taxonomy":"tienda","embeddable":true,"href":"https:\/\/wizardly-davinci.82-223-8-23.plesk.page\/en\/wp-json\/wp\/v2\/tienda?post=59528"},{"taxonomy":"autor_id","embeddable":true,"href":"https:\/\/wizardly-davinci.82-223-8-23.plesk.page\/en\/wp-json\/wp\/v2\/autor_id?post=59528"},{"taxonomy":"universidades_coeditoras","embeddable":true,"href":"https:\/\/wizardly-davinci.82-223-8-23.plesk.page\/en\/wp-json\/wp\/v2\/universidades_coeditoras?post=59528"},{"taxonomy":"palabras_clave","embeddable":true,"href":"https:\/\/wizardly-davinci.82-223-8-23.plesk.page\/en\/wp-json\/wp\/v2\/palabras_clave?post=59528"},{"taxonomy":"listado_alfabetico","embeddable":true,"href":"https:\/\/wizardly-davinci.82-223-8-23.plesk.page\/en\/wp-json\/wp\/v2\/listado_alfabetico?post=59528"}],"curies":[{"name":"wp","href":"https:\/\/api.w.org\/{rel}","templated":true}]}}