{"id":59532,"date":"2019-06-01T14:36:23","date_gmt":"2019-06-01T14:36:23","guid":{"rendered":"https:\/\/octaedro.com\/?post_type=product&#038;p=59532"},"modified":"2022-06-07T11:49:33","modified_gmt":"2022-06-07T11:49:33","slug":"el-pati-de-lescola-en-igualtat","status":"publish","type":"product","link":"https:\/\/wizardly-davinci.82-223-8-23.plesk.page\/en\/producto\/el-pati-de-lescola-en-igualtat\/","title":{"rendered":"El pati de l\u2019escola en igualtat"},"content":{"rendered":"<p>Aquesta guia us proposa una metodologia de diagnosi participativa i d\u2019intervenci\u00f3 d\u2019igualtat de g\u00e8nere als espais d\u2019esbarjo a partir d\u2019un proc\u00e9s de reflexi\u00f3 i d\u2019aprenentatge col\u00b7lectiu liderat per\u00a0<a href=\"http:\/\/equalsaree.org\/\"><strong>Equal Saree<\/strong><\/a>. Ha estat dissenyada per aplicar-se als patis de prim\u00e0ria, on les criatures aprenen a posicionar-se i a relacionar-se a l\u2019espai. Aquests patrons es reprodueixen despr\u00e9s als espais p\u00fablics, deixant patent el vincle entre el disseny dels espais, la construcci\u00f3 social del g\u00e8nere i l\u2019educaci\u00f3 espacial diferenciada que reben nens i nenes. Aix\u00ed, el llibre us vol acompanyar en el proc\u00e9s de transformaci\u00f3 del pati per aconseguir uns espais educatius que ofereixin les mateixes oportunitats a totes les persones.<\/p>\n","protected":false},"excerpt":{"rendered":"<p>Aquesta guia us proposa una metodologia de diagnosi participativa i d\u2019intervenci\u00f3 d\u2019igualtat de g\u00e8nere als espais d\u2019esbarjo a partir d\u2019un proc\u00e9s de reflexi\u00f3 i d\u2019aprenentatge col\u00b7lectiu liderat per Equal Saree. Ha estat dissenyada per aplicar-se als patis de prim\u00e0ria, on les criatures aprenen a posicionar-se i a relacionar-se a l\u2019espai. Aquests patrons es reprodueixen despr\u00e9s als espais p\u00fablics, deixant patent el vincle entre el disseny dels espais, la construcci\u00f3 social del g\u00e8nere i l\u2019educaci\u00f3 espacial diferenciada que reben nens i nenes. Aix\u00ed, el llibre us vol acompanyar en el proc\u00e9s de transformaci\u00f3 del pati per aconseguir uns espais educatius que ofereixin les mateixes oportunitats a totes les persones.<\/p>\n","protected":false},"featured_media":59533,"comment_status":"open","ping_status":"closed","template":"","meta":{"_et_pb_use_builder":"","_et_pb_old_content":"","_et_gb_content_width":""},"product_cat":[2614,6675],"product_tag":[2602],"edicion":[1083],"editoriales":[1162],"tienda":[],"autor_id":[21768,21767,21766,21765],"universidades_coeditoras":[],"palabras_clave":[],"listado_alfabetico":[],"acf":[],"_links":{"self":[{"href":"https:\/\/wizardly-davinci.82-223-8-23.plesk.page\/en\/wp-json\/wp\/v2\/product\/59532"}],"collection":[{"href":"https:\/\/wizardly-davinci.82-223-8-23.plesk.page\/en\/wp-json\/wp\/v2\/product"}],"about":[{"href":"https:\/\/wizardly-davinci.82-223-8-23.plesk.page\/en\/wp-json\/wp\/v2\/types\/product"}],"replies":[{"embeddable":true,"href":"https:\/\/wizardly-davinci.82-223-8-23.plesk.page\/en\/wp-json\/wp\/v2\/comments?post=59532"}],"wp:featuredmedia":[{"embeddable":true,"href":"https:\/\/wizardly-davinci.82-223-8-23.plesk.page\/en\/wp-json\/wp\/v2\/media\/59533"}],"wp:attachment":[{"href":"https:\/\/wizardly-davinci.82-223-8-23.plesk.page\/en\/wp-json\/wp\/v2\/media?parent=59532"}],"wp:term":[{"taxonomy":"product_cat","embeddable":true,"href":"https:\/\/wizardly-davinci.82-223-8-23.plesk.page\/en\/wp-json\/wp\/v2\/product_cat?post=59532"},{"taxonomy":"product_tag","embeddable":true,"href":"https:\/\/wizardly-davinci.82-223-8-23.plesk.page\/en\/wp-json\/wp\/v2\/product_tag?post=59532"},{"taxonomy":"edicion","embeddable":true,"href":"https:\/\/wizardly-davinci.82-223-8-23.plesk.page\/en\/wp-json\/wp\/v2\/edicion?post=59532"},{"taxonomy":"editoriales","embeddable":true,"href":"https:\/\/wizardly-davinci.82-223-8-23.plesk.page\/en\/wp-json\/wp\/v2\/editoriales?post=59532"},{"taxonomy":"tienda","embeddable":true,"href":"https:\/\/wizardly-davinci.82-223-8-23.plesk.page\/en\/wp-json\/wp\/v2\/tienda?post=59532"},{"taxonomy":"autor_id","embeddable":true,"href":"https:\/\/wizardly-davinci.82-223-8-23.plesk.page\/en\/wp-json\/wp\/v2\/autor_id?post=59532"},{"taxonomy":"universidades_coeditoras","embeddable":true,"href":"https:\/\/wizardly-davinci.82-223-8-23.plesk.page\/en\/wp-json\/wp\/v2\/universidades_coeditoras?post=59532"},{"taxonomy":"palabras_clave","embeddable":true,"href":"https:\/\/wizardly-davinci.82-223-8-23.plesk.page\/en\/wp-json\/wp\/v2\/palabras_clave?post=59532"},{"taxonomy":"listado_alfabetico","embeddable":true,"href":"https:\/\/wizardly-davinci.82-223-8-23.plesk.page\/en\/wp-json\/wp\/v2\/listado_alfabetico?post=59532"}],"curies":[{"name":"wp","href":"https:\/\/api.w.org\/{rel}","templated":true}]}}