{"id":59535,"date":"2019-07-01T14:57:10","date_gmt":"2019-07-01T14:57:10","guid":{"rendered":"https:\/\/octaedro.com\/?post_type=product&#038;p=59535"},"modified":"2022-07-13T12:56:51","modified_gmt":"2022-07-13T10:56:51","slug":"la-transicio-a-les-renovables","status":"publish","type":"product","link":"https:\/\/wizardly-davinci.82-223-8-23.plesk.page\/en\/producto\/la-transicio-a-les-renovables\/","title":{"rendered":"La transici\u00f3 a les renovables"},"content":{"rendered":"<p><em><strong>La transici\u00f3 a les renovables. Cap a una energia social i solid\u00e0ria<\/strong><\/em>\u00a0planteja un pla per desplegar el canvi cap a un 100% de fonts d\u2019<strong>energia renovables<\/strong>, una proposta realitzada en el si de l\u2019associaci\u00f3\u00a0<a href=\"https:\/\/pol-len.cat\/autoria\/cmes\/\">Col\u00b7lectiu per a un nou model Energ\u00e8tic i Social Sostenible<\/a>\u00a0(CMES). Quin paper ha de tenir l\u2019economia social i solid\u00e0ria en aquesta transici\u00f3? Com deconstru\u00efm una arquitectura energ\u00e8tica que privatitza els b\u00e9ns comuns naturals i socialitza els costos de la seva nocivitat sobre la poblaci\u00f3? La perspectiva de la sobirania energ\u00e8tica \u00e9s clau. L\u2019economia capitalista del creixement ha topat amb els l\u00edmits de la Terra. Si les nou \u00faltimes generacions han consumit el 33% de les reserves de fonts d\u2019energia no renovables, les tres darreres n\u2019hem consumit el 87% d\u2019aquest total. Les conseq\u00fc\u00e8ncies clim\u00e0tiques, mediambientals i socials s\u00f3n devastadores i amenacen la nostra vida quotidiana. El llibre tamb\u00e9 presenta 25 iniciatives socioecon\u00f2miques per a la transici\u00f3 i la sobirania energ\u00e8tica, impulsades per entitats que ja caminen cap a la transici\u00f3 ineludible. Una coedici\u00f3 de la col\u00b7lecci\u00f3 Eines, impulsada entre la\u00a0<a href=\"http:\/\/xes.cat\/\">XES<\/a>\u00a0i\u00a0<a href=\"https:\/\/pol-len.cat\/qui-som\/\">Pol\u00b7len<\/a>.<\/p>\n","protected":false},"excerpt":{"rendered":"<p><strong>La transici\u00f3 a les renovables. Cap a una energia social i solid\u00e0ria<\/strong> planteja un pla per desplegar el canvi cap a un 100% de fonts d\u2019<strong>energia renovables<\/strong>, una proposta realitzada en el si de l\u2019associaci\u00f3 Col\u00b7lectiu per a un nou <strong><em>model Energ\u00e8tic i Social Sostenible<\/em><\/strong> (CMES). Quin paper ha de tenir l\u2019economia social i solid\u00e0ria en aquesta transici\u00f3? Com deconstru\u00efm una arquitectura energ\u00e8tica que privatitza els b\u00e9ns comuns naturals i socialitza els costos de la seva nocivitat sobre la poblaci\u00f3? La perspectiva de la sobirania energ\u00e8tica \u00e9s clau. L\u2019economia capitalista del creixement ha topat amb els l\u00edmits de la Terra. Si les nou \u00faltimes generacions han consumit el 33% de les reserves de fonts d\u2019energia no renovables, les tres darreres n\u2019hem consumit el 87% d\u2019aquest total. Les conseq\u00fc\u00e8ncies clim\u00e0tiques, mediambientals i socials s\u00f3n devastadores i amenacen la nostra vida quotidiana. El llibre tamb\u00e9 presenta 25 iniciatives socioecon\u00f2miques per a la transici\u00f3 i la sobirania energ\u00e8tica, impulsades per entitats que ja caminen cap a la transici\u00f3 ineludible. Una coedici\u00f3 de la col\u00b7lecci\u00f3 Eines, impulsada entre la XES i Pol\u00b7len.<\/p>\n","protected":false},"featured_media":59536,"comment_status":"open","ping_status":"closed","template":"","meta":{"_et_pb_use_builder":"","_et_pb_old_content":"","_et_gb_content_width":""},"product_cat":[2614,6675],"product_tag":[2602],"edicion":[1083],"editoriales":[1162],"tienda":[],"autor_id":[21770,6236],"universidades_coeditoras":[],"palabras_clave":[],"listado_alfabetico":[],"acf":[],"_links":{"self":[{"href":"https:\/\/wizardly-davinci.82-223-8-23.plesk.page\/en\/wp-json\/wp\/v2\/product\/59535"}],"collection":[{"href":"https:\/\/wizardly-davinci.82-223-8-23.plesk.page\/en\/wp-json\/wp\/v2\/product"}],"about":[{"href":"https:\/\/wizardly-davinci.82-223-8-23.plesk.page\/en\/wp-json\/wp\/v2\/types\/product"}],"replies":[{"embeddable":true,"href":"https:\/\/wizardly-davinci.82-223-8-23.plesk.page\/en\/wp-json\/wp\/v2\/comments?post=59535"}],"wp:featuredmedia":[{"embeddable":true,"href":"https:\/\/wizardly-davinci.82-223-8-23.plesk.page\/en\/wp-json\/wp\/v2\/media\/59536"}],"wp:attachment":[{"href":"https:\/\/wizardly-davinci.82-223-8-23.plesk.page\/en\/wp-json\/wp\/v2\/media?parent=59535"}],"wp:term":[{"taxonomy":"product_cat","embeddable":true,"href":"https:\/\/wizardly-davinci.82-223-8-23.plesk.page\/en\/wp-json\/wp\/v2\/product_cat?post=59535"},{"taxonomy":"product_tag","embeddable":true,"href":"https:\/\/wizardly-davinci.82-223-8-23.plesk.page\/en\/wp-json\/wp\/v2\/product_tag?post=59535"},{"taxonomy":"edicion","embeddable":true,"href":"https:\/\/wizardly-davinci.82-223-8-23.plesk.page\/en\/wp-json\/wp\/v2\/edicion?post=59535"},{"taxonomy":"editoriales","embeddable":true,"href":"https:\/\/wizardly-davinci.82-223-8-23.plesk.page\/en\/wp-json\/wp\/v2\/editoriales?post=59535"},{"taxonomy":"tienda","embeddable":true,"href":"https:\/\/wizardly-davinci.82-223-8-23.plesk.page\/en\/wp-json\/wp\/v2\/tienda?post=59535"},{"taxonomy":"autor_id","embeddable":true,"href":"https:\/\/wizardly-davinci.82-223-8-23.plesk.page\/en\/wp-json\/wp\/v2\/autor_id?post=59535"},{"taxonomy":"universidades_coeditoras","embeddable":true,"href":"https:\/\/wizardly-davinci.82-223-8-23.plesk.page\/en\/wp-json\/wp\/v2\/universidades_coeditoras?post=59535"},{"taxonomy":"palabras_clave","embeddable":true,"href":"https:\/\/wizardly-davinci.82-223-8-23.plesk.page\/en\/wp-json\/wp\/v2\/palabras_clave?post=59535"},{"taxonomy":"listado_alfabetico","embeddable":true,"href":"https:\/\/wizardly-davinci.82-223-8-23.plesk.page\/en\/wp-json\/wp\/v2\/listado_alfabetico?post=59535"}],"curies":[{"name":"wp","href":"https:\/\/api.w.org\/{rel}","templated":true}]}}