{"id":59539,"date":"2020-07-01T15:11:51","date_gmt":"2020-07-01T15:11:51","guid":{"rendered":"https:\/\/octaedro.com\/?post_type=product&#038;p=59539"},"modified":"2022-06-07T11:46:27","modified_gmt":"2022-06-07T11:46:27","slug":"el-futuro-es-local","status":"publish","type":"product","link":"https:\/\/wizardly-davinci.82-223-8-23.plesk.page\/en\/producto\/el-futuro-es-local\/","title":{"rendered":"El futuro es local"},"content":{"rendered":"<p>La globalizaci\u00f3n no tiene futuro. En todas las regiones del mundo, est\u00e1 surgiendo un movimiento de localizaci\u00f3n para recuperar el control sobre las propias econom\u00edas, una v\u00eda que est\u00e1 reconstruyendo los v\u00ednculos en comunidades que el capitalismo ha fracturado o da\u00f1ado. En la vanguardia de este movimiento inspirador que favorece la autonom\u00eda y la diversidad se encuentra la creaci\u00f3n de sistemas alimentarios locales, basados en la ecolog\u00eda y la soberan\u00eda alimentaria. Hay tambi\u00e9n otras tendencias claras en finanzas, educaci\u00f3n, energ\u00edas renovables, gobernanza y mucho m\u00e1s. El futuro es local se encarga de hilar \u2014y hacer compatibles\u2014 estas dos luchas, la resistencia ante los mercados globalizados y desregulados y la del florecimiento de las \u2018econom\u00edas de la felicidad\u2019 a nivel local. Un libro escrito por\u00a0<a href=\"https:\/\/pol-len.cat\/autoria\/helena-norberg-hodge\/\">Helena Norberg-Hodge<\/a>, co-fundadora de la entidad Local Futures, organizaci\u00f3n que hace 40 a\u00f1os que trabaja para la localizaci\u00f3n. El ensayo incluye una introducci\u00f3n de Jes\u00fas Iglesias Saugar que repasa iniciativas locales en el Estado espa\u00f1ol.<\/p>\n<p class=\"p3\"><em>\u00abObservemos un ser vivo, mi cuerpo, el de usted, cualquier organismo vivo. \u00bfC\u00f3mo funciona? \u00bfDe qu\u00e9 est\u00e1 hecho? Est\u00e1 hecho de millones de c\u00e9lulas, cada una de ellas un peque\u00f1o ser vivo, capaz de producir su propia energ\u00eda, capaz de gestionar sus propios residuos. Es decir, un ser vivo que controla su propia econom\u00eda. Y as\u00ed deber\u00edan de ser las econom\u00edas en nuestro planeta, la suma de millones de peque\u00f1as comunidades sostenibles, aut\u00f3nomas, que gestionan sus propios recursos, que gestionan sus propios residuos\u00bb.<\/em><\/p>\n","protected":false},"excerpt":{"rendered":"<p>La globalizaci\u00f3n no tiene futuro. En todas las regiones del mundo, est\u00e1 surgiendo un movimiento de localizaci\u00f3n para recuperar el control sobre las propias econom\u00edas, una v\u00eda que est\u00e1 reconstruyendo los v\u00ednculos en comunidades que el capitalismo ha fracturado o da\u00f1ado. En la vanguardia de este movimiento inspirador que favorece la autonom\u00eda y la diversidad se encuentra la creaci\u00f3n de sistemas alimentarios locales, basados en la ecolog\u00eda y la soberan\u00eda alimentaria. Hay tambi\u00e9n otras tendencias claras en finanzas, educaci\u00f3n, energ\u00edas renovables, gobernanza y mucho m\u00e1s. <strong>El futuro es local<\/strong> se encarga de hilar \u2014y hacer compatibles\u2014 estas dos luchas, la resistencia ante los mercados globalizados y desregulados y la del florecimiento de las \u2018econom\u00edas de la felicidad\u2019 a nivel local. Un libro escrito por <strong>Helena Norberg-Hodge<\/strong>, co-fundadora de la entidad Local Futures, organizaci\u00f3n que hace 40 a\u00f1os que trabaja para la localizaci\u00f3n. El ensayo incluye una introducci\u00f3n de Jes\u00fas Iglesias Saugar que repasa iniciativas locales en el Estado espa\u00f1ol.<\/p>\n<p>\u00ab<em>Observemos un ser vivo, mi cuerpo, el de usted, cualquier organismo vivo. \u00bfC\u00f3mo funciona? \u00bfDe qu\u00e9 est\u00e1 hecho? Est\u00e1 hecho de millones de c\u00e9lulas, cada una de ellas un peque\u00f1o ser vivo, capaz de producir su propia energ\u00eda, capaz de gestionar sus propios residuos. Es decir, un ser vivo que controla su propia econom\u00eda. Y as\u00ed deber\u00edan de ser las econom\u00edas en nuestro planeta, la suma de millones de peque\u00f1as comunidades sostenibles, aut\u00f3nomas, que gestionan sus propios recursos, que gestionan sus propios residuos<\/em>\u00bb.<\/p>\n","protected":false},"featured_media":59540,"comment_status":"open","ping_status":"closed","template":"","meta":{"_et_pb_use_builder":"","_et_pb_old_content":"","_et_gb_content_width":""},"product_cat":[2614,6675],"product_tag":[2602],"edicion":[1083],"editoriales":[1162],"tienda":[],"autor_id":[21774],"universidades_coeditoras":[],"palabras_clave":[],"listado_alfabetico":[],"acf":[],"_links":{"self":[{"href":"https:\/\/wizardly-davinci.82-223-8-23.plesk.page\/en\/wp-json\/wp\/v2\/product\/59539"}],"collection":[{"href":"https:\/\/wizardly-davinci.82-223-8-23.plesk.page\/en\/wp-json\/wp\/v2\/product"}],"about":[{"href":"https:\/\/wizardly-davinci.82-223-8-23.plesk.page\/en\/wp-json\/wp\/v2\/types\/product"}],"replies":[{"embeddable":true,"href":"https:\/\/wizardly-davinci.82-223-8-23.plesk.page\/en\/wp-json\/wp\/v2\/comments?post=59539"}],"wp:featuredmedia":[{"embeddable":true,"href":"https:\/\/wizardly-davinci.82-223-8-23.plesk.page\/en\/wp-json\/wp\/v2\/media\/59540"}],"wp:attachment":[{"href":"https:\/\/wizardly-davinci.82-223-8-23.plesk.page\/en\/wp-json\/wp\/v2\/media?parent=59539"}],"wp:term":[{"taxonomy":"product_cat","embeddable":true,"href":"https:\/\/wizardly-davinci.82-223-8-23.plesk.page\/en\/wp-json\/wp\/v2\/product_cat?post=59539"},{"taxonomy":"product_tag","embeddable":true,"href":"https:\/\/wizardly-davinci.82-223-8-23.plesk.page\/en\/wp-json\/wp\/v2\/product_tag?post=59539"},{"taxonomy":"edicion","embeddable":true,"href":"https:\/\/wizardly-davinci.82-223-8-23.plesk.page\/en\/wp-json\/wp\/v2\/edicion?post=59539"},{"taxonomy":"editoriales","embeddable":true,"href":"https:\/\/wizardly-davinci.82-223-8-23.plesk.page\/en\/wp-json\/wp\/v2\/editoriales?post=59539"},{"taxonomy":"tienda","embeddable":true,"href":"https:\/\/wizardly-davinci.82-223-8-23.plesk.page\/en\/wp-json\/wp\/v2\/tienda?post=59539"},{"taxonomy":"autor_id","embeddable":true,"href":"https:\/\/wizardly-davinci.82-223-8-23.plesk.page\/en\/wp-json\/wp\/v2\/autor_id?post=59539"},{"taxonomy":"universidades_coeditoras","embeddable":true,"href":"https:\/\/wizardly-davinci.82-223-8-23.plesk.page\/en\/wp-json\/wp\/v2\/universidades_coeditoras?post=59539"},{"taxonomy":"palabras_clave","embeddable":true,"href":"https:\/\/wizardly-davinci.82-223-8-23.plesk.page\/en\/wp-json\/wp\/v2\/palabras_clave?post=59539"},{"taxonomy":"listado_alfabetico","embeddable":true,"href":"https:\/\/wizardly-davinci.82-223-8-23.plesk.page\/en\/wp-json\/wp\/v2\/listado_alfabetico?post=59539"}],"curies":[{"name":"wp","href":"https:\/\/api.w.org\/{rel}","templated":true}]}}