{"id":59546,"date":"2020-11-01T15:39:22","date_gmt":"2020-11-01T15:39:22","guid":{"rendered":"https:\/\/octaedro.com\/?post_type=product&#038;p=59546"},"modified":"2022-06-07T12:09:58","modified_gmt":"2022-06-07T12:09:58","slug":"manifest-de-la-nova-dona-vella","status":"publish","type":"product","link":"https:\/\/wizardly-davinci.82-223-8-23.plesk.page\/en\/producto\/manifest-de-la-nova-dona-vella\/","title":{"rendered":"Manifest de la nova dona vella"},"content":{"rendered":"<p>Manifest de la nova dona vella \u00e9s l\u2019\u00faltim poemari tradu\u00eft al catal\u00e0 de Mari Luz Esteban, investigadora especialitzada en l\u2019antropologia feminista i activista. Un poemari que ens parla d\u2019un subjecte invisible, infamat, estereotipat, mai protagonista: les dones velles. I el reinventa, des d\u2019una mirada cr\u00edtica i feminista, i el proposa com a imaginari col\u00b7lectiu: la nova dona vella. Un poemari necessari, per posar sobre la taula i repensar all\u00f2 que ens afecta a totes (i a tots): la vellesa.<\/p>\n<p>\u201cLa nova dona vella fa la feina de posar veu a les preguntes, a les reflexions, a les preocupacions de moltes dones grans; mastega i rumia aquestes inquietuds amb el prop\u00f2sit d\u2019escampar-les per la societat\u201d<\/p>\n","protected":false},"excerpt":{"rendered":"<p><strong>Manifest de la nova dona vella<\/strong> \u00e9s l\u2019\u00faltim poemari tradu\u00eft al catal\u00e0 de <strong>Mari Luz Esteban<\/strong>, investigadora especialitzada en l\u2019antropologia feminista i activista. Un poemari que ens parla d\u2019un subjecte invisible, infamat, estereotipat, mai protagonista: les dones velles. I el reinventa, des d\u2019una mirada cr\u00edtica i feminista, i el proposa com a imaginari col\u00b7lectiu: la nova dona vella. Un poemari necessari, per posar sobre la taula i repensar all\u00f2 que ens afecta a totes (i a tots): la vellesa.<\/p>\n<p>\u201c<em>La nova dona vella fa la feina de posar veu a les preguntes, a les reflexions, a les preocupacions de moltes dones grans; mastega i rumia aquestes inquietuds amb el prop\u00f2sit d\u2019escampar-les per la societat<\/em>\u201d<\/p>\n","protected":false},"featured_media":59547,"comment_status":"open","ping_status":"closed","template":"","meta":{"_et_pb_use_builder":"","_et_pb_old_content":"","_et_gb_content_width":""},"product_cat":[2614,6675],"product_tag":[2602],"edicion":[1083],"editoriales":[1162],"tienda":[],"autor_id":[21776],"universidades_coeditoras":[],"palabras_clave":[],"listado_alfabetico":[],"acf":[],"_links":{"self":[{"href":"https:\/\/wizardly-davinci.82-223-8-23.plesk.page\/en\/wp-json\/wp\/v2\/product\/59546"}],"collection":[{"href":"https:\/\/wizardly-davinci.82-223-8-23.plesk.page\/en\/wp-json\/wp\/v2\/product"}],"about":[{"href":"https:\/\/wizardly-davinci.82-223-8-23.plesk.page\/en\/wp-json\/wp\/v2\/types\/product"}],"replies":[{"embeddable":true,"href":"https:\/\/wizardly-davinci.82-223-8-23.plesk.page\/en\/wp-json\/wp\/v2\/comments?post=59546"}],"wp:featuredmedia":[{"embeddable":true,"href":"https:\/\/wizardly-davinci.82-223-8-23.plesk.page\/en\/wp-json\/wp\/v2\/media\/59547"}],"wp:attachment":[{"href":"https:\/\/wizardly-davinci.82-223-8-23.plesk.page\/en\/wp-json\/wp\/v2\/media?parent=59546"}],"wp:term":[{"taxonomy":"product_cat","embeddable":true,"href":"https:\/\/wizardly-davinci.82-223-8-23.plesk.page\/en\/wp-json\/wp\/v2\/product_cat?post=59546"},{"taxonomy":"product_tag","embeddable":true,"href":"https:\/\/wizardly-davinci.82-223-8-23.plesk.page\/en\/wp-json\/wp\/v2\/product_tag?post=59546"},{"taxonomy":"edicion","embeddable":true,"href":"https:\/\/wizardly-davinci.82-223-8-23.plesk.page\/en\/wp-json\/wp\/v2\/edicion?post=59546"},{"taxonomy":"editoriales","embeddable":true,"href":"https:\/\/wizardly-davinci.82-223-8-23.plesk.page\/en\/wp-json\/wp\/v2\/editoriales?post=59546"},{"taxonomy":"tienda","embeddable":true,"href":"https:\/\/wizardly-davinci.82-223-8-23.plesk.page\/en\/wp-json\/wp\/v2\/tienda?post=59546"},{"taxonomy":"autor_id","embeddable":true,"href":"https:\/\/wizardly-davinci.82-223-8-23.plesk.page\/en\/wp-json\/wp\/v2\/autor_id?post=59546"},{"taxonomy":"universidades_coeditoras","embeddable":true,"href":"https:\/\/wizardly-davinci.82-223-8-23.plesk.page\/en\/wp-json\/wp\/v2\/universidades_coeditoras?post=59546"},{"taxonomy":"palabras_clave","embeddable":true,"href":"https:\/\/wizardly-davinci.82-223-8-23.plesk.page\/en\/wp-json\/wp\/v2\/palabras_clave?post=59546"},{"taxonomy":"listado_alfabetico","embeddable":true,"href":"https:\/\/wizardly-davinci.82-223-8-23.plesk.page\/en\/wp-json\/wp\/v2\/listado_alfabetico?post=59546"}],"curies":[{"name":"wp","href":"https:\/\/api.w.org\/{rel}","templated":true}]}}