{"id":59549,"date":"2021-11-01T15:55:02","date_gmt":"2021-11-01T15:55:02","guid":{"rendered":"https:\/\/octaedro.com\/?post_type=product&#038;p=59549"},"modified":"2022-06-07T12:10:53","modified_gmt":"2022-06-07T12:10:53","slug":"jacob-el-treballador-de-la-nit","status":"publish","type":"product","link":"https:\/\/wizardly-davinci.82-223-8-23.plesk.page\/en\/producto\/jacob-el-treballador-de-la-nit\/","title":{"rendered":"Jacob. El treballador de la nit"},"content":{"rendered":"<p><em>Jacob. El treballador de la nit<\/em>\u00a0\u00e9s la vida il\u00b7lustrada de l\u2019anarquista\u00a0<a href=\"https:\/\/es.wikipedia.org\/wiki\/Marius_Jacob\"><strong>Alexandre Marius Jacob<\/strong><\/a>, qui va tenir una vida inusual. Al costat d\u2019un grup que la premsa va denominar \u00abEls treballadors de la nit\u00bb, va capgirar la Fran\u00e7a de la Belle \u00c9poque amb nombroses expropiacions a les fam\u00edlies m\u00e9s benestants i riques del pa\u00eds. Despr\u00e9s d\u2019expropiar, el grup deixava notes punyents on explicava que no ho feien per omplir-se les butxaques, sin\u00f3 per repartir-ho entre les persones i les lluites que m\u00e9s ho necessitaven i per intentar enderrocar aquella falsa societat.<\/p>\n<p>Sincer i \u00edntegre, intel\u00b7ligent i gener\u00f3s, vehement i sensible, Alexandre Jacob \u00e9s una figura que fascina i sedueix, abans i ara, i ha arribat a ser font d\u2019inspiraci\u00f3 del personatge de ficci\u00f3\u00a0<a href=\"https:\/\/ca.wikipedia.org\/wiki\/Ars%C3%A8ne_Lupin\">Ars\u00e8ne Lupin<\/a>. \u00c9s la hist\u00f2ria \u00e8pica d\u2019un home entranyable i \u00fanic, reflex d\u2019una \u00e8poca passada, l\u2019eco del qual continua ressonant al m\u00f3n actual.<\/p>\n<p>Premi Lyc\u00e9en Social BD 2019<\/p>\n<p>Premi Quais du Polar BD 2019<\/p>\n","protected":false},"excerpt":{"rendered":"<p><strong>Jacob. El treballador de la nit<\/strong>\u00a0\u00e9s la vida il\u00b7lustrada de l\u2019anarquista\u00a0<strong>Alexandre Marius Jacob<\/strong>, qui va tenir una vida inusual. Al costat d\u2019un grup que la premsa va denominar \u00ab<em>Els treballadors de la nit<\/em>\u00bb, va capgirar la Fran\u00e7a de la Belle \u00c9poque amb nombroses expropiacions a les fam\u00edlies m\u00e9s benestants i riques del pa\u00eds. Despr\u00e9s d\u2019expropiar, el grup deixava notes punyents on explicava que no ho feien per omplir-se les butxaques, sin\u00f3 per repartir-ho entre les persones i les lluites que m\u00e9s ho necessitaven i per intentar enderrocar aquella falsa societat.<\/p>\n<p>Sincer i \u00edntegre, intel\u00b7ligent i gener\u00f3s, vehement i sensible, Alexandre Jacob \u00e9s una figura que fascina i sedueix, abans i ara, i ha arribat a ser font d\u2019inspiraci\u00f3 del personatge de ficci\u00f3\u00a0<strong>Ars\u00e8ne Lupin<\/strong>. \u00c9s la hist\u00f2ria \u00e8pica d\u2019un home entranyable i \u00fanic, reflex d\u2019una \u00e8poca passada, l\u2019eco del qual continua ressonant al m\u00f3n actual.<\/p>\n<p>Premi Lyc\u00e9en Social BD 2019<\/p>\n<p>Premi Quais du Polar BD 2019<\/p>\n","protected":false},"featured_media":59550,"comment_status":"open","ping_status":"closed","template":"","meta":{"_et_pb_use_builder":"","_et_pb_old_content":"","_et_gb_content_width":""},"product_cat":[2614,6675],"product_tag":[2602],"edicion":[1083],"editoriales":[1162],"tienda":[],"autor_id":[21778],"universidades_coeditoras":[],"palabras_clave":[],"listado_alfabetico":[],"acf":[],"_links":{"self":[{"href":"https:\/\/wizardly-davinci.82-223-8-23.plesk.page\/en\/wp-json\/wp\/v2\/product\/59549"}],"collection":[{"href":"https:\/\/wizardly-davinci.82-223-8-23.plesk.page\/en\/wp-json\/wp\/v2\/product"}],"about":[{"href":"https:\/\/wizardly-davinci.82-223-8-23.plesk.page\/en\/wp-json\/wp\/v2\/types\/product"}],"replies":[{"embeddable":true,"href":"https:\/\/wizardly-davinci.82-223-8-23.plesk.page\/en\/wp-json\/wp\/v2\/comments?post=59549"}],"wp:featuredmedia":[{"embeddable":true,"href":"https:\/\/wizardly-davinci.82-223-8-23.plesk.page\/en\/wp-json\/wp\/v2\/media\/59550"}],"wp:attachment":[{"href":"https:\/\/wizardly-davinci.82-223-8-23.plesk.page\/en\/wp-json\/wp\/v2\/media?parent=59549"}],"wp:term":[{"taxonomy":"product_cat","embeddable":true,"href":"https:\/\/wizardly-davinci.82-223-8-23.plesk.page\/en\/wp-json\/wp\/v2\/product_cat?post=59549"},{"taxonomy":"product_tag","embeddable":true,"href":"https:\/\/wizardly-davinci.82-223-8-23.plesk.page\/en\/wp-json\/wp\/v2\/product_tag?post=59549"},{"taxonomy":"edicion","embeddable":true,"href":"https:\/\/wizardly-davinci.82-223-8-23.plesk.page\/en\/wp-json\/wp\/v2\/edicion?post=59549"},{"taxonomy":"editoriales","embeddable":true,"href":"https:\/\/wizardly-davinci.82-223-8-23.plesk.page\/en\/wp-json\/wp\/v2\/editoriales?post=59549"},{"taxonomy":"tienda","embeddable":true,"href":"https:\/\/wizardly-davinci.82-223-8-23.plesk.page\/en\/wp-json\/wp\/v2\/tienda?post=59549"},{"taxonomy":"autor_id","embeddable":true,"href":"https:\/\/wizardly-davinci.82-223-8-23.plesk.page\/en\/wp-json\/wp\/v2\/autor_id?post=59549"},{"taxonomy":"universidades_coeditoras","embeddable":true,"href":"https:\/\/wizardly-davinci.82-223-8-23.plesk.page\/en\/wp-json\/wp\/v2\/universidades_coeditoras?post=59549"},{"taxonomy":"palabras_clave","embeddable":true,"href":"https:\/\/wizardly-davinci.82-223-8-23.plesk.page\/en\/wp-json\/wp\/v2\/palabras_clave?post=59549"},{"taxonomy":"listado_alfabetico","embeddable":true,"href":"https:\/\/wizardly-davinci.82-223-8-23.plesk.page\/en\/wp-json\/wp\/v2\/listado_alfabetico?post=59549"}],"curies":[{"name":"wp","href":"https:\/\/api.w.org\/{rel}","templated":true}]}}