{"id":59555,"date":"2021-01-01T16:14:06","date_gmt":"2021-01-01T16:14:06","guid":{"rendered":"https:\/\/octaedro.com\/?post_type=product&#038;p=59555"},"modified":"2022-06-07T12:18:08","modified_gmt":"2022-06-07T12:18:08","slug":"quesos-veganos","status":"publish","type":"product","link":"https:\/\/wizardly-davinci.82-223-8-23.plesk.page\/en\/producto\/quesos-veganos\/","title":{"rendered":"Quesos veganos"},"content":{"rendered":"<p><strong><em>Quesos veganos. 26 recetas para una vida sin l\u00e1cteos\u00a0<\/em><\/strong>es mucho m\u00e1s que un manual, mucho m\u00e1s que una gu\u00eda y mucho m\u00e1s que un recetario. El libro que presentamos hoy est\u00e1 esperando que lo abras y que lo uses, no solo para preparar deliciosas recetas de quesos veganos, sino para aprender muchas cosas sobre alimentos y alimentaci\u00f3n.<\/p>\n<p><a href=\"https:\/\/pol-len.cat\/autoria\/mi-ponte\/\"><strong>Mi Ponte<\/strong><\/a>\u00a0y\u00a0<a href=\"https:\/\/pol-len.cat\/autoria\/xana-calao\/\"><strong>Xana Calao<\/strong><\/a>, autora del libro y fot\u00f3grafa respectivament, forman parte de\u00a0<a href=\"https:\/\/www.alquimiavegana.es\/\"><strong>Alquimia Vegana<\/strong><\/a>, un colectivo que te recomendamos conocer.<\/p>\n","protected":false},"excerpt":{"rendered":"<p><strong>Quesos veganos. 26 recetas para una vida sin l\u00e1cteos<\/strong>\u00a0es mucho m\u00e1s que un manual, mucho m\u00e1s que una gu\u00eda y mucho m\u00e1s que un recetario. El libro que presentamos hoy est\u00e1 esperando que lo abras y que lo uses, no solo para preparar deliciosas recetas de quesos veganos, sino para aprender muchas cosas sobre alimentos y alimentaci\u00f3n.<\/p>\n<p><strong>Mi Ponte<\/strong>\u00a0y\u00a0<strong>Xana Calao<\/strong>, autora del libro y fot\u00f3grafa respectivament, forman parte de\u00a0<strong>Alquimia Vegana<\/strong>, un colectivo que te recomendamos conocer.<\/p>\n","protected":false},"featured_media":59556,"comment_status":"open","ping_status":"closed","template":"","meta":{"_et_pb_use_builder":"","_et_pb_old_content":"","_et_gb_content_width":""},"product_cat":[2614,6675],"product_tag":[2602],"edicion":[1083],"editoriales":[1162],"tienda":[],"autor_id":[21783],"universidades_coeditoras":[],"palabras_clave":[],"listado_alfabetico":[],"acf":[],"_links":{"self":[{"href":"https:\/\/wizardly-davinci.82-223-8-23.plesk.page\/en\/wp-json\/wp\/v2\/product\/59555"}],"collection":[{"href":"https:\/\/wizardly-davinci.82-223-8-23.plesk.page\/en\/wp-json\/wp\/v2\/product"}],"about":[{"href":"https:\/\/wizardly-davinci.82-223-8-23.plesk.page\/en\/wp-json\/wp\/v2\/types\/product"}],"replies":[{"embeddable":true,"href":"https:\/\/wizardly-davinci.82-223-8-23.plesk.page\/en\/wp-json\/wp\/v2\/comments?post=59555"}],"wp:featuredmedia":[{"embeddable":true,"href":"https:\/\/wizardly-davinci.82-223-8-23.plesk.page\/en\/wp-json\/wp\/v2\/media\/59556"}],"wp:attachment":[{"href":"https:\/\/wizardly-davinci.82-223-8-23.plesk.page\/en\/wp-json\/wp\/v2\/media?parent=59555"}],"wp:term":[{"taxonomy":"product_cat","embeddable":true,"href":"https:\/\/wizardly-davinci.82-223-8-23.plesk.page\/en\/wp-json\/wp\/v2\/product_cat?post=59555"},{"taxonomy":"product_tag","embeddable":true,"href":"https:\/\/wizardly-davinci.82-223-8-23.plesk.page\/en\/wp-json\/wp\/v2\/product_tag?post=59555"},{"taxonomy":"edicion","embeddable":true,"href":"https:\/\/wizardly-davinci.82-223-8-23.plesk.page\/en\/wp-json\/wp\/v2\/edicion?post=59555"},{"taxonomy":"editoriales","embeddable":true,"href":"https:\/\/wizardly-davinci.82-223-8-23.plesk.page\/en\/wp-json\/wp\/v2\/editoriales?post=59555"},{"taxonomy":"tienda","embeddable":true,"href":"https:\/\/wizardly-davinci.82-223-8-23.plesk.page\/en\/wp-json\/wp\/v2\/tienda?post=59555"},{"taxonomy":"autor_id","embeddable":true,"href":"https:\/\/wizardly-davinci.82-223-8-23.plesk.page\/en\/wp-json\/wp\/v2\/autor_id?post=59555"},{"taxonomy":"universidades_coeditoras","embeddable":true,"href":"https:\/\/wizardly-davinci.82-223-8-23.plesk.page\/en\/wp-json\/wp\/v2\/universidades_coeditoras?post=59555"},{"taxonomy":"palabras_clave","embeddable":true,"href":"https:\/\/wizardly-davinci.82-223-8-23.plesk.page\/en\/wp-json\/wp\/v2\/palabras_clave?post=59555"},{"taxonomy":"listado_alfabetico","embeddable":true,"href":"https:\/\/wizardly-davinci.82-223-8-23.plesk.page\/en\/wp-json\/wp\/v2\/listado_alfabetico?post=59555"}],"curies":[{"name":"wp","href":"https:\/\/api.w.org\/{rel}","templated":true}]}}