{"id":59558,"date":"2013-07-01T16:26:59","date_gmt":"2013-07-01T16:26:59","guid":{"rendered":"https:\/\/octaedro.com\/?post_type=product&#038;p=59558"},"modified":"2022-06-07T12:21:25","modified_gmt":"2022-06-07T12:21:25","slug":"warcelona","status":"publish","type":"product","link":"https:\/\/wizardly-davinci.82-223-8-23.plesk.page\/en\/producto\/warcelona\/","title":{"rendered":"Warcelona"},"content":{"rendered":"<p>Amb el llibre Warcelona, una hist\u00f2ria de viol\u00e8ncia, el fotoperiodista Jordi Borr\u00e0s\u00a0 posa sobre la taula la viol\u00e8ncia als carrers de Barcelona,viol\u00e8ncia en totes les seves cares i expressions possibles: un contenidor cremat, una mirada, una pallissa, una pedrada esberlant un vidre, una amena\u00e7a armada i uniformada, una bandera estripada\u2026 viol\u00e8ncia com a recurs dels que no tenen res o com a excusa per tapar les vergonyes del mal govern.<br \/>\nWarcelona, una hist\u00f2ria de viol\u00e8ncia neix despr\u00e9s d\u2019anys de viure i captar manifestacions al carrer i veure\u2019n amb estupefacci\u00f3 els resultats period\u00edstics. A trav\u00e9s del llibre de fotografies, l\u2019autor mostra totes les\u00a0facetes de la viol\u00e8ncia amb connotacions sociopol\u00edtiques que li ha estat possible fotografiar, amb un doble\u00a0objectiu: denunciar, d\u2019una banda, l\u2019\u00fas desmesurat de la for\u00e7a per part de qui en t\u00e9 el monopoli de forma legal\u00a0i, de l\u2019altra, la manca de rigor informatiu en la majoria de mitjans de comunicaci\u00f3 quan toca valorar avalots\u00a0al carrer.<br \/>\nQuins s\u00f3n els veritables responsables de tota aquesta viol\u00e8ncia? De veritat serveixen d\u2019alguna cosa les mesures repressives per les quals aposta el Departament d\u2019Interior sense cap mena de resultat? Ja fa anys que Jordi Borr\u00e0s s\u2019ho pregunta, i tamb\u00e9 fa anys que humilment en proposa la resposta: cap mesura repressiva\u00a0ser\u00e0 efica\u00e7 per combatre la viol\u00e8ncia, perqu\u00e8 \u2014parafrasejant el t\u00f2pic\u2014 la viol\u00e8ncia, encara que porti placa,\u00a0engendra m\u00e9s viol\u00e8ncia.<br \/>\n\u00abWarcelona, una hist\u00f2ria de viol\u00e8ncia \u00e9s la contracr\u00f2nica gr\u00e0fica d\u2019un temps viscut a contrap\u00e8l i a contratemps, la descodificaci\u00f3 d\u2019escenes de disrupci\u00f3 urbana, de frames concrets de quan tot es trenca, de la targeta de mem\u00f2ria que ens recorda la bronca urbana de quan el carrer esclata en mil contradiccions i bocins. Rere ella, suren tots els ingredients d\u2019una sorda guerra de baixa intensitat, d\u2019ampli espectre i encara\u00a0inacabada, decretada pel Poder contra tota forma de dissid\u00e8ncia\u00bb.<\/p>\n","protected":false},"excerpt":{"rendered":"<p>Amb el llibre Warcelona, una hist\u00f2ria de viol\u00e8ncia, el fotoperiodista Jordi Borr\u00e0s\u00a0 posa sobre la taula la viol\u00e8ncia als carrers de Barcelona,viol\u00e8ncia en totes les seves cares i expressions possibles: un contenidor cremat, una mirada, una pallissa, una pedrada esberlant un vidre, una amena\u00e7a armada i uniformada, una bandera estripada\u2026 viol\u00e8ncia com a recurs dels que no tenen res o com a excusa per tapar les vergonyes del mal govern.<br \/>\nWarcelona, una hist\u00f2ria de viol\u00e8ncia neix despr\u00e9s d\u2019anys de viure i captar manifestacions al carrer i veure\u2019n amb estupefacci\u00f3 els resultats period\u00edstics. A trav\u00e9s del llibre de fotografies, l\u2019autor mostra totes les\u00a0facetes de la viol\u00e8ncia amb connotacions sociopol\u00edtiques que li ha estat possible fotografiar, amb un doble\u00a0objectiu: denunciar, d\u2019una banda, l\u2019\u00fas desmesurat de la for\u00e7a per part de qui en t\u00e9 el monopoli de forma legal\u00a0i, de l\u2019altra, la manca de rigor informatiu en la majoria de mitjans de comunicaci\u00f3 quan toca valorar avalots\u00a0al carrer.<br \/>\nQuins s\u00f3n els veritables responsables de tota aquesta viol\u00e8ncia? De veritat serveixen d\u2019alguna cosa les mesures repressives per les quals aposta el Departament d\u2019Interior sense cap mena de resultat? Ja fa anys que Jordi Borr\u00e0s s\u2019ho pregunta, i tamb\u00e9 fa anys que humilment en proposa la resposta: cap mesura repressiva\u00a0ser\u00e0 efica\u00e7 per combatre la viol\u00e8ncia, perqu\u00e8 \u2014parafrasejant el t\u00f2pic\u2014 la viol\u00e8ncia, encara que porti placa,\u00a0engendra m\u00e9s viol\u00e8ncia.<br \/>\n\u00abWarcelona, una hist\u00f2ria de viol\u00e8ncia \u00e9s la contracr\u00f2nica gr\u00e0fica d\u2019un temps viscut a contrap\u00e8l i a contratemps, la descodificaci\u00f3 d\u2019escenes de disrupci\u00f3 urbana, de frames concrets de quan tot es trenca, de la targeta de mem\u00f2ria que ens recorda la bronca urbana de quan el carrer esclata en mil contradiccions i bocins. Rere ella, suren tots els ingredients d\u2019una sorda guerra de baixa intensitat, d\u2019ampli espectre i encara\u00a0inacabada, decretada pel Poder contra tota forma de dissid\u00e8ncia\u00bb.<\/p>\n","protected":false},"featured_media":59559,"comment_status":"open","ping_status":"closed","template":"","meta":{"_et_pb_use_builder":"","_et_pb_old_content":"","_et_gb_content_width":""},"product_cat":[2614,6675],"product_tag":[2602],"edicion":[1083],"editoriales":[1162],"tienda":[],"autor_id":[21785],"universidades_coeditoras":[],"palabras_clave":[],"listado_alfabetico":[],"acf":[],"_links":{"self":[{"href":"https:\/\/wizardly-davinci.82-223-8-23.plesk.page\/en\/wp-json\/wp\/v2\/product\/59558"}],"collection":[{"href":"https:\/\/wizardly-davinci.82-223-8-23.plesk.page\/en\/wp-json\/wp\/v2\/product"}],"about":[{"href":"https:\/\/wizardly-davinci.82-223-8-23.plesk.page\/en\/wp-json\/wp\/v2\/types\/product"}],"replies":[{"embeddable":true,"href":"https:\/\/wizardly-davinci.82-223-8-23.plesk.page\/en\/wp-json\/wp\/v2\/comments?post=59558"}],"wp:featuredmedia":[{"embeddable":true,"href":"https:\/\/wizardly-davinci.82-223-8-23.plesk.page\/en\/wp-json\/wp\/v2\/media\/59559"}],"wp:attachment":[{"href":"https:\/\/wizardly-davinci.82-223-8-23.plesk.page\/en\/wp-json\/wp\/v2\/media?parent=59558"}],"wp:term":[{"taxonomy":"product_cat","embeddable":true,"href":"https:\/\/wizardly-davinci.82-223-8-23.plesk.page\/en\/wp-json\/wp\/v2\/product_cat?post=59558"},{"taxonomy":"product_tag","embeddable":true,"href":"https:\/\/wizardly-davinci.82-223-8-23.plesk.page\/en\/wp-json\/wp\/v2\/product_tag?post=59558"},{"taxonomy":"edicion","embeddable":true,"href":"https:\/\/wizardly-davinci.82-223-8-23.plesk.page\/en\/wp-json\/wp\/v2\/edicion?post=59558"},{"taxonomy":"editoriales","embeddable":true,"href":"https:\/\/wizardly-davinci.82-223-8-23.plesk.page\/en\/wp-json\/wp\/v2\/editoriales?post=59558"},{"taxonomy":"tienda","embeddable":true,"href":"https:\/\/wizardly-davinci.82-223-8-23.plesk.page\/en\/wp-json\/wp\/v2\/tienda?post=59558"},{"taxonomy":"autor_id","embeddable":true,"href":"https:\/\/wizardly-davinci.82-223-8-23.plesk.page\/en\/wp-json\/wp\/v2\/autor_id?post=59558"},{"taxonomy":"universidades_coeditoras","embeddable":true,"href":"https:\/\/wizardly-davinci.82-223-8-23.plesk.page\/en\/wp-json\/wp\/v2\/universidades_coeditoras?post=59558"},{"taxonomy":"palabras_clave","embeddable":true,"href":"https:\/\/wizardly-davinci.82-223-8-23.plesk.page\/en\/wp-json\/wp\/v2\/palabras_clave?post=59558"},{"taxonomy":"listado_alfabetico","embeddable":true,"href":"https:\/\/wizardly-davinci.82-223-8-23.plesk.page\/en\/wp-json\/wp\/v2\/listado_alfabetico?post=59558"}],"curies":[{"name":"wp","href":"https:\/\/api.w.org\/{rel}","templated":true}]}}