{"id":59562,"date":"2020-05-01T17:16:17","date_gmt":"2020-05-01T17:16:17","guid":{"rendered":"https:\/\/octaedro.com\/?post_type=product&#038;p=59562"},"modified":"2022-06-07T12:35:11","modified_gmt":"2022-06-07T12:35:11","slug":"el-menjar-no-es-llenca","status":"publish","type":"product","link":"https:\/\/wizardly-davinci.82-223-8-23.plesk.page\/en\/producto\/el-menjar-no-es-llenca\/","title":{"rendered":"El menjar no es llen\u00e7a"},"content":{"rendered":"<p>El menjar no es llen\u00e7a. El relat de les criatures sobre l\u2019aprofitament alimentari. Totes hem crescut amb l\u2019imperatiu \u201cEl menjar no es llen\u00e7a!\u201d, per\u00f2 quantes de nosaltres hem fet una reflexi\u00f3 conscient sobre les causes i conseq\u00fc\u00e8ncies d\u2019aquest fenomen? Tot i viure en un context d\u2019emerg\u00e8ncia clim\u00e0tica, el malbaratament alimentari<br \/>\nsegueix sent un terreny for\u00e7a desconegut, que t\u00e9 unes conseq\u00fc\u00e8ncies que van molt m\u00e9s enll\u00e0 de les tones d\u2019aliments descartades. Les autores dels vint-i-vuit contes que tens a les mans ja hi han reflexionat a trav\u00e9s dels seus textos i il\u00b7lustracions.<\/p>\n<p>Els contes d\u2019aquest recull s\u00f3n una selecci\u00f3 de les 168 propostes presentades en la categoria infantil de la\u00a0<strong>5a edici\u00f3 del Premi\u00a0<a href=\"https:\/\/elmenjarnoesllenca.cat\/\">#elmenjarnoesllen\u00e7a<\/a><\/strong>, una iniciativa que organitza anualment la\u00a0<strong><a href=\"http:\/\/espigoladors.cat\/\">Fundaci\u00f3 Espigoladors<\/a><\/strong>, implicant a infants, joves, escoles, mestres i fam\u00edlies a ser part de la soluci\u00f3. Una iniciativa de la Fundaci\u00f3 Espigoladors amb el suport de d\u2019Ag\u00e8ncia de Residus de Catalunya de la Generalitat, i amb la col\u00b7laboraci\u00f3 de l\u2019Ajuntament de Barcelona, l\u2019Ajuntament del Prat de Llobregat i la Diputaci\u00f3 de Barcelona.<\/p>\n","protected":false},"excerpt":{"rendered":"<p>El menjar no es llen\u00e7a. El relat de les criatures sobre l\u2019aprofitament alimentari. Totes hem crescut amb l\u2019imperatiu \u201cEl menjar no es llen\u00e7a!\u201d, per\u00f2 quantes de nosaltres hem fet una reflexi\u00f3 conscient sobre les causes i conseq\u00fc\u00e8ncies d\u2019aquest fenomen? Tot i viure en un context d\u2019emerg\u00e8ncia clim\u00e0tica, el malbaratament alimentari<br \/>\nsegueix sent un terreny for\u00e7a desconegut, que t\u00e9 unes conseq\u00fc\u00e8ncies que van molt m\u00e9s enll\u00e0 de les tones d\u2019aliments descartades. Les autores dels vint-i-vuit contes que tens a les mans ja hi han reflexionat a trav\u00e9s dels seus textos i il\u00b7lustracions.<\/p>\n<p>Els contes d\u2019aquest recull s\u00f3n una selecci\u00f3 de les 168 propostes presentades en la categoria infantil de la\u00a05a edici\u00f3 del Premi\u00a0#elmenjarnoesllen\u00e7a, una iniciativa que organitza anualment la\u00a0Fundaci\u00f3 Espigoladors, implicant a infants, joves, escoles, mestres i fam\u00edlies a ser part de la soluci\u00f3. Una iniciativa de la Fundaci\u00f3 Espigoladors amb el suport de d\u2019Ag\u00e8ncia de Residus de Catalunya de la Generalitat, i amb la col\u00b7laboraci\u00f3 de l\u2019Ajuntament de Barcelona, l\u2019Ajuntament del Prat de Llobregat i la Diputaci\u00f3 de Barcelona.<\/p>\n","protected":false},"featured_media":59563,"comment_status":"open","ping_status":"closed","template":"","meta":{"_et_pb_use_builder":"","_et_pb_old_content":"","_et_gb_content_width":""},"product_cat":[2614,6675],"product_tag":[2602],"edicion":[1083],"editoriales":[1162],"tienda":[],"autor_id":[5083],"universidades_coeditoras":[],"palabras_clave":[],"listado_alfabetico":[],"acf":[],"_links":{"self":[{"href":"https:\/\/wizardly-davinci.82-223-8-23.plesk.page\/en\/wp-json\/wp\/v2\/product\/59562"}],"collection":[{"href":"https:\/\/wizardly-davinci.82-223-8-23.plesk.page\/en\/wp-json\/wp\/v2\/product"}],"about":[{"href":"https:\/\/wizardly-davinci.82-223-8-23.plesk.page\/en\/wp-json\/wp\/v2\/types\/product"}],"replies":[{"embeddable":true,"href":"https:\/\/wizardly-davinci.82-223-8-23.plesk.page\/en\/wp-json\/wp\/v2\/comments?post=59562"}],"wp:featuredmedia":[{"embeddable":true,"href":"https:\/\/wizardly-davinci.82-223-8-23.plesk.page\/en\/wp-json\/wp\/v2\/media\/59563"}],"wp:attachment":[{"href":"https:\/\/wizardly-davinci.82-223-8-23.plesk.page\/en\/wp-json\/wp\/v2\/media?parent=59562"}],"wp:term":[{"taxonomy":"product_cat","embeddable":true,"href":"https:\/\/wizardly-davinci.82-223-8-23.plesk.page\/en\/wp-json\/wp\/v2\/product_cat?post=59562"},{"taxonomy":"product_tag","embeddable":true,"href":"https:\/\/wizardly-davinci.82-223-8-23.plesk.page\/en\/wp-json\/wp\/v2\/product_tag?post=59562"},{"taxonomy":"edicion","embeddable":true,"href":"https:\/\/wizardly-davinci.82-223-8-23.plesk.page\/en\/wp-json\/wp\/v2\/edicion?post=59562"},{"taxonomy":"editoriales","embeddable":true,"href":"https:\/\/wizardly-davinci.82-223-8-23.plesk.page\/en\/wp-json\/wp\/v2\/editoriales?post=59562"},{"taxonomy":"tienda","embeddable":true,"href":"https:\/\/wizardly-davinci.82-223-8-23.plesk.page\/en\/wp-json\/wp\/v2\/tienda?post=59562"},{"taxonomy":"autor_id","embeddable":true,"href":"https:\/\/wizardly-davinci.82-223-8-23.plesk.page\/en\/wp-json\/wp\/v2\/autor_id?post=59562"},{"taxonomy":"universidades_coeditoras","embeddable":true,"href":"https:\/\/wizardly-davinci.82-223-8-23.plesk.page\/en\/wp-json\/wp\/v2\/universidades_coeditoras?post=59562"},{"taxonomy":"palabras_clave","embeddable":true,"href":"https:\/\/wizardly-davinci.82-223-8-23.plesk.page\/en\/wp-json\/wp\/v2\/palabras_clave?post=59562"},{"taxonomy":"listado_alfabetico","embeddable":true,"href":"https:\/\/wizardly-davinci.82-223-8-23.plesk.page\/en\/wp-json\/wp\/v2\/listado_alfabetico?post=59562"}],"curies":[{"name":"wp","href":"https:\/\/api.w.org\/{rel}","templated":true}]}}