{"id":59569,"date":"2015-04-01T19:46:06","date_gmt":"2015-04-01T17:46:06","guid":{"rendered":"https:\/\/octaedro.com\/?post_type=product&#038;p=59569"},"modified":"2022-11-02T11:35:24","modified_gmt":"2022-11-02T10:35:24","slug":"plus-ultra","status":"publish","type":"product","link":"https:\/\/wizardly-davinci.82-223-8-23.plesk.page\/en\/producto\/plus-ultra\/","title":{"rendered":"Plus Ultra"},"content":{"rendered":"<p><em>Plus ultra. Una cr\u00f2nica gr\u00e0fica de l\u2019espanyolisme a Catalunya<\/em>\u00a0\u00e9s una obra a cavall de la fotografia documental, el periodisme d\u2019investigaci\u00f3 i la recerca hist\u00f2rica. Aquest llibre no tracta sobre el proc\u00e9s independentista, ni de la hist\u00f2ria del pa\u00eds, ni dels potents moviments socials que se n\u2019han derivat. Afortunadament d\u2019aquests temes se n\u2019han publicat desenes de milers de p\u00e0gines al llarg dels \u00faltims anys. Per\u00f2 en canvi, sorprenentment, s\u2019ha escrit molt poc del moviment reaccionari que s\u2019ha originat: la resposta dels que no volen que els catalans puguin decidir lliurement el seu futur. L\u2019espanyolisme en la seva m\u00e0xima expressi\u00f3 i els vasos comunicants entre un moviment unionista que no es considera nacionalista i una extrema dreta que s\u2019ha caracteritzat per marcar l\u2019agenda del debat territorial a l\u2019Estat espanyol. Una obra in\u00e8dita i necess\u00e0ria per entendre l\u2019espanyolisme contemporani a Catalunya.<\/p>\n","protected":false},"excerpt":{"rendered":"<p>Plus ultra. Una cr\u00f2nica gr\u00e0fica de l\u2019espanyolisme a Catalunya\u00a0\u00e9s una obra a cavall de la fotografia documental, el periodisme d\u2019investigaci\u00f3 i la recerca hist\u00f2rica. Aquest llibre no tracta sobre el proc\u00e9s independentista, ni de la hist\u00f2ria del pa\u00eds, ni dels potents moviments socials que se n\u2019han derivat. Afortunadament d\u2019aquests temes se n\u2019han publicat desenes de milers de p\u00e0gines al llarg dels \u00faltims anys. Per\u00f2 en canvi, sorprenentment, s\u2019ha escrit molt poc del moviment reaccionari que s\u2019ha originat: la resposta dels que no volen que els catalans puguin decidir lliurement el seu futur. L\u2019espanyolisme en la seva m\u00e0xima expressi\u00f3 i els vasos comunicants entre un moviment unionista que no es considera nacionalista i una extrema dreta que s\u2019ha caracteritzat per marcar l\u2019agenda del debat territorial a l\u2019Estat espanyol. Una obra in\u00e8dita i necess\u00e0ria per entendre l\u2019espanyolisme contemporani a Catalunya.<\/p>\n","protected":false},"featured_media":59570,"comment_status":"open","ping_status":"closed","template":"","meta":{"_et_pb_use_builder":"","_et_pb_old_content":"","_et_gb_content_width":""},"product_cat":[2614,6675],"product_tag":[2602],"edicion":[1083],"editoriales":[1162],"tienda":[],"autor_id":[21785],"universidades_coeditoras":[],"palabras_clave":[],"listado_alfabetico":[],"acf":[],"_links":{"self":[{"href":"https:\/\/wizardly-davinci.82-223-8-23.plesk.page\/en\/wp-json\/wp\/v2\/product\/59569"}],"collection":[{"href":"https:\/\/wizardly-davinci.82-223-8-23.plesk.page\/en\/wp-json\/wp\/v2\/product"}],"about":[{"href":"https:\/\/wizardly-davinci.82-223-8-23.plesk.page\/en\/wp-json\/wp\/v2\/types\/product"}],"replies":[{"embeddable":true,"href":"https:\/\/wizardly-davinci.82-223-8-23.plesk.page\/en\/wp-json\/wp\/v2\/comments?post=59569"}],"wp:featuredmedia":[{"embeddable":true,"href":"https:\/\/wizardly-davinci.82-223-8-23.plesk.page\/en\/wp-json\/wp\/v2\/media\/59570"}],"wp:attachment":[{"href":"https:\/\/wizardly-davinci.82-223-8-23.plesk.page\/en\/wp-json\/wp\/v2\/media?parent=59569"}],"wp:term":[{"taxonomy":"product_cat","embeddable":true,"href":"https:\/\/wizardly-davinci.82-223-8-23.plesk.page\/en\/wp-json\/wp\/v2\/product_cat?post=59569"},{"taxonomy":"product_tag","embeddable":true,"href":"https:\/\/wizardly-davinci.82-223-8-23.plesk.page\/en\/wp-json\/wp\/v2\/product_tag?post=59569"},{"taxonomy":"edicion","embeddable":true,"href":"https:\/\/wizardly-davinci.82-223-8-23.plesk.page\/en\/wp-json\/wp\/v2\/edicion?post=59569"},{"taxonomy":"editoriales","embeddable":true,"href":"https:\/\/wizardly-davinci.82-223-8-23.plesk.page\/en\/wp-json\/wp\/v2\/editoriales?post=59569"},{"taxonomy":"tienda","embeddable":true,"href":"https:\/\/wizardly-davinci.82-223-8-23.plesk.page\/en\/wp-json\/wp\/v2\/tienda?post=59569"},{"taxonomy":"autor_id","embeddable":true,"href":"https:\/\/wizardly-davinci.82-223-8-23.plesk.page\/en\/wp-json\/wp\/v2\/autor_id?post=59569"},{"taxonomy":"universidades_coeditoras","embeddable":true,"href":"https:\/\/wizardly-davinci.82-223-8-23.plesk.page\/en\/wp-json\/wp\/v2\/universidades_coeditoras?post=59569"},{"taxonomy":"palabras_clave","embeddable":true,"href":"https:\/\/wizardly-davinci.82-223-8-23.plesk.page\/en\/wp-json\/wp\/v2\/palabras_clave?post=59569"},{"taxonomy":"listado_alfabetico","embeddable":true,"href":"https:\/\/wizardly-davinci.82-223-8-23.plesk.page\/en\/wp-json\/wp\/v2\/listado_alfabetico?post=59569"}],"curies":[{"name":"wp","href":"https:\/\/api.w.org\/{rel}","templated":true}]}}