{"id":59572,"date":"2021-12-01T17:52:51","date_gmt":"2021-12-01T17:52:51","guid":{"rendered":"https:\/\/octaedro.com\/?post_type=product&#038;p=59572"},"modified":"2022-06-07T12:49:20","modified_gmt":"2022-06-07T12:49:20","slug":"garrofa-delicia-mediterrania","status":"publish","type":"product","link":"https:\/\/wizardly-davinci.82-223-8-23.plesk.page\/en\/producto\/garrofa-delicia-mediterrania\/","title":{"rendered":"Garrofa, del\u00edcia mediterr\u00e0nia"},"content":{"rendered":"<p>Garrofa, del\u00edcia mediterr\u00e0nia \u00e9s un\u00a0<strong>receptari<\/strong>\u00a0per descobrir la garrofa, un superaliment local i mediterrani que durant anys ha sigut injustament desprestigiat.\u00a0<a href=\"https:\/\/pol-len.cat\/autoria\/clara-martin-riu\/\">Clara Martin Riu<\/a>, del projecte\u00a0<a href=\"https:\/\/menjamiques.com\/\">Menjamiques<\/a>, bolca per fi en un llibre tots els seus sabers etnobot\u00e0nics,\u00a0amb les fotografies de Xana Calao. Trenta-cinc receptes per llepar-se\u2019n els dits. El\u00a0consum de la garrofa t\u00e9 un impacte positiu tan\u00a0ambientalment com socioecon\u00f2mica; i \u00e9s l\u2019alternativa imprescindible per a una\u00a0<strong>sobirania\u00a0aliment\u00e0ria m\u00e9s dol\u00e7a<\/strong>. A m\u00e9s de ser un aliment d\u2019alta qualitat i proximitat, el seu cultiu \u00e9s\u00a0\u00e8tic i resilient al canvi clim\u00e0tic.<\/p>\n<p>El principal avantatge de la garrofa envers al cacau \u00e9s que no \u00e9s\u00a0estimulant ni addictiva, \u00e9s dol\u00e7a de manera natural i \u00e9s rica en ferro i calci. \u00c9s hora d\u2019elevar-la al\u00a0lloc que es mereix en la nostra dieta i al nostre imaginari!<\/p>\n","protected":false},"excerpt":{"rendered":"<p><strong>Garrofa, del\u00edcia mediterr\u00e0nia<\/strong> \u00e9s un\u00a0<strong>receptari<\/strong>\u00a0per descobrir la garrofa, un superaliment local i mediterrani que durant anys ha sigut injustament desprestigiat.\u00a0<strong>Clara Martin Riu<\/strong>, del projecte\u00a0Menjamiques, bolca per fi en un llibre tots els seus sabers etnobot\u00e0nics,\u00a0amb les fotografies de Xana Calao. Trenta-cinc receptes per llepar-se\u2019n els dits. El\u00a0consum de la garrofa t\u00e9 un impacte positiu tan\u00a0ambientalment com socioecon\u00f2mica; i \u00e9s l\u2019alternativa imprescindible per a una\u00a0<strong>sobirania\u00a0aliment\u00e0ria m\u00e9s dol\u00e7a<\/strong>. A m\u00e9s de ser un aliment d\u2019alta qualitat i proximitat, el seu cultiu \u00e9s\u00a0\u00e8tic i resilient al canvi clim\u00e0tic.<\/p>\n<p>El principal avantatge de la garrofa envers al cacau \u00e9s que no \u00e9s\u00a0estimulant ni addictiva, \u00e9s dol\u00e7a de manera natural i \u00e9s rica en ferro i calci. \u00c9s hora d\u2019elevar-la al\u00a0lloc que es mereix en la nostra dieta i al nostre imaginari!<\/p>\n","protected":false},"featured_media":59574,"comment_status":"open","ping_status":"closed","template":"","meta":{"_et_pb_use_builder":"","_et_pb_old_content":"","_et_gb_content_width":""},"product_cat":[2614,6675],"product_tag":[2602],"edicion":[1083],"editoriales":[1162],"tienda":[],"autor_id":[21800],"universidades_coeditoras":[],"palabras_clave":[],"listado_alfabetico":[],"acf":[],"_links":{"self":[{"href":"https:\/\/wizardly-davinci.82-223-8-23.plesk.page\/en\/wp-json\/wp\/v2\/product\/59572"}],"collection":[{"href":"https:\/\/wizardly-davinci.82-223-8-23.plesk.page\/en\/wp-json\/wp\/v2\/product"}],"about":[{"href":"https:\/\/wizardly-davinci.82-223-8-23.plesk.page\/en\/wp-json\/wp\/v2\/types\/product"}],"replies":[{"embeddable":true,"href":"https:\/\/wizardly-davinci.82-223-8-23.plesk.page\/en\/wp-json\/wp\/v2\/comments?post=59572"}],"wp:featuredmedia":[{"embeddable":true,"href":"https:\/\/wizardly-davinci.82-223-8-23.plesk.page\/en\/wp-json\/wp\/v2\/media\/59574"}],"wp:attachment":[{"href":"https:\/\/wizardly-davinci.82-223-8-23.plesk.page\/en\/wp-json\/wp\/v2\/media?parent=59572"}],"wp:term":[{"taxonomy":"product_cat","embeddable":true,"href":"https:\/\/wizardly-davinci.82-223-8-23.plesk.page\/en\/wp-json\/wp\/v2\/product_cat?post=59572"},{"taxonomy":"product_tag","embeddable":true,"href":"https:\/\/wizardly-davinci.82-223-8-23.plesk.page\/en\/wp-json\/wp\/v2\/product_tag?post=59572"},{"taxonomy":"edicion","embeddable":true,"href":"https:\/\/wizardly-davinci.82-223-8-23.plesk.page\/en\/wp-json\/wp\/v2\/edicion?post=59572"},{"taxonomy":"editoriales","embeddable":true,"href":"https:\/\/wizardly-davinci.82-223-8-23.plesk.page\/en\/wp-json\/wp\/v2\/editoriales?post=59572"},{"taxonomy":"tienda","embeddable":true,"href":"https:\/\/wizardly-davinci.82-223-8-23.plesk.page\/en\/wp-json\/wp\/v2\/tienda?post=59572"},{"taxonomy":"autor_id","embeddable":true,"href":"https:\/\/wizardly-davinci.82-223-8-23.plesk.page\/en\/wp-json\/wp\/v2\/autor_id?post=59572"},{"taxonomy":"universidades_coeditoras","embeddable":true,"href":"https:\/\/wizardly-davinci.82-223-8-23.plesk.page\/en\/wp-json\/wp\/v2\/universidades_coeditoras?post=59572"},{"taxonomy":"palabras_clave","embeddable":true,"href":"https:\/\/wizardly-davinci.82-223-8-23.plesk.page\/en\/wp-json\/wp\/v2\/palabras_clave?post=59572"},{"taxonomy":"listado_alfabetico","embeddable":true,"href":"https:\/\/wizardly-davinci.82-223-8-23.plesk.page\/en\/wp-json\/wp\/v2\/listado_alfabetico?post=59572"}],"curies":[{"name":"wp","href":"https:\/\/api.w.org\/{rel}","templated":true}]}}