{"id":59589,"date":"2014-09-01T14:58:53","date_gmt":"2014-09-01T12:58:53","guid":{"rendered":"https:\/\/octaedro.com\/?post_type=product&#038;p=59589"},"modified":"2022-11-02T11:35:31","modified_gmt":"2022-11-02T10:35:31","slug":"jo-no-soc-daqui","status":"publish","type":"product","link":"https:\/\/wizardly-davinci.82-223-8-23.plesk.page\/en\/producto\/jo-no-soc-daqui\/","title":{"rendered":"Jo no s\u00f3c d\u2019aqu\u00ed"},"content":{"rendered":"<p><strong>Joseba Sarrionandia<\/strong> va escriure Ni ez naiz hemengoa <strong>(Jo no s\u00f3c d\u2019aqu\u00ed)<\/strong> quan era privat de llibertat a la pres\u00f3 d\u2019Herrera de la Mancha l\u2019any 1984. Jo no s\u00f3c d\u2019aqu\u00ed no \u00e9s un diari de pres\u00f3, tot i que est\u00e0 escrit a la pres\u00f3 i son texts correlatius seguint l\u2019ordre d\u2019un calendari. El dia de San Ferm\u00edn de 1985 es va escapar de la pres\u00f3 amagat dins d\u2019un altaveu. Des d\u2019aleshores, viu i escriu des de la clandestinitat.<br \/>\nTrenta anys despr\u00e9s d\u2019haver estat escrit el text veu la llum en catal\u00e0 en una excel\u00b7lent traducci\u00f3 feta per la Maria Colera Intxausti i l\u2019Ainara Munt Ojanguren. I el text veu la llum en catal\u00e0 per la col\u00b7laboraci\u00f3, de nou, entre Pamiela Argilaetxea i Pol\u00b7len edicions, que ja hav\u00edem tradu\u00eft al catal\u00e0 Moroak gara behelaino artean? (Som commoros dins la boira?) ara fa poc m\u00e9s de dos anys.<br \/>\nMentre acab\u00e0vem la composici\u00f3 d\u2019aquest llibre, s\u2019anunciaven dues confer\u00e8ncies de Joseba Sarrionandia a la Universitat de Mondrag\u00f3n. Hagu\u00e9s estat la seva primera aparici\u00f3 p\u00fablica des de l\u2019exili que inici\u00e0 l\u2019any 1985. Finalment no podr\u00e0 ser.<br \/>\nTanmateix, per a quan Sarrionandia acabi passejant, escrivint i parlant lliurament per la seva terra, conv\u00e9 que el p\u00fablic de parla catalana s\u2019hagi acostat a les obres d\u2019un ferm candidat a premi Nobel de Literatura.<\/p>\n","protected":false},"excerpt":{"rendered":"<p><strong>Joseba Sarrionandia<\/strong> va escriure Ni ez naiz hemengoa (<strong>Jo no s\u00f3c d\u2019aqu\u00ed<\/strong>)quan era privat de llibertat a la pres\u00f3 d\u2019Herrera de la Mancha l\u2019any 1984. Jo no s\u00f3c d\u2019aqu\u00ed no \u00e9s un diari de pres\u00f3, tot i que est\u00e0 escrit a la pres\u00f3 i son texts correlatius seguint l\u2019ordre d\u2019un calendari. El dia de San Ferm\u00edn de 1985 es va escapar de la pres\u00f3 amagat dins d\u2019un altaveu. Des d\u2019aleshores, viu i escriu des de la clandestinitat.<br \/>\nTrenta anys despr\u00e9s d\u2019haver estat escrit el text veu la llum en catal\u00e0 en una excel\u00b7lent traducci\u00f3 feta per la Maria Colera Intxausti i l\u2019Ainara Munt Ojanguren. I el text veu la llum en catal\u00e0 per la col\u00b7laboraci\u00f3, de nou, entre Pamiela Argilaetxea i Pol\u00b7len edicions, que ja hav\u00edem tradu\u00eft al catal\u00e0 Moroak gara behelaino artean? (Som commoros dins la boira?) ara fa poc m\u00e9s de dos anys.<br \/>\nMentre acab\u00e0vem la composici\u00f3 d\u2019aquest llibre, s\u2019anunciaven dues confer\u00e8ncies de Joseba Sarrionandia a la Universitat de Mondrag\u00f3n. Hagu\u00e9s estat la seva primera aparici\u00f3 p\u00fablica des de l\u2019exili que inici\u00e0 l\u2019any 1985. Finalment no podr\u00e0 ser.<br \/>\nTanmateix, per a quan Sarrionandia acabi passejant, escrivint i parlant lliurament per la seva terra, conv\u00e9 que el p\u00fablic de parla catalana s\u2019hagi acostat a les obres d\u2019un ferm candidat a premi Nobel de Literatura.<\/p>\n","protected":false},"featured_media":59590,"comment_status":"open","ping_status":"closed","template":"","meta":{"_et_pb_use_builder":"","_et_pb_old_content":"","_et_gb_content_width":""},"product_cat":[2614,6675],"product_tag":[2602],"edicion":[1083],"editoriales":[1162],"tienda":[],"autor_id":[21853],"universidades_coeditoras":[],"palabras_clave":[],"listado_alfabetico":[],"acf":[],"_links":{"self":[{"href":"https:\/\/wizardly-davinci.82-223-8-23.plesk.page\/en\/wp-json\/wp\/v2\/product\/59589"}],"collection":[{"href":"https:\/\/wizardly-davinci.82-223-8-23.plesk.page\/en\/wp-json\/wp\/v2\/product"}],"about":[{"href":"https:\/\/wizardly-davinci.82-223-8-23.plesk.page\/en\/wp-json\/wp\/v2\/types\/product"}],"replies":[{"embeddable":true,"href":"https:\/\/wizardly-davinci.82-223-8-23.plesk.page\/en\/wp-json\/wp\/v2\/comments?post=59589"}],"wp:featuredmedia":[{"embeddable":true,"href":"https:\/\/wizardly-davinci.82-223-8-23.plesk.page\/en\/wp-json\/wp\/v2\/media\/59590"}],"wp:attachment":[{"href":"https:\/\/wizardly-davinci.82-223-8-23.plesk.page\/en\/wp-json\/wp\/v2\/media?parent=59589"}],"wp:term":[{"taxonomy":"product_cat","embeddable":true,"href":"https:\/\/wizardly-davinci.82-223-8-23.plesk.page\/en\/wp-json\/wp\/v2\/product_cat?post=59589"},{"taxonomy":"product_tag","embeddable":true,"href":"https:\/\/wizardly-davinci.82-223-8-23.plesk.page\/en\/wp-json\/wp\/v2\/product_tag?post=59589"},{"taxonomy":"edicion","embeddable":true,"href":"https:\/\/wizardly-davinci.82-223-8-23.plesk.page\/en\/wp-json\/wp\/v2\/edicion?post=59589"},{"taxonomy":"editoriales","embeddable":true,"href":"https:\/\/wizardly-davinci.82-223-8-23.plesk.page\/en\/wp-json\/wp\/v2\/editoriales?post=59589"},{"taxonomy":"tienda","embeddable":true,"href":"https:\/\/wizardly-davinci.82-223-8-23.plesk.page\/en\/wp-json\/wp\/v2\/tienda?post=59589"},{"taxonomy":"autor_id","embeddable":true,"href":"https:\/\/wizardly-davinci.82-223-8-23.plesk.page\/en\/wp-json\/wp\/v2\/autor_id?post=59589"},{"taxonomy":"universidades_coeditoras","embeddable":true,"href":"https:\/\/wizardly-davinci.82-223-8-23.plesk.page\/en\/wp-json\/wp\/v2\/universidades_coeditoras?post=59589"},{"taxonomy":"palabras_clave","embeddable":true,"href":"https:\/\/wizardly-davinci.82-223-8-23.plesk.page\/en\/wp-json\/wp\/v2\/palabras_clave?post=59589"},{"taxonomy":"listado_alfabetico","embeddable":true,"href":"https:\/\/wizardly-davinci.82-223-8-23.plesk.page\/en\/wp-json\/wp\/v2\/listado_alfabetico?post=59589"}],"curies":[{"name":"wp","href":"https:\/\/api.w.org\/{rel}","templated":true}]}}