{"id":59600,"date":"2022-06-11T18:51:59","date_gmt":"2022-06-11T16:51:59","guid":{"rendered":"https:\/\/octaedro.com\/?post_type=product&#038;p=59600"},"modified":"2022-11-02T11:35:37","modified_gmt":"2022-11-02T10:35:37","slug":"educacion-ambiental-para-un-planeta-sostenible","status":"publish","type":"product","link":"https:\/\/wizardly-davinci.82-223-8-23.plesk.page\/en\/producto\/educacion-ambiental-para-un-planeta-sostenible\/","title":{"rendered":"Educaci\u00f3n Ambiental para un planeta sostenible"},"content":{"rendered":"<p>Los m\u00faltiples problemas que acechan a la Tierra y a sus habitantes: la falta de conciencia ecol\u00f3gica, el calentamiento global, la desertizaci\u00f3n, la deforestaci\u00f3n, el deshielo de los polos, la degradaci\u00f3n de la calidad del aire y del agua, los vertidos de pl\u00e1sticos, el consumo insostenible, la planificaci\u00f3n territorial insensata y los cambios de uso del suelo, as\u00ed como la productividad lineal, los monocultivos en la agroindustria, los vertidos contaminantes o la p\u00e9rdida de biodiversidad, suponen un grave peligro para la vida y una dram\u00e1tica amenaza para las generaciones futuras.<\/p>\n<p>Este libro pretende estimular la conciencia sobre la importancia del desastre ecol\u00f3gico que vivimos y la urgencia de afrontarlo. No ofrece la soluci\u00f3n al problema, pero aporta argumentos y numerosas y variadas herramientas did\u00e1cticas para reforzar la educaci\u00f3n ambiental orientada a ni\u00f1as y ni\u00f1os en edades escolares.<\/p>\n<p>Esta obra, de autor\u00eda numerosa, diversa e internacional, consta de diez cap\u00edtulos que buscan situar el respeto hacia la naturaleza y la lucha por la sostenibilidad en el eje central de la acci\u00f3n educativa. Est\u00e1 dedicada a todas las personas comprometidas con la educaci\u00f3n ambiental, que desde diferentes \u00e1mbitos y con distintas responsabilidades, intentan salvar el planeta.<\/p>\n","protected":false},"excerpt":{"rendered":"<p>Los m\u00faltiples problemas que acechan a la Tierra y a sus habitantes: la falta de conciencia ecol\u00f3gica, el calentamiento global, la desertizaci\u00f3n, la deforestaci\u00f3n, el deshielo de los polos, la degradaci\u00f3n de la calidad del aire y del agua, los vertidos de pl\u00e1sticos, el consumo insostenible, la planificaci\u00f3n territorial insensata y los cambios de uso del suelo, as\u00ed como la productividad lineal, los monocultivos en la agroindustria, los vertidos contaminantes o la p\u00e9rdida de biodiversidad, suponen un grave peligro para la vida y una dram\u00e1tica amenaza para las generaciones futuras.<\/p>\n<p>Este libro pretende estimular la conciencia sobre la importancia del desastre ecol\u00f3gico que vivimos y la urgencia de afrontarlo. No ofrece la soluci\u00f3n al problema, pero aporta argumentos y numerosas y variadas herramientas did\u00e1cticas para reforzar la educaci\u00f3n ambiental orientada a ni\u00f1as y ni\u00f1os en edades escolares.<\/p>\n<p>Esta obra, de autor\u00eda numerosa, diversa e internacional, consta de diez cap\u00edtulos que buscan situar el respeto hacia la naturaleza y la lucha por la sostenibilidad en el eje central de la acci\u00f3n educativa. Est\u00e1 dedicada a todas las personas comprometidas con la educaci\u00f3n ambiental, que desde diferentes \u00e1mbitos y con distintas responsabilidades, intentan salvar el planeta.<\/p>\n","protected":false},"featured_media":59601,"comment_status":"open","ping_status":"closed","template":"","meta":{"_et_pb_use_builder":"","_et_pb_old_content":"","_et_gb_content_width":""},"product_cat":[2606,6936,6675,6673],"product_tag":[2604],"edicion":[1084,1083],"editoriales":[1160],"tienda":[],"autor_id":[21936,21869,21867,21861],"universidades_coeditoras":[],"palabras_clave":[],"listado_alfabetico":[],"acf":[],"_links":{"self":[{"href":"https:\/\/wizardly-davinci.82-223-8-23.plesk.page\/en\/wp-json\/wp\/v2\/product\/59600"}],"collection":[{"href":"https:\/\/wizardly-davinci.82-223-8-23.plesk.page\/en\/wp-json\/wp\/v2\/product"}],"about":[{"href":"https:\/\/wizardly-davinci.82-223-8-23.plesk.page\/en\/wp-json\/wp\/v2\/types\/product"}],"replies":[{"embeddable":true,"href":"https:\/\/wizardly-davinci.82-223-8-23.plesk.page\/en\/wp-json\/wp\/v2\/comments?post=59600"}],"wp:featuredmedia":[{"embeddable":true,"href":"https:\/\/wizardly-davinci.82-223-8-23.plesk.page\/en\/wp-json\/wp\/v2\/media\/59601"}],"wp:attachment":[{"href":"https:\/\/wizardly-davinci.82-223-8-23.plesk.page\/en\/wp-json\/wp\/v2\/media?parent=59600"}],"wp:term":[{"taxonomy":"product_cat","embeddable":true,"href":"https:\/\/wizardly-davinci.82-223-8-23.plesk.page\/en\/wp-json\/wp\/v2\/product_cat?post=59600"},{"taxonomy":"product_tag","embeddable":true,"href":"https:\/\/wizardly-davinci.82-223-8-23.plesk.page\/en\/wp-json\/wp\/v2\/product_tag?post=59600"},{"taxonomy":"edicion","embeddable":true,"href":"https:\/\/wizardly-davinci.82-223-8-23.plesk.page\/en\/wp-json\/wp\/v2\/edicion?post=59600"},{"taxonomy":"editoriales","embeddable":true,"href":"https:\/\/wizardly-davinci.82-223-8-23.plesk.page\/en\/wp-json\/wp\/v2\/editoriales?post=59600"},{"taxonomy":"tienda","embeddable":true,"href":"https:\/\/wizardly-davinci.82-223-8-23.plesk.page\/en\/wp-json\/wp\/v2\/tienda?post=59600"},{"taxonomy":"autor_id","embeddable":true,"href":"https:\/\/wizardly-davinci.82-223-8-23.plesk.page\/en\/wp-json\/wp\/v2\/autor_id?post=59600"},{"taxonomy":"universidades_coeditoras","embeddable":true,"href":"https:\/\/wizardly-davinci.82-223-8-23.plesk.page\/en\/wp-json\/wp\/v2\/universidades_coeditoras?post=59600"},{"taxonomy":"palabras_clave","embeddable":true,"href":"https:\/\/wizardly-davinci.82-223-8-23.plesk.page\/en\/wp-json\/wp\/v2\/palabras_clave?post=59600"},{"taxonomy":"listado_alfabetico","embeddable":true,"href":"https:\/\/wizardly-davinci.82-223-8-23.plesk.page\/en\/wp-json\/wp\/v2\/listado_alfabetico?post=59600"}],"curies":[{"name":"wp","href":"https:\/\/api.w.org\/{rel}","templated":true}]}}