{"id":59636,"date":"2021-04-01T09:21:25","date_gmt":"2021-04-01T09:21:25","guid":{"rendered":"https:\/\/octaedro.com\/?post_type=product&#038;p=59636"},"modified":"2022-06-09T09:35:06","modified_gmt":"2022-06-09T09:35:06","slug":"difon-la-idea","status":"publish","type":"product","link":"https:\/\/wizardly-davinci.82-223-8-23.plesk.page\/en\/producto\/difon-la-idea\/","title":{"rendered":"Difon la idea!"},"content":{"rendered":"<p><strong><em>Difon la idea! Mem\u00f2ria gr\u00e0fica de l\u2019Esquerra Independentista. Adhesius 1869-2019<\/em>\u00a0<\/strong>\u00e9s un llibre sobre la hist\u00f2ria de l\u2019<strong>Esquerra Independentista<\/strong>\u00a0dels Pa\u00efsos Catalans (1969-2019) a trav\u00e9s dels seus adhesius. Aquest treball agrupa la mem\u00f2ria gr\u00e0fica d\u2019un moviment pol\u00edtic divers i plural, des de la fundaci\u00f3 del\u00a0<a href=\"https:\/\/ca.wikipedia.org\/wiki\/Partit_Socialista_d%27Alliberament_Nacional\">PSAN<\/a>\u00a0(1968-1969), la lluita antirepressiva despr\u00e9s de la r\u00e0tzia contra militants independentistes, fins a les detencions arran de les protestes contra la sent\u00e8ncia de les preses i presos pol\u00edtics (2019). Aix\u00ed, el llibre cont\u00e9 1.090 adhesius en el color original i agrupats tem\u00e0ticament en les principals lluites en les que ha participat\u00a0<strong>Esquerra Independentista<\/strong>.<\/p>\n","protected":false},"excerpt":{"rendered":"<p><strong>Difon la idea! Mem\u00f2ria gr\u00e0fica de l\u2019Esquerra Independentista. Adhesius 1869-2019<\/strong> \u00e9s un llibre sobre la hist\u00f2ria de l\u2019<strong>Esquerra Independentista<\/strong> dels Pa\u00efsos Catalans (1969-2019) a trav\u00e9s dels seus adhesius. Aquest treball agrupa la mem\u00f2ria gr\u00e0fica d\u2019un moviment pol\u00edtic divers i plural, des de la fundaci\u00f3 del PSAN (1968-1969), la lluita antirepressiva despr\u00e9s de la r\u00e0tzia contra militants independentistes, fins a les detencions arran de les protestes contra la sent\u00e8ncia de les preses i presos pol\u00edtics (2019). Aix\u00ed, el llibre cont\u00e9 1.090 adhesius en el color original i agrupats tem\u00e0ticament en les principals lluites en les que ha participat <strong>Esquerra Independentista<\/strong>.<\/p>\n<p><strong>Difon la idea!<\/strong> ha estat possible gr\u00e0cies a la col\u00b7laboraci\u00f3 de Pol\u00b7len edicions amb el Centre de Documentaci\u00f3 de l\u2019Esquerra Independentista i el Fons d\u2019Adhesius de Lluita i Tem\u00e0tica Independentista. Per a editar-lo s\u2019ha fet una campanya de finan\u00e7ament popular a trav\u00e9s de la plataforma Verkami, on es van rebre 350 aportacions. Durant la campanya, vam difondre v\u00eddeos de suport del m\u00fasic Cesk Freixas o de l\u2019Ateneu Llibertari del Bergued\u00e0.<\/p>\n<p>La primera p\u00e0gina del llibre cont\u00e9 12 adhesius per a que cadasc\u00fa personalitzi la portada de la manera que consideri m\u00e9s bonica.<\/p>\n","protected":false},"featured_media":59637,"comment_status":"open","ping_status":"closed","template":"","meta":{"_et_pb_use_builder":"","_et_pb_old_content":"","_et_gb_content_width":""},"product_cat":[2614,6675],"product_tag":[2602],"edicion":[1083],"editoriales":[1162],"tienda":[],"autor_id":[21877,21875,21876],"universidades_coeditoras":[],"palabras_clave":[],"listado_alfabetico":[],"acf":[],"_links":{"self":[{"href":"https:\/\/wizardly-davinci.82-223-8-23.plesk.page\/en\/wp-json\/wp\/v2\/product\/59636"}],"collection":[{"href":"https:\/\/wizardly-davinci.82-223-8-23.plesk.page\/en\/wp-json\/wp\/v2\/product"}],"about":[{"href":"https:\/\/wizardly-davinci.82-223-8-23.plesk.page\/en\/wp-json\/wp\/v2\/types\/product"}],"replies":[{"embeddable":true,"href":"https:\/\/wizardly-davinci.82-223-8-23.plesk.page\/en\/wp-json\/wp\/v2\/comments?post=59636"}],"wp:featuredmedia":[{"embeddable":true,"href":"https:\/\/wizardly-davinci.82-223-8-23.plesk.page\/en\/wp-json\/wp\/v2\/media\/59637"}],"wp:attachment":[{"href":"https:\/\/wizardly-davinci.82-223-8-23.plesk.page\/en\/wp-json\/wp\/v2\/media?parent=59636"}],"wp:term":[{"taxonomy":"product_cat","embeddable":true,"href":"https:\/\/wizardly-davinci.82-223-8-23.plesk.page\/en\/wp-json\/wp\/v2\/product_cat?post=59636"},{"taxonomy":"product_tag","embeddable":true,"href":"https:\/\/wizardly-davinci.82-223-8-23.plesk.page\/en\/wp-json\/wp\/v2\/product_tag?post=59636"},{"taxonomy":"edicion","embeddable":true,"href":"https:\/\/wizardly-davinci.82-223-8-23.plesk.page\/en\/wp-json\/wp\/v2\/edicion?post=59636"},{"taxonomy":"editoriales","embeddable":true,"href":"https:\/\/wizardly-davinci.82-223-8-23.plesk.page\/en\/wp-json\/wp\/v2\/editoriales?post=59636"},{"taxonomy":"tienda","embeddable":true,"href":"https:\/\/wizardly-davinci.82-223-8-23.plesk.page\/en\/wp-json\/wp\/v2\/tienda?post=59636"},{"taxonomy":"autor_id","embeddable":true,"href":"https:\/\/wizardly-davinci.82-223-8-23.plesk.page\/en\/wp-json\/wp\/v2\/autor_id?post=59636"},{"taxonomy":"universidades_coeditoras","embeddable":true,"href":"https:\/\/wizardly-davinci.82-223-8-23.plesk.page\/en\/wp-json\/wp\/v2\/universidades_coeditoras?post=59636"},{"taxonomy":"palabras_clave","embeddable":true,"href":"https:\/\/wizardly-davinci.82-223-8-23.plesk.page\/en\/wp-json\/wp\/v2\/palabras_clave?post=59636"},{"taxonomy":"listado_alfabetico","embeddable":true,"href":"https:\/\/wizardly-davinci.82-223-8-23.plesk.page\/en\/wp-json\/wp\/v2\/listado_alfabetico?post=59636"}],"curies":[{"name":"wp","href":"https:\/\/api.w.org\/{rel}","templated":true}]}}