{"id":59640,"date":"2020-05-01T09:38:19","date_gmt":"2020-05-01T09:38:19","guid":{"rendered":"https:\/\/octaedro.com\/?post_type=product&#038;p=59640"},"modified":"2022-06-09T09:51:10","modified_gmt":"2022-06-09T09:51:10","slug":"huertos-ecodidacticos","status":"publish","type":"product","link":"https:\/\/wizardly-davinci.82-223-8-23.plesk.page\/en\/producto\/huertos-ecodidacticos\/","title":{"rendered":"Huertos ecodid\u00e1cticos"},"content":{"rendered":"<p>Los huertos ecol\u00f3gicos constituyen actualmente espacios educativos en constante expansi\u00f3n tanto en centros de educaci\u00f3n infantil, primaria y secundaria, como en comunidades urbanas y rurales. La<strong>\u00a0Red Universidades Cultivadas<\/strong>\u00a0se inici\u00f3 el a\u00f1o 2015. Con qu\u00e9 objetivo? Reunir aquellas universidades, colectivos, e individuos interesadas en introducir el trabajo en los huertos ecol\u00f3gicos como actividad curricular y extracurricular. As\u00ed, este libro recoge algunas de las aportaciones realizadas por miembros de la RUC en el\u00a0<strong>II Encuentro de Huertos EcoDid\u00e1cticos<\/strong>\u00a0y aporta una publicaci\u00f3n m\u00e1s, fruto de las actividades e interacciones generadas de la RUC. Las coordinadoras son Mariona Espinet, Lourdes Arag\u00f3n y Laura Vald\u00e9s.<\/p>\n<p>Es el segundo t\u00edtulo de la serie que empez\u00f3 con\u00a0<a href=\"https:\/\/pol-len.cat\/llibres\/agroecologia-escolar\/\">Agroecologia escolar<\/a>\u00a0en sinton\u00eda con el Gresc@: grupo de investigaci\u00f3n de la UAB en Educaci\u00f3n para la Sostenibilidad.<\/p>\n","protected":false},"excerpt":{"rendered":"<p>Los huertos ecol\u00f3gicos constituyen actualmente espacios educativos en constante expansi\u00f3n tanto en centros de educaci\u00f3n infantil, primaria y secundaria, como en comunidades urbanas y rurales. La\u00a0<strong>Red Universidades Cultivadas<\/strong>\u00a0se inici\u00f3 el a\u00f1o 2015. Con qu\u00e9 objetivo? Reunir aquellas universidades, colectivos, e individuos interesadas en introducir el trabajo en los huertos ecol\u00f3gicos como actividad curricular y extracurricular. As\u00ed, este libro recoge algunas de las aportaciones realizadas por miembros de la RUC en el\u00a0<strong>II Encuentro de Huertos EcoDid\u00e1cticos<\/strong>\u00a0y aporta una publicaci\u00f3n m\u00e1s, fruto de las actividades e interacciones generadas de la RUC. Las coordinadoras son Mariona Espinet, Lourdes Arag\u00f3n y Laura Vald\u00e9s.<\/p>\n<p>Es el segundo t\u00edtulo de la serie que empez\u00f3 con\u00a0<em>Agroecolog\u00eda escolar<\/em>\u00a0en sinton\u00eda con el Gresc@: grupo de investigaci\u00f3n de la UAB en Educaci\u00f3n para la Sostenibilidad.<\/p>\n","protected":false},"featured_media":59641,"comment_status":"open","ping_status":"closed","template":"","meta":{"_et_pb_use_builder":"","_et_pb_old_content":"","_et_gb_content_width":""},"product_cat":[2614,6675],"product_tag":[2602],"edicion":[1083],"editoriales":[1162],"tienda":[],"autor_id":[21879,21795,21880],"universidades_coeditoras":[],"palabras_clave":[],"listado_alfabetico":[],"acf":[],"_links":{"self":[{"href":"https:\/\/wizardly-davinci.82-223-8-23.plesk.page\/en\/wp-json\/wp\/v2\/product\/59640"}],"collection":[{"href":"https:\/\/wizardly-davinci.82-223-8-23.plesk.page\/en\/wp-json\/wp\/v2\/product"}],"about":[{"href":"https:\/\/wizardly-davinci.82-223-8-23.plesk.page\/en\/wp-json\/wp\/v2\/types\/product"}],"replies":[{"embeddable":true,"href":"https:\/\/wizardly-davinci.82-223-8-23.plesk.page\/en\/wp-json\/wp\/v2\/comments?post=59640"}],"wp:featuredmedia":[{"embeddable":true,"href":"https:\/\/wizardly-davinci.82-223-8-23.plesk.page\/en\/wp-json\/wp\/v2\/media\/59641"}],"wp:attachment":[{"href":"https:\/\/wizardly-davinci.82-223-8-23.plesk.page\/en\/wp-json\/wp\/v2\/media?parent=59640"}],"wp:term":[{"taxonomy":"product_cat","embeddable":true,"href":"https:\/\/wizardly-davinci.82-223-8-23.plesk.page\/en\/wp-json\/wp\/v2\/product_cat?post=59640"},{"taxonomy":"product_tag","embeddable":true,"href":"https:\/\/wizardly-davinci.82-223-8-23.plesk.page\/en\/wp-json\/wp\/v2\/product_tag?post=59640"},{"taxonomy":"edicion","embeddable":true,"href":"https:\/\/wizardly-davinci.82-223-8-23.plesk.page\/en\/wp-json\/wp\/v2\/edicion?post=59640"},{"taxonomy":"editoriales","embeddable":true,"href":"https:\/\/wizardly-davinci.82-223-8-23.plesk.page\/en\/wp-json\/wp\/v2\/editoriales?post=59640"},{"taxonomy":"tienda","embeddable":true,"href":"https:\/\/wizardly-davinci.82-223-8-23.plesk.page\/en\/wp-json\/wp\/v2\/tienda?post=59640"},{"taxonomy":"autor_id","embeddable":true,"href":"https:\/\/wizardly-davinci.82-223-8-23.plesk.page\/en\/wp-json\/wp\/v2\/autor_id?post=59640"},{"taxonomy":"universidades_coeditoras","embeddable":true,"href":"https:\/\/wizardly-davinci.82-223-8-23.plesk.page\/en\/wp-json\/wp\/v2\/universidades_coeditoras?post=59640"},{"taxonomy":"palabras_clave","embeddable":true,"href":"https:\/\/wizardly-davinci.82-223-8-23.plesk.page\/en\/wp-json\/wp\/v2\/palabras_clave?post=59640"},{"taxonomy":"listado_alfabetico","embeddable":true,"href":"https:\/\/wizardly-davinci.82-223-8-23.plesk.page\/en\/wp-json\/wp\/v2\/listado_alfabetico?post=59640"}],"curies":[{"name":"wp","href":"https:\/\/api.w.org\/{rel}","templated":true}]}}