{"id":59643,"date":"2020-03-01T09:53:48","date_gmt":"2020-03-01T09:53:48","guid":{"rendered":"https:\/\/octaedro.com\/?post_type=product&#038;p=59643"},"modified":"2022-06-09T10:02:43","modified_gmt":"2022-06-09T10:02:43","slug":"la-geganta-de-les-estrelles","status":"publish","type":"product","link":"https:\/\/wizardly-davinci.82-223-8-23.plesk.page\/en\/producto\/la-geganta-de-les-estrelles\/","title":{"rendered":"La Geganta de les Estrelles"},"content":{"rendered":"<p><strong>La Geganta de les Estrelles<\/strong>\u00a0\u00e9s un \u00e9sser \u2014mig \u00e0ngel mig fada\u2014 que mant\u00e9 un fil d\u2019amor quan cal acompanyar les nostres criatures davant de la separaci\u00f3 dels progenitors o de qualsevol altra abs\u00e8ncia llarga (per malaltia o viatge, per exemple) d\u2019una persona estimada. Una persona que malgrat la dist\u00e0ncia, ens pensa, ens cuida, ens t\u00e9 al cor. Trobar a faltar, sentir l\u2019abs\u00e8ncia s\u00f3n pessigades que notem quan la persona que estimem no hi \u00e9s o quan tenim por que la seva abs\u00e8ncia esdevingui aband\u00f3.<br \/>\nMissatgera dels petons, les moixaines, la tendresa i l\u2019estimaci\u00f3, la Geganta \u2014a trav\u00e9s de la m\u00e0gia, l\u2019escolta de les emocions i l\u2019apropament a l\u2019esperit\u2014 propicia l\u2019elaboraci\u00f3 i recreaci\u00f3 d\u2019un espai interior on, a poc a poc, es desplegui la creativitat i trobem noves formes de relacionar-nos.<\/p>\n","protected":false},"excerpt":{"rendered":"<p><strong>La Geganta de les Estrelles<\/strong>\u00a0\u00e9s un \u00e9sser \u2014mig \u00e0ngel mig fada\u2014 que mant\u00e9 un fil d\u2019amor quan cal acompanyar les nostres criatures davant de la separaci\u00f3 dels progenitors o de qualsevol altra abs\u00e8ncia llarga (per malaltia o viatge, per exemple) d\u2019una persona estimada. Una persona que malgrat la dist\u00e0ncia, ens pensa, ens cuida, ens t\u00e9 al cor. Trobar a faltar, sentir l\u2019abs\u00e8ncia s\u00f3n pessigades que notem quan la persona que estimem no hi \u00e9s o quan tenim por que la seva abs\u00e8ncia esdevingui aband\u00f3.<br \/>\nMissatgera dels petons, les moixaines, la tendresa i l\u2019estimaci\u00f3, la Geganta \u2014a trav\u00e9s de la m\u00e0gia, l\u2019escolta de les emocions i l\u2019apropament a l\u2019esperit\u2014 propicia l\u2019elaboraci\u00f3 i recreaci\u00f3 d\u2019un espai interior on, a poc a poc, es desplegui la creativitat i trobem noves formes de relacionar-nos.<\/p>\n","protected":false},"featured_media":59644,"comment_status":"open","ping_status":"closed","template":"","meta":{"_et_pb_use_builder":"","_et_pb_old_content":"","_et_gb_content_width":""},"product_cat":[2614,6675],"product_tag":[2602],"edicion":[1083],"editoriales":[1162],"tienda":[],"autor_id":[21884],"universidades_coeditoras":[],"palabras_clave":[],"listado_alfabetico":[],"acf":[],"_links":{"self":[{"href":"https:\/\/wizardly-davinci.82-223-8-23.plesk.page\/en\/wp-json\/wp\/v2\/product\/59643"}],"collection":[{"href":"https:\/\/wizardly-davinci.82-223-8-23.plesk.page\/en\/wp-json\/wp\/v2\/product"}],"about":[{"href":"https:\/\/wizardly-davinci.82-223-8-23.plesk.page\/en\/wp-json\/wp\/v2\/types\/product"}],"replies":[{"embeddable":true,"href":"https:\/\/wizardly-davinci.82-223-8-23.plesk.page\/en\/wp-json\/wp\/v2\/comments?post=59643"}],"wp:featuredmedia":[{"embeddable":true,"href":"https:\/\/wizardly-davinci.82-223-8-23.plesk.page\/en\/wp-json\/wp\/v2\/media\/59644"}],"wp:attachment":[{"href":"https:\/\/wizardly-davinci.82-223-8-23.plesk.page\/en\/wp-json\/wp\/v2\/media?parent=59643"}],"wp:term":[{"taxonomy":"product_cat","embeddable":true,"href":"https:\/\/wizardly-davinci.82-223-8-23.plesk.page\/en\/wp-json\/wp\/v2\/product_cat?post=59643"},{"taxonomy":"product_tag","embeddable":true,"href":"https:\/\/wizardly-davinci.82-223-8-23.plesk.page\/en\/wp-json\/wp\/v2\/product_tag?post=59643"},{"taxonomy":"edicion","embeddable":true,"href":"https:\/\/wizardly-davinci.82-223-8-23.plesk.page\/en\/wp-json\/wp\/v2\/edicion?post=59643"},{"taxonomy":"editoriales","embeddable":true,"href":"https:\/\/wizardly-davinci.82-223-8-23.plesk.page\/en\/wp-json\/wp\/v2\/editoriales?post=59643"},{"taxonomy":"tienda","embeddable":true,"href":"https:\/\/wizardly-davinci.82-223-8-23.plesk.page\/en\/wp-json\/wp\/v2\/tienda?post=59643"},{"taxonomy":"autor_id","embeddable":true,"href":"https:\/\/wizardly-davinci.82-223-8-23.plesk.page\/en\/wp-json\/wp\/v2\/autor_id?post=59643"},{"taxonomy":"universidades_coeditoras","embeddable":true,"href":"https:\/\/wizardly-davinci.82-223-8-23.plesk.page\/en\/wp-json\/wp\/v2\/universidades_coeditoras?post=59643"},{"taxonomy":"palabras_clave","embeddable":true,"href":"https:\/\/wizardly-davinci.82-223-8-23.plesk.page\/en\/wp-json\/wp\/v2\/palabras_clave?post=59643"},{"taxonomy":"listado_alfabetico","embeddable":true,"href":"https:\/\/wizardly-davinci.82-223-8-23.plesk.page\/en\/wp-json\/wp\/v2\/listado_alfabetico?post=59643"}],"curies":[{"name":"wp","href":"https:\/\/api.w.org\/{rel}","templated":true}]}}