{"id":59646,"date":"2019-05-01T10:04:36","date_gmt":"2019-05-01T08:04:36","guid":{"rendered":"https:\/\/octaedro.com\/?post_type=product&#038;p=59646"},"modified":"2022-07-22T16:09:59","modified_gmt":"2022-07-22T14:09:59","slug":"ciudad-de-vacaciones","status":"publish","type":"product","link":"https:\/\/wizardly-davinci.82-223-8-23.plesk.page\/en\/producto\/ciudad-de-vacaciones\/","title":{"rendered":"Ciudad de vacaciones."},"content":{"rendered":"<p>R\u00e9cord tras r\u00e9cord, 2018 rompe nuevas barreras en t\u00e9rminos tur\u00edsticos. Seg\u00fan la Organizaci\u00f3n Mundial del Turismo (OMT, 2018), en 2017 se han contado 1.323 millones de turistas a nivel global. El Sur de Europa y Am\u00e9rica Latina han registrado, respectivamente, 266,2 millones y 36,7 millones de turistas internacionales. El turismo es una m\u00e1quina en continua crecimiento. El paradigma de la movilidad en las sociedades complejas nos enfrenta a nuevos agentes y fuerzas m\u00e1s all\u00e1 del cl\u00e1sico dualismo entre turistas y locales. Las ciudades, espacios siempre finitos con posibles demandas crecientes, siguen atrayendo inversiones y poblaci\u00f3n. En el marco de un mundo hiperm\u00f3vil conducido por la b\u00fasqueda de plusval\u00edas, la urbanizaci\u00f3n de las periferias y el abandono de las zonas rurales, era inevitable empezar a hablar de conflictos urbanos en espacios tur\u00edsticos.<\/p>\n<p>La\u00a0<em>Ciudad de vacaciones<\/em>, las ciudades como lugar de ocio y, el as\u00ed llamado, turismo urbano, ha comenzado a protagonizar recientemente las agendas pol\u00edticas, los medios de comunicaci\u00f3n y las reivindicaciones de las asociaciones vecinales y otros movimientos sociales. Este nuevo segmento de mercado y de acumulaci\u00f3n de capital no ha estado exento de cr\u00edtica por su car\u00e1cter transformador y disruptivo.<\/p>\n<p>A partir del an\u00e1lisis de una serie de casos, este libro pretende mostrar c\u00f3mo dichas manifestaciones de malestar dependen de pr\u00e1cticas espec\u00edficas, casuales y causales. El volumen presenta una pluralidad de contribuciones de diversas tradiciones acad\u00e9micas que pretenden abrir un debate cr\u00edtico y dial\u00e9ctico en los estudios urbanos y tur\u00edsticos.<\/p>\n","protected":false},"excerpt":{"rendered":"<p>R\u00e9cord tras r\u00e9cord, 2018 rompe nuevas barreras en t\u00e9rminos tur\u00edsticos. Seg\u00fan la Organizaci\u00f3n Mundial del Turismo (OMT, 2018), en 2017 se han contado 1.323 millones de turistas a nivel global. El Sur de Europa y Am\u00e9rica Latina han registrado, respectivamente, 266,2 millones y 36,7 millones de turistas internacionales. El turismo es una m\u00e1quina en continua crecimiento. El paradigma de la movilidad en las sociedades complejas nos enfrenta a nuevos agentes y fuerzas m\u00e1s all\u00e1 del cl\u00e1sico dualismo entre turistas y locales. Las ciudades, espacios siempre finitos con posibles demandas crecientes, siguen atrayendo inversiones y poblaci\u00f3n. En el marco de un mundo hiperm\u00f3vil conducido por la b\u00fasqueda de plusval\u00edas, la urbanizaci\u00f3n de las periferias y el abandono de las zonas rurales, era inevitable empezar a hablar de conflictos urbanos en espacios tur\u00edsticos.<\/p>\n<p>La\u00a0Ciudad de vacaciones, las ciudades como lugar de ocio y, el as\u00ed llamado, turismo urbano, ha comenzado a protagonizar recientemente las agendas pol\u00edticas, los medios de comunicaci\u00f3n y las reivindicaciones de las asociaciones vecinales y otros movimientos sociales. Este nuevo segmento de mercado y de acumulaci\u00f3n de capital no ha estado exento de cr\u00edtica por su car\u00e1cter transformador y disruptivo.<\/p>\n<p>A partir del an\u00e1lisis de una serie de casos, este libro pretende mostrar c\u00f3mo dichas manifestaciones de malestar dependen de pr\u00e1cticas espec\u00edficas, casuales y causales. El volumen presenta una pluralidad de contribuciones de diversas tradiciones acad\u00e9micas que pretenden abrir un debate cr\u00edtico y dial\u00e9ctico en los estudios urbanos y tur\u00edsticos.<\/p>\n","protected":false},"featured_media":59647,"comment_status":"open","ping_status":"closed","template":"","meta":{"_et_pb_use_builder":"","_et_pb_old_content":"","_et_gb_content_width":""},"product_cat":[2614,6675],"product_tag":[2602],"edicion":[1083],"editoriales":[1162],"tienda":[],"autor_id":[21888,21887],"universidades_coeditoras":[],"palabras_clave":[],"listado_alfabetico":[],"acf":[],"_links":{"self":[{"href":"https:\/\/wizardly-davinci.82-223-8-23.plesk.page\/en\/wp-json\/wp\/v2\/product\/59646"}],"collection":[{"href":"https:\/\/wizardly-davinci.82-223-8-23.plesk.page\/en\/wp-json\/wp\/v2\/product"}],"about":[{"href":"https:\/\/wizardly-davinci.82-223-8-23.plesk.page\/en\/wp-json\/wp\/v2\/types\/product"}],"replies":[{"embeddable":true,"href":"https:\/\/wizardly-davinci.82-223-8-23.plesk.page\/en\/wp-json\/wp\/v2\/comments?post=59646"}],"wp:featuredmedia":[{"embeddable":true,"href":"https:\/\/wizardly-davinci.82-223-8-23.plesk.page\/en\/wp-json\/wp\/v2\/media\/59647"}],"wp:attachment":[{"href":"https:\/\/wizardly-davinci.82-223-8-23.plesk.page\/en\/wp-json\/wp\/v2\/media?parent=59646"}],"wp:term":[{"taxonomy":"product_cat","embeddable":true,"href":"https:\/\/wizardly-davinci.82-223-8-23.plesk.page\/en\/wp-json\/wp\/v2\/product_cat?post=59646"},{"taxonomy":"product_tag","embeddable":true,"href":"https:\/\/wizardly-davinci.82-223-8-23.plesk.page\/en\/wp-json\/wp\/v2\/product_tag?post=59646"},{"taxonomy":"edicion","embeddable":true,"href":"https:\/\/wizardly-davinci.82-223-8-23.plesk.page\/en\/wp-json\/wp\/v2\/edicion?post=59646"},{"taxonomy":"editoriales","embeddable":true,"href":"https:\/\/wizardly-davinci.82-223-8-23.plesk.page\/en\/wp-json\/wp\/v2\/editoriales?post=59646"},{"taxonomy":"tienda","embeddable":true,"href":"https:\/\/wizardly-davinci.82-223-8-23.plesk.page\/en\/wp-json\/wp\/v2\/tienda?post=59646"},{"taxonomy":"autor_id","embeddable":true,"href":"https:\/\/wizardly-davinci.82-223-8-23.plesk.page\/en\/wp-json\/wp\/v2\/autor_id?post=59646"},{"taxonomy":"universidades_coeditoras","embeddable":true,"href":"https:\/\/wizardly-davinci.82-223-8-23.plesk.page\/en\/wp-json\/wp\/v2\/universidades_coeditoras?post=59646"},{"taxonomy":"palabras_clave","embeddable":true,"href":"https:\/\/wizardly-davinci.82-223-8-23.plesk.page\/en\/wp-json\/wp\/v2\/palabras_clave?post=59646"},{"taxonomy":"listado_alfabetico","embeddable":true,"href":"https:\/\/wizardly-davinci.82-223-8-23.plesk.page\/en\/wp-json\/wp\/v2\/listado_alfabetico?post=59646"}],"curies":[{"name":"wp","href":"https:\/\/api.w.org\/{rel}","templated":true}]}}