{"id":59660,"date":"2019-12-01T11:20:04","date_gmt":"2019-12-01T11:20:04","guid":{"rendered":"https:\/\/octaedro.com\/?post_type=product&#038;p=59660"},"modified":"2022-06-09T11:32:26","modified_gmt":"2022-06-09T11:32:26","slug":"blau-blue","status":"publish","type":"product","link":"https:\/\/wizardly-davinci.82-223-8-23.plesk.page\/en\/producto\/blau-blue\/","title":{"rendered":"Blau \/ Blue"},"content":{"rendered":"<p><strong><em>Blau. Qu\u00e8 amaga l\u2019horitz\u00f3?<\/em><\/strong>\u00a0\u00e9s un conte infantil escrit en catal\u00e0 i en angl\u00e8s. Blau \u00e9s un al\u00b7legat a mantenir viva la mem\u00f2ria dels qui han perdut la vida a la mar. Els lectors i les lectores de\u00a0<strong>Blau<\/strong>\u00a0s\u2019endinsaran en un paisatge fet d\u2019escombraries i de la m\u00e0 dels protagonistes descobriran una s\u00e8rie d\u2019\u00e9ssers encarregats de disposar la brossa fent r\u00e8pliques del fons del mar. Un d\u2019aquests \u00e9ssers d\u2019aigua els cantar\u00e0 una can\u00e7\u00f3 que parlar\u00e0 de les persones que perden la vida intentant travessar la mar Mediterr\u00e0nia.<\/p>\n<p><em>Blau<\/em>\u00a0\u00e9s un projecte de den\u00fancia que s\u2019obre en tres vessants. La primera en forma de brut\u00edcia llen\u00e7ada i acumulada a la mar; la segona i m\u00e9s important, el crit d\u2019alarma per les morts que continuen succeint a la mar Mediterr\u00e0nia; i la tercera, la reivindicaci\u00f3 del dret a la mem\u00f2ria de les persones mortes a qu\u00e8 no s\u2019oblidi.<\/p>\n<p><strong>Blau<\/strong>\u00a0utilitza un llenguatge delicat per\u00f2 contundent i unes imatges plenes de tendresa que amaguen una realitat dram\u00e0tica. El conte est\u00e0 dirigit a nenes i nens del darrer cicle de prim\u00e0ria i inclou una guia did\u00e0ctica elaborada per\u00a0<strong><a href=\"https:\/\/www.openarms.es\/es\" target=\"_blank\" rel=\"noopener noreferrer\">Open Arms<\/a><\/strong>\u00a0per tal d\u2019orientar els adults a l\u2019hora de respondre davant de les preguntes que la hist\u00f2ria pugui suscitar.<\/p>\n<p>El conte est\u00e0 escrit en catal\u00e0 i angl\u00e8s en un mateix volum.<\/p>\n","protected":false},"excerpt":{"rendered":"<p><strong>Blau. Qu\u00e8 amaga l\u2019horitz\u00f3?<\/strong>\u00a0\u00e9s un conte infantil escrit en catal\u00e0 i en angl\u00e8s. <strong>Blau<\/strong> \u00e9s un al\u00b7legat a mantenir viva la mem\u00f2ria dels qui han perdut la vida a la mar. Els lectors i les lectores de\u00a0<strong>Blau<\/strong>\u00a0s\u2019endinsaran en un paisatge fet d\u2019escombraries i de la m\u00e0 dels protagonistes descobriran una s\u00e8rie d\u2019\u00e9ssers encarregats de disposar la brossa fent r\u00e8pliques del fons del mar. Un d\u2019aquests \u00e9ssers d\u2019aigua els cantar\u00e0 una can\u00e7\u00f3 que parlar\u00e0 de les persones que perden la vida intentant travessar la mar Mediterr\u00e0nia.<\/p>\n<p><strong>Blau<\/strong>\u00a0\u00e9s un projecte de den\u00fancia que s\u2019obre en tres vessants. La primera en forma de brut\u00edcia llen\u00e7ada i acumulada a la mar; la segona i m\u00e9s important, el crit d\u2019alarma per les morts que continuen succeint a la mar Mediterr\u00e0nia; i la tercera, la reivindicaci\u00f3 del dret a la mem\u00f2ria de les persones mortes a qu\u00e8 no s\u2019oblidi.<\/p>\n<p><strong>Blau<\/strong>\u00a0utilitza un llenguatge delicat per\u00f2 contundent i unes imatges plenes de tendresa que amaguen una realitat dram\u00e0tica. El conte est\u00e0 dirigit a nenes i nens del darrer cicle de prim\u00e0ria i inclou una guia did\u00e0ctica elaborada per\u00a0<strong><em>Open Arms<\/em><\/strong><em>\u00a0per tal d\u2019orientar els adults a l\u2019hora de respondre davant de les preguntes que la hist\u00f2ria pugui suscitar.<\/p>\n<p>El conte est\u00e0 escrit en catal\u00e0 i angl\u00e8s al mateix volum.<\/p>\n","protected":false},"featured_media":59661,"comment_status":"open","ping_status":"closed","template":"","meta":{"_et_pb_use_builder":"","_et_pb_old_content":"","_et_gb_content_width":""},"product_cat":[2614,6675],"product_tag":[2602],"edicion":[1083],"editoriales":[1162],"tienda":[],"autor_id":[21914,21912,21913],"universidades_coeditoras":[],"palabras_clave":[],"listado_alfabetico":[],"acf":[],"_links":{"self":[{"href":"https:\/\/wizardly-davinci.82-223-8-23.plesk.page\/en\/wp-json\/wp\/v2\/product\/59660"}],"collection":[{"href":"https:\/\/wizardly-davinci.82-223-8-23.plesk.page\/en\/wp-json\/wp\/v2\/product"}],"about":[{"href":"https:\/\/wizardly-davinci.82-223-8-23.plesk.page\/en\/wp-json\/wp\/v2\/types\/product"}],"replies":[{"embeddable":true,"href":"https:\/\/wizardly-davinci.82-223-8-23.plesk.page\/en\/wp-json\/wp\/v2\/comments?post=59660"}],"wp:featuredmedia":[{"embeddable":true,"href":"https:\/\/wizardly-davinci.82-223-8-23.plesk.page\/en\/wp-json\/wp\/v2\/media\/59661"}],"wp:attachment":[{"href":"https:\/\/wizardly-davinci.82-223-8-23.plesk.page\/en\/wp-json\/wp\/v2\/media?parent=59660"}],"wp:term":[{"taxonomy":"product_cat","embeddable":true,"href":"https:\/\/wizardly-davinci.82-223-8-23.plesk.page\/en\/wp-json\/wp\/v2\/product_cat?post=59660"},{"taxonomy":"product_tag","embeddable":true,"href":"https:\/\/wizardly-davinci.82-223-8-23.plesk.page\/en\/wp-json\/wp\/v2\/product_tag?post=59660"},{"taxonomy":"edicion","embeddable":true,"href":"https:\/\/wizardly-davinci.82-223-8-23.plesk.page\/en\/wp-json\/wp\/v2\/edicion?post=59660"},{"taxonomy":"editoriales","embeddable":true,"href":"https:\/\/wizardly-davinci.82-223-8-23.plesk.page\/en\/wp-json\/wp\/v2\/editoriales?post=59660"},{"taxonomy":"tienda","embeddable":true,"href":"https:\/\/wizardly-davinci.82-223-8-23.plesk.page\/en\/wp-json\/wp\/v2\/tienda?post=59660"},{"taxonomy":"autor_id","embeddable":true,"href":"https:\/\/wizardly-davinci.82-223-8-23.plesk.page\/en\/wp-json\/wp\/v2\/autor_id?post=59660"},{"taxonomy":"universidades_coeditoras","embeddable":true,"href":"https:\/\/wizardly-davinci.82-223-8-23.plesk.page\/en\/wp-json\/wp\/v2\/universidades_coeditoras?post=59660"},{"taxonomy":"palabras_clave","embeddable":true,"href":"https:\/\/wizardly-davinci.82-223-8-23.plesk.page\/en\/wp-json\/wp\/v2\/palabras_clave?post=59660"},{"taxonomy":"listado_alfabetico","embeddable":true,"href":"https:\/\/wizardly-davinci.82-223-8-23.plesk.page\/en\/wp-json\/wp\/v2\/listado_alfabetico?post=59660"}],"curies":[{"name":"wp","href":"https:\/\/api.w.org\/{rel}","templated":true}]}}