{"id":59667,"date":"2018-11-01T11:52:53","date_gmt":"2018-11-01T11:52:53","guid":{"rendered":"https:\/\/octaedro.com\/?post_type=product&#038;p=59667"},"modified":"2022-06-09T12:01:41","modified_gmt":"2022-06-09T12:01:41","slug":"construir-en-col%c2%b7lectiu","status":"publish","type":"product","link":"https:\/\/wizardly-davinci.82-223-8-23.plesk.page\/en\/producto\/construir-en-col%c2%b7lectiu\/","title":{"rendered":"Construir en col\u00b7lectiu"},"content":{"rendered":"<p>Qui dissenya les nostres ciutats i els seus edificis? Arquitectes? Pol\u00edtics? Constructores? Normalment \u00e9s aix\u00ed, per\u00f2 cada dia m\u00e9s persones volen decidir sobre l\u2019entorn que habiten. Nosaltres creiem que les ciutats les han de fer els seus ciutadans i ciutadanes. En els darrers anys hem vist un augment de projectes arquitect\u00f2nics i urban\u00edstics que inclouen moments de participaci\u00f3. Aquests projectes, a m\u00e9s de continuar amb una tradici\u00f3 hist\u00f2rica amb un pic durant els anys 70, han estat un laboratori de noves eines que han demostrat molt bons resultats. Aquest llibre recull metodologies participatives sobre la construcci\u00f3 de la ciutat i la seva arquitectura.<\/p>\n<p><a href=\"http:\/\/www.lacol.coop\/\">Lacol<\/a>\u00a0\u00e9s una cooperativa d\u2019arquitectes que treballem des del barri de Sants de Barcelona. Treballa amb l\u2019arquitectura per a la transformaci\u00f3 social, com una eina per a intervenir l\u2019entorn proper de manera cr\u00edtica. Sempre en paral\u00b7lel a la societat, actuant de manera justa i solid\u00e0ria comen\u00e7ant per un sistema de treball horitzontal.<\/p>\n","protected":false},"excerpt":{"rendered":"<p>Qui dissenya les nostres ciutats i els seus edificis? Arquitectes? Pol\u00edtics? Constructores? Normalment \u00e9s aix\u00ed, per\u00f2 cada dia m\u00e9s persones volen decidir sobre l\u2019entorn que habiten. Nosaltres creiem que les ciutats les han de fer els seus ciutadans i ciutadanes. En els darrers anys hem vist un augment de projectes arquitect\u00f2nics i urban\u00edstics que inclouen moments de participaci\u00f3. Aquests projectes, a m\u00e9s de continuar amb una tradici\u00f3 hist\u00f2rica amb un pic durant els anys 70, han estat un laboratori de noves eines que han demostrat molt bons resultats. Aquest llibre recull metodologies participatives sobre la construcci\u00f3 de la ciutat i la seva arquitectura.<\/p>\n<p><strong>Lacol<\/strong>\u00a0\u00e9s una cooperativa d\u2019arquitectes que treballem des del barri de Sants de Barcelona. Treballa amb l\u2019arquitectura per a la transformaci\u00f3 social, com una eina per a intervenir l\u2019entorn proper de manera cr\u00edtica. Sempre en paral\u00b7lel a la societat, actuant de manera justa i solid\u00e0ria comen\u00e7ant per un sistema de treball horitzontal.<\/p>\n","protected":false},"featured_media":59668,"comment_status":"open","ping_status":"closed","template":"","meta":{"_et_pb_use_builder":"","_et_pb_old_content":"","_et_gb_content_width":""},"product_cat":[2614,6675],"product_tag":[2602],"edicion":[1083],"editoriales":[1162],"tienda":[],"autor_id":[5069],"universidades_coeditoras":[],"palabras_clave":[],"listado_alfabetico":[],"acf":[],"_links":{"self":[{"href":"https:\/\/wizardly-davinci.82-223-8-23.plesk.page\/en\/wp-json\/wp\/v2\/product\/59667"}],"collection":[{"href":"https:\/\/wizardly-davinci.82-223-8-23.plesk.page\/en\/wp-json\/wp\/v2\/product"}],"about":[{"href":"https:\/\/wizardly-davinci.82-223-8-23.plesk.page\/en\/wp-json\/wp\/v2\/types\/product"}],"replies":[{"embeddable":true,"href":"https:\/\/wizardly-davinci.82-223-8-23.plesk.page\/en\/wp-json\/wp\/v2\/comments?post=59667"}],"wp:featuredmedia":[{"embeddable":true,"href":"https:\/\/wizardly-davinci.82-223-8-23.plesk.page\/en\/wp-json\/wp\/v2\/media\/59668"}],"wp:attachment":[{"href":"https:\/\/wizardly-davinci.82-223-8-23.plesk.page\/en\/wp-json\/wp\/v2\/media?parent=59667"}],"wp:term":[{"taxonomy":"product_cat","embeddable":true,"href":"https:\/\/wizardly-davinci.82-223-8-23.plesk.page\/en\/wp-json\/wp\/v2\/product_cat?post=59667"},{"taxonomy":"product_tag","embeddable":true,"href":"https:\/\/wizardly-davinci.82-223-8-23.plesk.page\/en\/wp-json\/wp\/v2\/product_tag?post=59667"},{"taxonomy":"edicion","embeddable":true,"href":"https:\/\/wizardly-davinci.82-223-8-23.plesk.page\/en\/wp-json\/wp\/v2\/edicion?post=59667"},{"taxonomy":"editoriales","embeddable":true,"href":"https:\/\/wizardly-davinci.82-223-8-23.plesk.page\/en\/wp-json\/wp\/v2\/editoriales?post=59667"},{"taxonomy":"tienda","embeddable":true,"href":"https:\/\/wizardly-davinci.82-223-8-23.plesk.page\/en\/wp-json\/wp\/v2\/tienda?post=59667"},{"taxonomy":"autor_id","embeddable":true,"href":"https:\/\/wizardly-davinci.82-223-8-23.plesk.page\/en\/wp-json\/wp\/v2\/autor_id?post=59667"},{"taxonomy":"universidades_coeditoras","embeddable":true,"href":"https:\/\/wizardly-davinci.82-223-8-23.plesk.page\/en\/wp-json\/wp\/v2\/universidades_coeditoras?post=59667"},{"taxonomy":"palabras_clave","embeddable":true,"href":"https:\/\/wizardly-davinci.82-223-8-23.plesk.page\/en\/wp-json\/wp\/v2\/palabras_clave?post=59667"},{"taxonomy":"listado_alfabetico","embeddable":true,"href":"https:\/\/wizardly-davinci.82-223-8-23.plesk.page\/en\/wp-json\/wp\/v2\/listado_alfabetico?post=59667"}],"curies":[{"name":"wp","href":"https:\/\/api.w.org\/{rel}","templated":true}]}}