{"id":59670,"date":"2017-12-01T12:00:44","date_gmt":"2017-12-01T12:00:44","guid":{"rendered":"https:\/\/octaedro.com\/?post_type=product&#038;p=59670"},"modified":"2022-06-09T12:12:01","modified_gmt":"2022-06-09T12:12:01","slug":"terra-de-ningu","status":"publish","type":"product","link":"https:\/\/wizardly-davinci.82-223-8-23.plesk.page\/en\/producto\/terra-de-ningu\/","title":{"rendered":"Terra de ning\u00fa. Volum I"},"content":{"rendered":"<p class=\"p2\">Una compilaci\u00f3 de veus diverses que aporten nous elements al debat actual.<\/p>\n<p class=\"p2\"><strong><em>Terra de Ning\u00fa<\/em><\/strong>\u00a0<strong>perspectives feministes sobre la independ\u00e8ncia<\/strong>\u00a0\u00e9s un llibre col\u00b7lectiu coeditat entre\u00a0<a href=\"https:\/\/www.google.es\/url?sa=t&amp;rct=j&amp;q=&amp;esrc=s&amp;source=web&amp;cd=1&amp;cad=rja&amp;uact=8&amp;ved=0ahUKEwjh0pK5ioLYAhUD8RQKHc-iAqgQFggnMAA&amp;url=http%3A%2F%2Fgatamaulafeminista.blogspot.com%2F&amp;usg=AOvVaw2AeVNxJNnedBN6r2-3W8px\">Gatamaula<\/a>\u00a0i Pol\u00b7len amb contribucions de feministes i activistes LGTBI que explora les relacions entre els feminismes i la independ\u00e8ncia. Veus diverses reflexionen sobre els processos d\u2019alliberament nacional, centrat en el cas catal\u00e0, i aporten propostes que poden esdevenir llavors per un debat fruct\u00edfer entorn les identitats, les sobiranies, la llengua i la cultura, la participaci\u00f3 pol\u00edtica, l\u2019economia o la solidaritat internacionalista.<\/p>\n<p class=\"p2\">Amb textos de:<\/p>\n<p class=\"p3\">Nira Yuval-Davis (pr\u00f2leg), Maria Olivares, Aina Torres Rexach, Montserrat Otero Vidal, Aida Cort\u00e8s i Monera, Meral \u00c7i\u00e7ek. Tona Gusi, Merc\u00e8 Otero Vidal, Maria Rod\u00f3 de Z\u00e1rate, Nerea Eizagirre Telleria, \u00d6zg\u00fcr G\u00fcne\u015f \u00d6zt\u00fcrk, Sara Cuentas Ram\u00edrez, Helena Migu\u00e9lez-Carballeira, Marta Jorba, Teresa Forcades i Vila, N\u00faria Comerma i Cortada, Nora Miralles Crespo, Fina Birul\u00e9s, Daniela Ortiz, B\u00e0rbara Ramajo Garcia, N\u00faria Sadurn\u00ed Balcells, Fatiha El Mou, Marta Estella Clota, Emylse Mas Mir, J\u00falia Serrasolsas, Bel Olid, Paul Preciado, Laura Macaya-Andres, Miquel Miss\u00e9. Marc Garriga, Rosa Ferrer Mulet, Natza Farr\u00e9, Encarna Bodel\u00f3n Gonz\u00e1lez, Betlem C. Bel, Laia Estrada, Anna Gabriel i Sabat\u00e9, M\u00aa Josep Mart\u00ednez, Marina S\u00e1nchez Cid, Mireia Foradada, Carla Vall, Patsili Toledo V\u00e1squez, Marina Sagastizabal , Jule Goikoetxea, Maria Rovira, Sabrina S\u00e1nchez, Estela Rodr\u00edguez Godoy, Imma Milan, Ares Batlle, Ainhoa Etxaide Amorrortu, Montserrat Cervera, Amaia P\u00e9rez Orozco.<\/p>\n<p>Edici\u00f3 a c\u00e0rrec de Gatamaula i Pol\u00b7len. Editores a Gatamaula: Maria Rod\u00f3 de Z\u00e1rate, Marta Jorba Grau, Mireia Foradada Villar i Ares Batlle Manonelles.<\/p>\n<p>Coberta de la il\u00b7lustradora Jone Bengoa; correcci\u00f3 catal\u00e0 i castell\u00e0, Bel Zaballa i Ian Berm\u00fadez; traducci\u00f3 de l\u2019angl\u00e8s de Maria Colera. Disseny i maquetaci\u00f3 de Gina Rosquelles.<\/p>\n","protected":false},"excerpt":{"rendered":"<p>Una compilaci\u00f3 de veus diverses que aporten nous elements al debat actual.<\/p>\n<p><strong>Terra de Ning\u00fa<\/strong>\u00a0<strong>perspectives feministes sobre la independ\u00e8ncia<\/strong>\u00a0\u00e9s un llibre col\u00b7lectiu coeditat entre\u00a0Gatamaula\u00a0i Pol\u00b7len amb contribucions de feministes i activistes LGTBI que explora les relacions entre els feminismes i la independ\u00e8ncia. Veus diverses reflexionen sobre els processos d\u2019alliberament nacional, centrat en el cas catal\u00e0, i aporten propostes que poden esdevenir llavors per un debat fruct\u00edfer entorn les identitats, les sobiranies, la llengua i la cultura, la participaci\u00f3 pol\u00edtica, l\u2019economia o la solidaritat internacionalista.<\/p>\n<p>Amb textos de:<br \/>\nNira Yuval-Davis (pr\u00f2leg), Maria Olivares, Aina Torres Rexach, Montserrat Otero Vidal, Aida Cort\u00e8s i Monera, Meral \u00c7i\u00e7ek. Tona Gusi, Merc\u00e8 Otero Vidal, Maria Rod\u00f3 de Z\u00e1rate, Nerea Eizagirre Telleria, \u00d6zg\u00fcr G\u00fcne\u015f \u00d6zt\u00fcrk, Sara Cuentas Ram\u00edrez, Helena Migu\u00e9lez-Carballeira, Marta Jorba, Teresa Forcades i Vila, N\u00faria Comerma i Cortada, Nora Miralles Crespo, Fina Birul\u00e9s, Daniela Ortiz, B\u00e0rbara Ramajo Garcia, N\u00faria Sadurn\u00ed Balcells, Fatiha El Mou, Marta Estella Clota, Emylse Mas Mir, J\u00falia Serrasolsas, Bel Olid, Paul Preciado, Laura Macaya-Andres, Miquel Miss\u00e9. Marc Garriga, Rosa Ferrer Mulet, Natza Farr\u00e9, Encarna Bodel\u00f3n Gonz\u00e1lez, Betlem C. Bel, Laia Estrada, Anna Gabriel i Sabat\u00e9, M\u00aa Josep Mart\u00ednez, Marina S\u00e1nchez Cid, Mireia Foradada, Carla Vall, Patsili Toledo V\u00e1squez, Marina Sagastizabal , Jule Goikoetxea, Maria Rovira, Sabrina S\u00e1nchez, Estela Rodr\u00edguez Godoy, Imma Milan, Ares Batlle, Ainhoa Etxaide Amorrortu, Montserrat Cervera, Amaia P\u00e9rez Orozco.<\/p>\n<p>Edici\u00f3 a c\u00e0rrec de Gatamaula i Pol\u00b7len. Editores a Gatamaula: Maria Rod\u00f3 de Z\u00e1rate, Marta Jorba Grau, Mireia Foradada Villar i Ares Batlle Manonelles.<\/p>\n<p>Coberta de la il\u00b7lustradora Jone Bengoa; correcci\u00f3 catal\u00e0 i castell\u00e0, Bel Zaballa i Ian Berm\u00fadez; traducci\u00f3 de l\u2019angl\u00e8s de Maria Colera. Disseny i maquetaci\u00f3 de Gina Rosquelles.<\/p>\n","protected":false},"featured_media":59672,"comment_status":"open","ping_status":"closed","template":"","meta":{"_et_pb_use_builder":"","_et_pb_old_content":"","_et_gb_content_width":""},"product_cat":[2614,6675],"product_tag":[2602],"edicion":[1083],"editoriales":[1162],"tienda":[],"autor_id":[5083],"universidades_coeditoras":[],"palabras_clave":[],"listado_alfabetico":[],"acf":[],"_links":{"self":[{"href":"https:\/\/wizardly-davinci.82-223-8-23.plesk.page\/en\/wp-json\/wp\/v2\/product\/59670"}],"collection":[{"href":"https:\/\/wizardly-davinci.82-223-8-23.plesk.page\/en\/wp-json\/wp\/v2\/product"}],"about":[{"href":"https:\/\/wizardly-davinci.82-223-8-23.plesk.page\/en\/wp-json\/wp\/v2\/types\/product"}],"replies":[{"embeddable":true,"href":"https:\/\/wizardly-davinci.82-223-8-23.plesk.page\/en\/wp-json\/wp\/v2\/comments?post=59670"}],"wp:featuredmedia":[{"embeddable":true,"href":"https:\/\/wizardly-davinci.82-223-8-23.plesk.page\/en\/wp-json\/wp\/v2\/media\/59672"}],"wp:attachment":[{"href":"https:\/\/wizardly-davinci.82-223-8-23.plesk.page\/en\/wp-json\/wp\/v2\/media?parent=59670"}],"wp:term":[{"taxonomy":"product_cat","embeddable":true,"href":"https:\/\/wizardly-davinci.82-223-8-23.plesk.page\/en\/wp-json\/wp\/v2\/product_cat?post=59670"},{"taxonomy":"product_tag","embeddable":true,"href":"https:\/\/wizardly-davinci.82-223-8-23.plesk.page\/en\/wp-json\/wp\/v2\/product_tag?post=59670"},{"taxonomy":"edicion","embeddable":true,"href":"https:\/\/wizardly-davinci.82-223-8-23.plesk.page\/en\/wp-json\/wp\/v2\/edicion?post=59670"},{"taxonomy":"editoriales","embeddable":true,"href":"https:\/\/wizardly-davinci.82-223-8-23.plesk.page\/en\/wp-json\/wp\/v2\/editoriales?post=59670"},{"taxonomy":"tienda","embeddable":true,"href":"https:\/\/wizardly-davinci.82-223-8-23.plesk.page\/en\/wp-json\/wp\/v2\/tienda?post=59670"},{"taxonomy":"autor_id","embeddable":true,"href":"https:\/\/wizardly-davinci.82-223-8-23.plesk.page\/en\/wp-json\/wp\/v2\/autor_id?post=59670"},{"taxonomy":"universidades_coeditoras","embeddable":true,"href":"https:\/\/wizardly-davinci.82-223-8-23.plesk.page\/en\/wp-json\/wp\/v2\/universidades_coeditoras?post=59670"},{"taxonomy":"palabras_clave","embeddable":true,"href":"https:\/\/wizardly-davinci.82-223-8-23.plesk.page\/en\/wp-json\/wp\/v2\/palabras_clave?post=59670"},{"taxonomy":"listado_alfabetico","embeddable":true,"href":"https:\/\/wizardly-davinci.82-223-8-23.plesk.page\/en\/wp-json\/wp\/v2\/listado_alfabetico?post=59670"}],"curies":[{"name":"wp","href":"https:\/\/api.w.org\/{rel}","templated":true}]}}