{"id":59681,"date":"2017-02-01T12:41:50","date_gmt":"2017-02-01T12:41:50","guid":{"rendered":"https:\/\/octaedro.com\/?post_type=product&#038;p=59681"},"modified":"2022-06-09T13:18:07","modified_gmt":"2022-06-09T13:18:07","slug":"lorgia-diplomatica","status":"publish","type":"product","link":"https:\/\/wizardly-davinci.82-223-8-23.plesk.page\/en\/producto\/lorgia-diplomatica\/","title":{"rendered":"L\u2019orgia diplom\u00e0tica"},"content":{"rendered":"<p>Un recorregut cronol\u00f2gic (tamb\u00e9 geogr\u00e0fic) pel desconegut i elitista m\u00f3n de la diplom\u00e0cia, parant especial atenci\u00f3 a la capital catalana. I \u00e9s que Barcelona ha esdevingut la tercera ciutat \u2014no capital d\u2019estat\u2014 amb m\u00e9s n\u00famero de c\u00f2nsols, nom\u00e9s superada per Nova York i Hong Kong. El que va comen\u00e7ar com un simple article sobre un regidor de l\u2019Ajuntament de Santa Coloma de Gramenet ha acabat esdevenint un apassionant relat que ens ajuda a entendre millor com funcionen les relacions internacionals. Un exemple de periodisme d\u2019investigaci\u00f3 en estat pur. La confirmaci\u00f3 de com una selecta minoria manega els ressorts del poder. El seu autor, Rafa Burgos, \u00e9s periodista d\u2019investigaci\u00f3 i guia oficial.<br \/>\n\u201cBurgos ens remarca que la bombolla de la diplom\u00e0cia honor\u00edfica, a difer\u00e8ncia de la immobili\u00e0ria, encara<br \/>\nno ha esclatat. Potser aquest llibre en ser\u00e0 el detonant.\u201d Jes\u00fas Rodr\u00edguez, al pr\u00f2leg.<\/p>\n","protected":false},"excerpt":{"rendered":"<p>Un recorregut cronol\u00f2gic (tamb\u00e9 geogr\u00e0fic) pel desconegut i elitista m\u00f3n de la diplom\u00e0cia, parant especial atenci\u00f3 a la capital catalana. I \u00e9s que Barcelona ha esdevingut la tercera ciutat \u2014no capital d\u2019estat\u2014 amb m\u00e9s n\u00famero de c\u00f2nsols, nom\u00e9s superada per Nova York i Hong Kong. El que va comen\u00e7ar com un simple article sobre un regidor de l\u2019Ajuntament de Santa Coloma de Gramenet ha acabat esdevenint un apassionant relat que ens ajuda a entendre millor com funcionen les relacions internacionals. Un exemple de periodisme d\u2019investigaci\u00f3 en estat pur. La confirmaci\u00f3 de com una selecta minoria manega els ressorts del poder. El seu autor, <strong>Rafa Burgos<\/strong>, \u00e9s periodista d\u2019investigaci\u00f3 i guia oficial.<br \/>\n\u201c<em>Burgos ens remarca que la bombolla de la diplom\u00e0cia honor\u00edfica, a difer\u00e8ncia de la immobili\u00e0ria, encara<br \/>\nno ha esclatat. Potser aquest llibre en ser\u00e0 el detonant<\/em>.\u201d Jes\u00fas Rodr\u00edguez, al pr\u00f2leg.<\/p>\n","protected":false},"featured_media":59682,"comment_status":"open","ping_status":"closed","template":"","meta":{"_et_pb_use_builder":"","_et_pb_old_content":"","_et_gb_content_width":""},"product_cat":[2614,6675],"product_tag":[2602],"edicion":[1083],"editoriales":[1162],"tienda":[],"autor_id":[21928],"universidades_coeditoras":[],"palabras_clave":[],"listado_alfabetico":[],"acf":[],"_links":{"self":[{"href":"https:\/\/wizardly-davinci.82-223-8-23.plesk.page\/en\/wp-json\/wp\/v2\/product\/59681"}],"collection":[{"href":"https:\/\/wizardly-davinci.82-223-8-23.plesk.page\/en\/wp-json\/wp\/v2\/product"}],"about":[{"href":"https:\/\/wizardly-davinci.82-223-8-23.plesk.page\/en\/wp-json\/wp\/v2\/types\/product"}],"replies":[{"embeddable":true,"href":"https:\/\/wizardly-davinci.82-223-8-23.plesk.page\/en\/wp-json\/wp\/v2\/comments?post=59681"}],"wp:featuredmedia":[{"embeddable":true,"href":"https:\/\/wizardly-davinci.82-223-8-23.plesk.page\/en\/wp-json\/wp\/v2\/media\/59682"}],"wp:attachment":[{"href":"https:\/\/wizardly-davinci.82-223-8-23.plesk.page\/en\/wp-json\/wp\/v2\/media?parent=59681"}],"wp:term":[{"taxonomy":"product_cat","embeddable":true,"href":"https:\/\/wizardly-davinci.82-223-8-23.plesk.page\/en\/wp-json\/wp\/v2\/product_cat?post=59681"},{"taxonomy":"product_tag","embeddable":true,"href":"https:\/\/wizardly-davinci.82-223-8-23.plesk.page\/en\/wp-json\/wp\/v2\/product_tag?post=59681"},{"taxonomy":"edicion","embeddable":true,"href":"https:\/\/wizardly-davinci.82-223-8-23.plesk.page\/en\/wp-json\/wp\/v2\/edicion?post=59681"},{"taxonomy":"editoriales","embeddable":true,"href":"https:\/\/wizardly-davinci.82-223-8-23.plesk.page\/en\/wp-json\/wp\/v2\/editoriales?post=59681"},{"taxonomy":"tienda","embeddable":true,"href":"https:\/\/wizardly-davinci.82-223-8-23.plesk.page\/en\/wp-json\/wp\/v2\/tienda?post=59681"},{"taxonomy":"autor_id","embeddable":true,"href":"https:\/\/wizardly-davinci.82-223-8-23.plesk.page\/en\/wp-json\/wp\/v2\/autor_id?post=59681"},{"taxonomy":"universidades_coeditoras","embeddable":true,"href":"https:\/\/wizardly-davinci.82-223-8-23.plesk.page\/en\/wp-json\/wp\/v2\/universidades_coeditoras?post=59681"},{"taxonomy":"palabras_clave","embeddable":true,"href":"https:\/\/wizardly-davinci.82-223-8-23.plesk.page\/en\/wp-json\/wp\/v2\/palabras_clave?post=59681"},{"taxonomy":"listado_alfabetico","embeddable":true,"href":"https:\/\/wizardly-davinci.82-223-8-23.plesk.page\/en\/wp-json\/wp\/v2\/listado_alfabetico?post=59681"}],"curies":[{"name":"wp","href":"https:\/\/api.w.org\/{rel}","templated":true}]}}