{"id":59684,"date":"2014-09-01T13:20:12","date_gmt":"2014-09-01T13:20:12","guid":{"rendered":"https:\/\/octaedro.com\/?post_type=product&#038;p=59684"},"modified":"2022-06-09T13:29:11","modified_gmt":"2022-06-09T13:29:11","slug":"i-visqueren-felices","status":"publish","type":"product","link":"https:\/\/wizardly-davinci.82-223-8-23.plesk.page\/en\/producto\/i-visqueren-felices\/","title":{"rendered":"I visqueren felices"},"content":{"rendered":"<p>La literatura l\u00e8sbica escrita al llarg de la hist\u00f2ria \u00e9s pr\u00e0cticament nul\u00b7la o pren forma de trag\u00e8dia. Aquest fet contribueix a la invisibilitat que les lesbianes patim i a la creaci\u00f3 d\u2019un imaginari negatiu. La nostra sexualitat, els nostres cossos, la nostra vida no apareixen representats a la literatura i, quan ho estan, \u00e9s a trav\u00e9s de drames, de relacions tortuoses, d\u2019infelicitat i de su\u00efcidis. Aquest silenciament no \u00e9s fruit de l\u2019atzar sin\u00f3 m\u00e9s aviat del perill que les lesbianes representem: la demostraci\u00f3 que una dona sense un home \u00e9s com un peix sense bicicleta.<\/p>\n<p>De la necessitat de canviar aquesta situaci\u00f3, va sorgir \u00abI visqueren felices\u2026\u00bb. El projecte convidava lesbianes, trans i dones en general de totes les edats a escriure contes, fotonovel\u00b7les, contes il\u00b7lustrats o c\u00f2mics amb tres condicions b\u00e0siques: que hi apareguessin personatges l\u00e8sbics, que tinguessin un final feli\u00e7 i que estiguessin escrits en catal\u00e0.<\/p>\n","protected":false},"excerpt":{"rendered":"<p>La literatura l\u00e8sbica escrita al llarg de la hist\u00f2ria \u00e9s pr\u00e0cticament nul\u00b7la o pren forma de trag\u00e8dia. Aquest fet contribueix a la invisibilitat que les lesbianes patim i a la creaci\u00f3 d\u2019un imaginari negatiu. La nostra sexualitat, els nostres cossos, la nostra vida no apareixen representats a la literatura i, quan ho estan, \u00e9s a trav\u00e9s de drames, de relacions tortuoses, d\u2019infelicitat i de su\u00efcidis. Aquest silenciament no \u00e9s fruit de l\u2019atzar sin\u00f3 m\u00e9s aviat del perill que les lesbianes representem: la demostraci\u00f3 que una dona sense un home \u00e9s com un peix sense bicicleta.<br \/>\n\u00a0<br \/>\nDe la necessitat de canviar aquesta situaci\u00f3, va sorgir \u00abI visqueren felices\u2026\u00bb. El projecte convidava lesbianes, trans i dones en general de totes les edats a escriure contes, fotonovel\u00b7les, contes il\u00b7lustrats o c\u00f2mics amb tres condicions b\u00e0siques: que hi apareguessin personatges l\u00e8sbics, que tinguessin un final feli\u00e7 i que estiguessin escrits en catal\u00e0.<\/p>\n","protected":false},"featured_media":59685,"comment_status":"open","ping_status":"closed","template":"","meta":{"_et_pb_use_builder":"","_et_pb_old_content":"","_et_gb_content_width":""},"product_cat":[2614,6675],"product_tag":[2602],"edicion":[1083],"editoriales":[1162],"tienda":[],"autor_id":[21930],"universidades_coeditoras":[],"palabras_clave":[],"listado_alfabetico":[],"acf":[],"_links":{"self":[{"href":"https:\/\/wizardly-davinci.82-223-8-23.plesk.page\/en\/wp-json\/wp\/v2\/product\/59684"}],"collection":[{"href":"https:\/\/wizardly-davinci.82-223-8-23.plesk.page\/en\/wp-json\/wp\/v2\/product"}],"about":[{"href":"https:\/\/wizardly-davinci.82-223-8-23.plesk.page\/en\/wp-json\/wp\/v2\/types\/product"}],"replies":[{"embeddable":true,"href":"https:\/\/wizardly-davinci.82-223-8-23.plesk.page\/en\/wp-json\/wp\/v2\/comments?post=59684"}],"wp:featuredmedia":[{"embeddable":true,"href":"https:\/\/wizardly-davinci.82-223-8-23.plesk.page\/en\/wp-json\/wp\/v2\/media\/59685"}],"wp:attachment":[{"href":"https:\/\/wizardly-davinci.82-223-8-23.plesk.page\/en\/wp-json\/wp\/v2\/media?parent=59684"}],"wp:term":[{"taxonomy":"product_cat","embeddable":true,"href":"https:\/\/wizardly-davinci.82-223-8-23.plesk.page\/en\/wp-json\/wp\/v2\/product_cat?post=59684"},{"taxonomy":"product_tag","embeddable":true,"href":"https:\/\/wizardly-davinci.82-223-8-23.plesk.page\/en\/wp-json\/wp\/v2\/product_tag?post=59684"},{"taxonomy":"edicion","embeddable":true,"href":"https:\/\/wizardly-davinci.82-223-8-23.plesk.page\/en\/wp-json\/wp\/v2\/edicion?post=59684"},{"taxonomy":"editoriales","embeddable":true,"href":"https:\/\/wizardly-davinci.82-223-8-23.plesk.page\/en\/wp-json\/wp\/v2\/editoriales?post=59684"},{"taxonomy":"tienda","embeddable":true,"href":"https:\/\/wizardly-davinci.82-223-8-23.plesk.page\/en\/wp-json\/wp\/v2\/tienda?post=59684"},{"taxonomy":"autor_id","embeddable":true,"href":"https:\/\/wizardly-davinci.82-223-8-23.plesk.page\/en\/wp-json\/wp\/v2\/autor_id?post=59684"},{"taxonomy":"universidades_coeditoras","embeddable":true,"href":"https:\/\/wizardly-davinci.82-223-8-23.plesk.page\/en\/wp-json\/wp\/v2\/universidades_coeditoras?post=59684"},{"taxonomy":"palabras_clave","embeddable":true,"href":"https:\/\/wizardly-davinci.82-223-8-23.plesk.page\/en\/wp-json\/wp\/v2\/palabras_clave?post=59684"},{"taxonomy":"listado_alfabetico","embeddable":true,"href":"https:\/\/wizardly-davinci.82-223-8-23.plesk.page\/en\/wp-json\/wp\/v2\/listado_alfabetico?post=59684"}],"curies":[{"name":"wp","href":"https:\/\/api.w.org\/{rel}","templated":true}]}}