{"id":59687,"date":"2020-12-01T13:31:23","date_gmt":"2020-12-01T13:31:23","guid":{"rendered":"https:\/\/octaedro.com\/?post_type=product&#038;p=59687"},"modified":"2022-06-09T13:40:21","modified_gmt":"2022-06-09T13:40:21","slug":"economia-solidaria-i-feminista","status":"publish","type":"product","link":"https:\/\/wizardly-davinci.82-223-8-23.plesk.page\/en\/producto\/economia-solidaria-i-feminista\/","title":{"rendered":"Economia Solid\u00e0ria i Feminista"},"content":{"rendered":"<p><em>Economia Solid\u00e0ria i Feminista<\/em>\u00a0\u00e9s fruit de la cooperaci\u00f3 de moltes persones i entitats, del treball compartit entre les companyes de la Comissi\u00f3 d\u2019Economies Feministes de la\u00a0<a href=\"https:\/\/pol-len.cat\/autoria\/xarxa-deconomia-solidaria\/\">XES<\/a>, les membres del\u00a0<a href=\"http:\/\/www.formacio.coop\/\">postgrau d\u2019Economia Social i Solid\u00e0ria \u2013 Estudis Cooperatius<\/a>\u00a0(coordinat per la Universitat Pompeu Fabra, La Ciutat Invisible i la Xarxa d\u2019Economia\u00a0Solid\u00e0ria), la Comissi\u00f3 de Publicacions i Formaci\u00f3 de la\u00a0<a href=\"http:\/\/xes.cat\/\">XES<\/a>\u00a0i la cooperativa editorial Pol\u00b7len Edicions.<\/p>\n<p>Qui s\u00f3n les autores del recull\u00a0<em>Economia Solid\u00e0ria i Feminista<\/em>?\u00a0<strong>Mireia Bosch, Alba Crespo, Sarai Dorado,\u00a0Merc\u00e8 Esteban, J\u00falia Granell, Elba Mansilla, Martina Marcet, Estel\u00b7la Marcos, Ana Mu\u00f1oz, Tariana Salazar i Blanca Valdivia.\u00a0<\/strong>S\u00f3n autores de diferents \u00e0mbits (pagesia agroecol\u00f2gica, treball de la llar i les cures, urbanisme feminista, salut comunit\u00e0ria, activisme, etc.). I de diferents col\u00b7lectius (Punt 6, La Fede.cat).<\/p>\n<p>Per explicar l\u2019Economia Feminista a partir de l\u2019experi\u00e8ncia encarnada de les autores, resulten completament reveladors una s\u00e8rie de fets. \u201cHem patit un accident de bici, hem assumit les responsabilitats de cures de petites i grans, hem sigut desnonades\u201d, expliquen a tall d\u2019exemple.<\/p>\n<p><strong>EINES<\/strong>\u00a0\u00e9s una col\u00b7lecci\u00f3 impulsada per la Xarxa d\u2019Economia Solid\u00e0ria i Pol\u00b7len edicions sccl. La col\u00b7lecci\u00f3 neix com a instrument d\u2019informaci\u00f3 i coneixement per difondre l\u2019economia social i solid\u00e0ria a Catalunya, el seus reptes i les seves respostes.\u00a0<strong>EINES<\/strong>\u00a0ens recorda, divulgativament, que comencem a poder viure d\u2019una altra manera. Si voleu con\u00e8ixer els altres t\u00edtols de la col\u00b7lecci\u00f3, no us perdeu el primer,\u00a0<a href=\"https:\/\/pol-len.cat\/llibres\/esmolem-les-eines-debats-de-leconomia-solidaria-per-a-la-transformacio-social\/\">Esmolem les eines<\/a>, el segon,\u00a0<a href=\"https:\/\/pol-len.cat\/llibres\/invitacio-a-leconomia-solidaria-una-visio-des-de-catalunya\/\">Invitaci\u00f3 a l\u2019Economia Solid\u00e0ria<\/a>, el tercer,\u00a0<a href=\"https:\/\/pol-len.cat\/llibres\/finances-etiques-i-solidaries\/\">Finances \u00e8tiques i solid\u00e0ries<\/a>, i el quart,\u00a0<a href=\"https:\/\/pol-len.cat\/llibres\/la-transicio-a-les-renovables-cap-a-una-energia-social-i-solidaria\/\">La transici\u00f3 a les renovables<\/a>.<\/p>\n","protected":false},"excerpt":{"rendered":"<p><strong>Economia Solid\u00e0ria i Feminista<\/strong>\u00a0\u00e9s fruit de la cooperaci\u00f3 de moltes persones i entitats, del treball compartit entre les companyes de la Comissi\u00f3 d\u2019Economies Feministes de la\u00a0XES, les membres del\u00a0postgrau d\u2019Economia Social i Solid\u00e0ria \u2013 Estudis Cooperatius\u00a0(coordinat per la Universitat Pompeu Fabra, La Ciutat Invisible i la Xarxa d\u2019Economia\u00a0Solid\u00e0ria), la Comissi\u00f3 de Publicacions i Formaci\u00f3 de la\u00a0XES\u00a0i la cooperativa editorial Pol\u00b7len Edicions.<\/p>\n<p>Qui s\u00f3n les autores del recull\u00a0Economia Solid\u00e0ria i Feminista?\u00a0<strong>Mireia Bosch, Alba Crespo, Sarai Dorado,\u00a0Merc\u00e8 Esteban, J\u00falia Granell, Elba Mansilla, Martina Marcet, Estel\u00b7la Marcos, Ana Mu\u00f1oz, Tariana Salazar i Blanca Valdivia<\/strong>.\u00a0S\u00f3n autores de diferents \u00e0mbits (pagesia agroecol\u00f2gica, treball de la llar i les cures, urbanisme feminista, salut comunit\u00e0ria, activisme, etc.). I de diferents col\u00b7lectius (Punt 6, La Fede.cat).<\/p>\n<p>Per explicar l\u2019Economia Feminista a partir de l\u2019experi\u00e8ncia encarnada de les autores, resulten completament reveladors una s\u00e8rie de fets. \u201cHem patit un accident de bici, hem assumit les responsabilitats de cures de petites i grans, hem sigut desnonades\u201d, expliquen a tall d\u2019exemple.<\/p>\n<p><strong>EINES<\/strong>\u00a0\u00e9s una col\u00b7lecci\u00f3 impulsada per la Xarxa d\u2019Economia Solid\u00e0ria i Pol\u00b7len edicions sccl. La col\u00b7lecci\u00f3 neix com a instrument d\u2019informaci\u00f3 i coneixement per difondre l\u2019economia social i solid\u00e0ria a Catalunya, el seus reptes i les seves respostes.\u00a0EINES\u00a0ens recorda, divulgativament, que comencem a poder viure d\u2019una altra manera. Si voleu con\u00e8ixer els altres t\u00edtols de la col\u00b7lecci\u00f3, no us perdeu el primer,\u00a0Esmolem les eines, el segon,\u00a0Invitaci\u00f3 a l\u2019Economia Solid\u00e0ria, el tercer,\u00a0Finances \u00e8tiques i solid\u00e0ries, i el quart,\u00a0La transici\u00f3 a les renovables.<\/p>\n","protected":false},"featured_media":59688,"comment_status":"open","ping_status":"closed","template":"","meta":{"_et_pb_use_builder":"","_et_pb_old_content":"","_et_gb_content_width":""},"product_cat":[2614,6675],"product_tag":[2602],"edicion":[1083],"editoriales":[1162],"tienda":[],"autor_id":[5083],"universidades_coeditoras":[],"palabras_clave":[],"listado_alfabetico":[],"acf":[],"_links":{"self":[{"href":"https:\/\/wizardly-davinci.82-223-8-23.plesk.page\/en\/wp-json\/wp\/v2\/product\/59687"}],"collection":[{"href":"https:\/\/wizardly-davinci.82-223-8-23.plesk.page\/en\/wp-json\/wp\/v2\/product"}],"about":[{"href":"https:\/\/wizardly-davinci.82-223-8-23.plesk.page\/en\/wp-json\/wp\/v2\/types\/product"}],"replies":[{"embeddable":true,"href":"https:\/\/wizardly-davinci.82-223-8-23.plesk.page\/en\/wp-json\/wp\/v2\/comments?post=59687"}],"wp:featuredmedia":[{"embeddable":true,"href":"https:\/\/wizardly-davinci.82-223-8-23.plesk.page\/en\/wp-json\/wp\/v2\/media\/59688"}],"wp:attachment":[{"href":"https:\/\/wizardly-davinci.82-223-8-23.plesk.page\/en\/wp-json\/wp\/v2\/media?parent=59687"}],"wp:term":[{"taxonomy":"product_cat","embeddable":true,"href":"https:\/\/wizardly-davinci.82-223-8-23.plesk.page\/en\/wp-json\/wp\/v2\/product_cat?post=59687"},{"taxonomy":"product_tag","embeddable":true,"href":"https:\/\/wizardly-davinci.82-223-8-23.plesk.page\/en\/wp-json\/wp\/v2\/product_tag?post=59687"},{"taxonomy":"edicion","embeddable":true,"href":"https:\/\/wizardly-davinci.82-223-8-23.plesk.page\/en\/wp-json\/wp\/v2\/edicion?post=59687"},{"taxonomy":"editoriales","embeddable":true,"href":"https:\/\/wizardly-davinci.82-223-8-23.plesk.page\/en\/wp-json\/wp\/v2\/editoriales?post=59687"},{"taxonomy":"tienda","embeddable":true,"href":"https:\/\/wizardly-davinci.82-223-8-23.plesk.page\/en\/wp-json\/wp\/v2\/tienda?post=59687"},{"taxonomy":"autor_id","embeddable":true,"href":"https:\/\/wizardly-davinci.82-223-8-23.plesk.page\/en\/wp-json\/wp\/v2\/autor_id?post=59687"},{"taxonomy":"universidades_coeditoras","embeddable":true,"href":"https:\/\/wizardly-davinci.82-223-8-23.plesk.page\/en\/wp-json\/wp\/v2\/universidades_coeditoras?post=59687"},{"taxonomy":"palabras_clave","embeddable":true,"href":"https:\/\/wizardly-davinci.82-223-8-23.plesk.page\/en\/wp-json\/wp\/v2\/palabras_clave?post=59687"},{"taxonomy":"listado_alfabetico","embeddable":true,"href":"https:\/\/wizardly-davinci.82-223-8-23.plesk.page\/en\/wp-json\/wp\/v2\/listado_alfabetico?post=59687"}],"curies":[{"name":"wp","href":"https:\/\/api.w.org\/{rel}","templated":true}]}}