{"id":59691,"date":"2021-02-01T14:42:13","date_gmt":"2021-02-01T13:42:13","guid":{"rendered":"https:\/\/octaedro.com\/?post_type=product&#038;p=59691"},"modified":"2022-11-02T11:24:50","modified_gmt":"2022-11-02T10:24:50","slug":"un-mundo-en-un-dia","status":"publish","type":"product","link":"https:\/\/wizardly-davinci.82-223-8-23.plesk.page\/en\/producto\/un-mundo-en-un-dia\/","title":{"rendered":"Un mundo en un d\u00eda"},"content":{"rendered":"<p><strong>Un mundo en un d\u00eda. Cuentos diversos hist\u00f2rias cotidianas<\/strong><\/p>\n<p>Los cuentos que tienes entre manos est\u00e1n escritos en su mayor\u00eda sin g\u00e9nero gramatical para dar la posibilidad de identificar a los personajes libremente (excepto en dos cuentos). La propuesta parte de una mirada atenta a las limitaciones que el g\u00e9nero supone en el desarrollo de la infancia y las desigualdades, las presiones y exclusiones que provocan sus etiquetas. Ar\u00e1n y Odei son nombres que se usan indistintamente. Donde pone Eli, se puede pensar Elisa, El\u00edas, Elisabet o tan solo Eli, sin\u00a0 tener que escoger entre femenino o masculino. Y as\u00ed pasa tambi\u00e9n<br \/>\ncon Adri y con \u00c1lex. Solo dos personajes tienen un nombre que se acompa\u00f1a con el art\u00edculo \u00abla\u00bb, en la versi\u00f3n en catal\u00e1n, y<br \/>\ncon adjetivos femeninos, Hasna e Ivet.<br \/>\nFrecuentemente detr\u00e1s de un lenguaje gramaticalmente neutro imaginamos personajes masculinos, as\u00ed es nuestra herencia. Y desde la necesidad de poder imaginar experiencias de ni\u00f1as detr\u00e1s de nuestras historias, optamos por introducir el g\u00e9nero gramatical femenino en estos dos cuentos. Esperamos que el juego del lenguaje contin\u00fae con quien lea este libro, es decir, contigo.<br \/>\nUn mundo en un dia: en tus manos te dejamos nuestras historias para que t\u00fa puedas escribir las tuyas.<\/p>\n","protected":false},"excerpt":{"rendered":"<p><strong>Un mundo en un d\u00eda. Cuentos diversos hist\u00f2rias cotidianas<\/strong><\/p>\n<p>Los cuentos que tienes entre manos est\u00e1n escritos en su mayor\u00eda sin g\u00e9nero gramatical para dar la posibilidad de identificar a los personajes libremente (excepto en dos cuentos). La propuesta parte de una mirada atenta a las limitaciones que el g\u00e9nero supone en el desarrollo de la infancia y las desigualdades, las presiones y exclusiones que provocan sus etiquetas. Ar\u00e1n y Odei son nombres que se usan indistintamente. Donde pone Eli, se puede pensar Elisa, El\u00edas, Elisabet o tan solo Eli, sin\u00a0 tener que escoger entre femenino o masculino. Y as\u00ed pasa tambi\u00e9n<br \/>\ncon Adri y con \u00c1lex. Solo dos personajes tienen un nombre que se acompa\u00f1a con el art\u00edculo \u00abla\u00bb, en la versi\u00f3n en catal\u00e1n, y<br \/>\ncon adjetivos femeninos, Hasna e Ivet.<br \/>\nFrecuentemente detr\u00e1s de un lenguaje gramaticalmente neutro imaginamos personajes masculinos, as\u00ed es nuestra herencia. Y desde la necesidad de poder imaginar experiencias de ni\u00f1as detr\u00e1s de nuestras historias, optamos por introducir el g\u00e9nero gramatical femenino en estos dos cuentos. Esperamos que el juego del lenguaje contin\u00fae con quien lea este libro, es decir, contigo.<br \/>\nUn mundo en un dia: en tus manos te dejamos nuestras historias para que t\u00fa puedas escribir las tuyas.<\/p>\n","protected":false},"featured_media":59692,"comment_status":"open","ping_status":"closed","template":"","meta":{"_et_pb_use_builder":"","_et_pb_old_content":"","_et_gb_content_width":""},"product_cat":[2614,6675],"product_tag":[2602],"edicion":[1083],"editoriales":[1162],"tienda":[],"autor_id":[21745,21746,21932],"universidades_coeditoras":[],"palabras_clave":[],"listado_alfabetico":[],"acf":[],"_links":{"self":[{"href":"https:\/\/wizardly-davinci.82-223-8-23.plesk.page\/en\/wp-json\/wp\/v2\/product\/59691"}],"collection":[{"href":"https:\/\/wizardly-davinci.82-223-8-23.plesk.page\/en\/wp-json\/wp\/v2\/product"}],"about":[{"href":"https:\/\/wizardly-davinci.82-223-8-23.plesk.page\/en\/wp-json\/wp\/v2\/types\/product"}],"replies":[{"embeddable":true,"href":"https:\/\/wizardly-davinci.82-223-8-23.plesk.page\/en\/wp-json\/wp\/v2\/comments?post=59691"}],"wp:featuredmedia":[{"embeddable":true,"href":"https:\/\/wizardly-davinci.82-223-8-23.plesk.page\/en\/wp-json\/wp\/v2\/media\/59692"}],"wp:attachment":[{"href":"https:\/\/wizardly-davinci.82-223-8-23.plesk.page\/en\/wp-json\/wp\/v2\/media?parent=59691"}],"wp:term":[{"taxonomy":"product_cat","embeddable":true,"href":"https:\/\/wizardly-davinci.82-223-8-23.plesk.page\/en\/wp-json\/wp\/v2\/product_cat?post=59691"},{"taxonomy":"product_tag","embeddable":true,"href":"https:\/\/wizardly-davinci.82-223-8-23.plesk.page\/en\/wp-json\/wp\/v2\/product_tag?post=59691"},{"taxonomy":"edicion","embeddable":true,"href":"https:\/\/wizardly-davinci.82-223-8-23.plesk.page\/en\/wp-json\/wp\/v2\/edicion?post=59691"},{"taxonomy":"editoriales","embeddable":true,"href":"https:\/\/wizardly-davinci.82-223-8-23.plesk.page\/en\/wp-json\/wp\/v2\/editoriales?post=59691"},{"taxonomy":"tienda","embeddable":true,"href":"https:\/\/wizardly-davinci.82-223-8-23.plesk.page\/en\/wp-json\/wp\/v2\/tienda?post=59691"},{"taxonomy":"autor_id","embeddable":true,"href":"https:\/\/wizardly-davinci.82-223-8-23.plesk.page\/en\/wp-json\/wp\/v2\/autor_id?post=59691"},{"taxonomy":"universidades_coeditoras","embeddable":true,"href":"https:\/\/wizardly-davinci.82-223-8-23.plesk.page\/en\/wp-json\/wp\/v2\/universidades_coeditoras?post=59691"},{"taxonomy":"palabras_clave","embeddable":true,"href":"https:\/\/wizardly-davinci.82-223-8-23.plesk.page\/en\/wp-json\/wp\/v2\/palabras_clave?post=59691"},{"taxonomy":"listado_alfabetico","embeddable":true,"href":"https:\/\/wizardly-davinci.82-223-8-23.plesk.page\/en\/wp-json\/wp\/v2\/listado_alfabetico?post=59691"}],"curies":[{"name":"wp","href":"https:\/\/api.w.org\/{rel}","templated":true}]}}