{"id":59777,"date":"2019-09-01T09:51:21","date_gmt":"2019-09-01T09:51:21","guid":{"rendered":"https:\/\/octaedro.com\/?post_type=product&#038;p=59777"},"modified":"2022-07-15T14:28:02","modified_gmt":"2022-07-15T12:28:02","slug":"pioneres","status":"publish","type":"product","link":"https:\/\/wizardly-davinci.82-223-8-23.plesk.page\/en\/producto\/pioneres\/","title":{"rendered":"Pioneres"},"content":{"rendered":"<p>Aquesta \u00e9s la hist\u00f2ria de dues navarreses avantguardistes, feministes i revolucion\u00e0ries.<\/p>\n<p>Van ser dues dones amb un valor excepcional, avan\u00e7ades al seu temps, pioneres al comen\u00e7ament del segle XX en la renovaci\u00f3 pedag\u00f2gica d\u2019un sistema educatiu ancorat en el passat, en la defensa dels drets de la dona i la inf\u00e0ncia, i amb un elevat grau de comprom\u00eds social i pol\u00edtic. Josefa i Elisa \u00dariz Pi, nascudes a Navarra a finals del XIX, van mantenir unes posicions d\u2019avantguarda que van escandalitzar les persones \u201cbenpensants\u201d de Girona i Lleida, on van ser assenyalades com anatema de la moral p\u00fablica i on van iniciar una traject\u00f2ria professional que les portaria a la milit\u00e0ncia comunista, van assumir destacats c\u00e0rrecs de responsabilitat per a la Rep\u00fablica durant la Guerra Civil. Exiliades a Fran\u00e7a, no van dubtar a formar els primers grups de la Resist\u00e8ncia contra l\u2019ocupaci\u00f3 alemanya a la regi\u00f3 de Par\u00eds, i la seva extraordin\u00e0ria valentia va ser reconeguda quan van morir en l\u2019exili berlin\u00e8s, sense que poguessin tornar mai a la seva Navarra natal.<\/p>\n","protected":false},"excerpt":{"rendered":"<p>Aquesta \u00e9s la hist\u00f2ria de dues navarreses avantguardistes, feministes i revolucion\u00e0ries.<\/p>\n<p>Van ser dues dones amb un valor excepcional, avan\u00e7ades al seu temps, pioneres al comen\u00e7ament del segle XX en la renovaci\u00f3 pedag\u00f2gica d\u2019un sistema educatiu ancorat en el passat, en la defensa dels drets de la dona i la inf\u00e0ncia, i amb un elevat grau de comprom\u00eds social i pol\u00edtic. Josefa i Elisa \u00dariz Pi, nascudes a Navarra a finals del XIX, van mantenir unes posicions d\u2019avantguarda que van escandalitzar les persones \u201cbenpensants\u201d de Girona i Lleida, on van ser assenyalades com anatema de la moral p\u00fablica i on van iniciar una traject\u00f2ria professional que les portaria a la milit\u00e0ncia comunista, van assumir destacats c\u00e0rrecs de responsabilitat per a la Rep\u00fablica durant la Guerra Civil. Exiliades a Fran\u00e7a, no van dubtar a formar els primers grups de la Resist\u00e8ncia contra l\u2019ocupaci\u00f3 alemanya a la regi\u00f3 de Par\u00eds, i la seva extraordin\u00e0ria valentia va ser reconeguda quan van morir en l\u2019exili berlin\u00e8s, sense que poguessin tornar mai a la seva Navarra natal.<\/p>\n","protected":false},"featured_media":59778,"comment_status":"open","ping_status":"closed","template":"","meta":{"_et_pb_use_builder":"","_et_pb_old_content":"","_et_gb_content_width":""},"product_cat":[2614,6675],"product_tag":[2602],"edicion":[1083],"editoriales":[1162],"tienda":[],"autor_id":[22000,22001,21999],"universidades_coeditoras":[],"palabras_clave":[],"listado_alfabetico":[],"acf":[],"_links":{"self":[{"href":"https:\/\/wizardly-davinci.82-223-8-23.plesk.page\/en\/wp-json\/wp\/v2\/product\/59777"}],"collection":[{"href":"https:\/\/wizardly-davinci.82-223-8-23.plesk.page\/en\/wp-json\/wp\/v2\/product"}],"about":[{"href":"https:\/\/wizardly-davinci.82-223-8-23.plesk.page\/en\/wp-json\/wp\/v2\/types\/product"}],"replies":[{"embeddable":true,"href":"https:\/\/wizardly-davinci.82-223-8-23.plesk.page\/en\/wp-json\/wp\/v2\/comments?post=59777"}],"wp:featuredmedia":[{"embeddable":true,"href":"https:\/\/wizardly-davinci.82-223-8-23.plesk.page\/en\/wp-json\/wp\/v2\/media\/59778"}],"wp:attachment":[{"href":"https:\/\/wizardly-davinci.82-223-8-23.plesk.page\/en\/wp-json\/wp\/v2\/media?parent=59777"}],"wp:term":[{"taxonomy":"product_cat","embeddable":true,"href":"https:\/\/wizardly-davinci.82-223-8-23.plesk.page\/en\/wp-json\/wp\/v2\/product_cat?post=59777"},{"taxonomy":"product_tag","embeddable":true,"href":"https:\/\/wizardly-davinci.82-223-8-23.plesk.page\/en\/wp-json\/wp\/v2\/product_tag?post=59777"},{"taxonomy":"edicion","embeddable":true,"href":"https:\/\/wizardly-davinci.82-223-8-23.plesk.page\/en\/wp-json\/wp\/v2\/edicion?post=59777"},{"taxonomy":"editoriales","embeddable":true,"href":"https:\/\/wizardly-davinci.82-223-8-23.plesk.page\/en\/wp-json\/wp\/v2\/editoriales?post=59777"},{"taxonomy":"tienda","embeddable":true,"href":"https:\/\/wizardly-davinci.82-223-8-23.plesk.page\/en\/wp-json\/wp\/v2\/tienda?post=59777"},{"taxonomy":"autor_id","embeddable":true,"href":"https:\/\/wizardly-davinci.82-223-8-23.plesk.page\/en\/wp-json\/wp\/v2\/autor_id?post=59777"},{"taxonomy":"universidades_coeditoras","embeddable":true,"href":"https:\/\/wizardly-davinci.82-223-8-23.plesk.page\/en\/wp-json\/wp\/v2\/universidades_coeditoras?post=59777"},{"taxonomy":"palabras_clave","embeddable":true,"href":"https:\/\/wizardly-davinci.82-223-8-23.plesk.page\/en\/wp-json\/wp\/v2\/palabras_clave?post=59777"},{"taxonomy":"listado_alfabetico","embeddable":true,"href":"https:\/\/wizardly-davinci.82-223-8-23.plesk.page\/en\/wp-json\/wp\/v2\/listado_alfabetico?post=59777"}],"curies":[{"name":"wp","href":"https:\/\/api.w.org\/{rel}","templated":true}]}}