{"id":59787,"date":"2019-05-01T10:32:22","date_gmt":"2019-05-01T10:32:22","guid":{"rendered":"https:\/\/octaedro.com\/?post_type=product&#038;p=59787"},"modified":"2022-06-13T06:39:52","modified_gmt":"2022-06-13T06:39:52","slug":"mirades-a-la-violencia-obstetrica","status":"publish","type":"product","link":"https:\/\/wizardly-davinci.82-223-8-23.plesk.page\/en\/producto\/mirades-a-la-violencia-obstetrica\/","title":{"rendered":"Mirades a la Viol\u00e8ncia Obst\u00e8trica"},"content":{"rendered":"<p><strong>Mirades a la Viol\u00e8ncia Obst\u00e8trica<\/strong><\/p>\n<p>Un compendio de art\u00edculos coeditado con la asociaci\u00f3n\u00a0<a href=\"https:\/\/pol-len.cat\/autoria\/dona-llum\/\">Dona Llum<\/a>, en el que diversas autoras reflexionan sobre la Violencia Obst\u00e9trica desde distintos campos de saberes y proximidades. El libro ha mantenido la lengua original en el que fueron escritos los art\u00edculos por lo que encontrar\u00e9is art\u00edculos en castellano y en catalan.<\/p>\n<p><a href=\"https:\/\/www.donallum.org\/\">Dona Llum<\/a>\u00a0trabaja por una atenci\u00f3n digna y respetusosa durante el proceso de embarazo, parto y postparto.<\/p>\n<p>\u201cMientras que la Sociedad Espa\u00f1ola de Ginecolog\u00eda y Obstetricia (SEGO) niega \u2014bajo el nombre de la evidencia y la ciencia\u2014 la existenciade pr\u00e1cticas violentas en el proceso de embarazo, parto y crianza, un grupo de mujeres ha reunido sus pensamientos, reflexiones y relatos en un libro sobre Violencia Obst\u00e9trica. Ellas narran los miedos, las agresiones, los abusos, los terrores, los riesgos, las contaminaciones y las desigualdades. Relatan, tambi\u00e9n, la posibilidad de transformaci\u00f3n, del valor del asociacionismo y de la educaci\u00f3n (\u2026)\u201d (extracto del pr\u00f3logo de Serena Brigidi)<\/p>\n","protected":false},"excerpt":{"rendered":"<p><strong>Mirades a la Viol\u00e8ncia Obst\u00e8trica<\/strong><\/p>\n<p>Un compendio de art\u00edculos coeditado con la asociaci\u00f3n\u00a0<strong>Dona Llum<\/strong>, en el que diversas autoras reflexionan sobre la Violencia Obst\u00e9trica desde distintos campos de saberes y proximidades. El libro ha mantenido la lengua original en el que fueron escritos los art\u00edculos por lo que encontrar\u00e9is art\u00edculos en castellano y en catal\u00e1n.<\/p>\n<p><strong>Dona Llum<\/strong> trabaja por una atenci\u00f3n digna y respetuosa durante el proceso de embarazo, parto y postparto.<\/p>\n<p>\u201cMientras que la Sociedad Espa\u00f1ola de Ginecolog\u00eda y Obstetricia (SEGO) niega \u2014bajo el nombre de la evidencia y la ciencia\u2014 la existencia de pr\u00e1cticas violentas en el proceso de embarazo, parto y crianza, un grupo de mujeres ha reunido sus pensamientos, reflexiones y relatos en un libro sobre Violencia Obst\u00e9trica. Ellas narran los miedos, las agresiones, los abusos, los terrores, los riesgos, las contaminaciones y las desigualdades. Relatan, tambi\u00e9n, la posibilidad de transformaci\u00f3n, del valor del asociacionismo y de la educaci\u00f3n (\u2026)\u201d (extracto del pr\u00f3logo de Serena Brigidi)<\/p>\n","protected":false},"featured_media":59788,"comment_status":"open","ping_status":"closed","template":"","meta":{"_et_pb_use_builder":"","_et_pb_old_content":"","_et_gb_content_width":""},"product_cat":[2614,6675],"product_tag":[2602],"edicion":[1083],"editoriales":[1162],"tienda":[],"autor_id":[5083],"universidades_coeditoras":[],"palabras_clave":[],"listado_alfabetico":[],"acf":[],"_links":{"self":[{"href":"https:\/\/wizardly-davinci.82-223-8-23.plesk.page\/en\/wp-json\/wp\/v2\/product\/59787"}],"collection":[{"href":"https:\/\/wizardly-davinci.82-223-8-23.plesk.page\/en\/wp-json\/wp\/v2\/product"}],"about":[{"href":"https:\/\/wizardly-davinci.82-223-8-23.plesk.page\/en\/wp-json\/wp\/v2\/types\/product"}],"replies":[{"embeddable":true,"href":"https:\/\/wizardly-davinci.82-223-8-23.plesk.page\/en\/wp-json\/wp\/v2\/comments?post=59787"}],"wp:featuredmedia":[{"embeddable":true,"href":"https:\/\/wizardly-davinci.82-223-8-23.plesk.page\/en\/wp-json\/wp\/v2\/media\/59788"}],"wp:attachment":[{"href":"https:\/\/wizardly-davinci.82-223-8-23.plesk.page\/en\/wp-json\/wp\/v2\/media?parent=59787"}],"wp:term":[{"taxonomy":"product_cat","embeddable":true,"href":"https:\/\/wizardly-davinci.82-223-8-23.plesk.page\/en\/wp-json\/wp\/v2\/product_cat?post=59787"},{"taxonomy":"product_tag","embeddable":true,"href":"https:\/\/wizardly-davinci.82-223-8-23.plesk.page\/en\/wp-json\/wp\/v2\/product_tag?post=59787"},{"taxonomy":"edicion","embeddable":true,"href":"https:\/\/wizardly-davinci.82-223-8-23.plesk.page\/en\/wp-json\/wp\/v2\/edicion?post=59787"},{"taxonomy":"editoriales","embeddable":true,"href":"https:\/\/wizardly-davinci.82-223-8-23.plesk.page\/en\/wp-json\/wp\/v2\/editoriales?post=59787"},{"taxonomy":"tienda","embeddable":true,"href":"https:\/\/wizardly-davinci.82-223-8-23.plesk.page\/en\/wp-json\/wp\/v2\/tienda?post=59787"},{"taxonomy":"autor_id","embeddable":true,"href":"https:\/\/wizardly-davinci.82-223-8-23.plesk.page\/en\/wp-json\/wp\/v2\/autor_id?post=59787"},{"taxonomy":"universidades_coeditoras","embeddable":true,"href":"https:\/\/wizardly-davinci.82-223-8-23.plesk.page\/en\/wp-json\/wp\/v2\/universidades_coeditoras?post=59787"},{"taxonomy":"palabras_clave","embeddable":true,"href":"https:\/\/wizardly-davinci.82-223-8-23.plesk.page\/en\/wp-json\/wp\/v2\/palabras_clave?post=59787"},{"taxonomy":"listado_alfabetico","embeddable":true,"href":"https:\/\/wizardly-davinci.82-223-8-23.plesk.page\/en\/wp-json\/wp\/v2\/listado_alfabetico?post=59787"}],"curies":[{"name":"wp","href":"https:\/\/api.w.org\/{rel}","templated":true}]}}