{"id":59793,"date":"2015-08-01T10:52:53","date_gmt":"2015-08-01T10:52:53","guid":{"rendered":"https:\/\/octaedro.com\/?post_type=product&#038;p=59793"},"modified":"2022-06-13T07:00:46","modified_gmt":"2022-06-13T07:00:46","slug":"podem-continuar-sent-desquerres","status":"publish","type":"product","link":"https:\/\/wizardly-davinci.82-223-8-23.plesk.page\/en\/producto\/podem-continuar-sent-desquerres\/","title":{"rendered":"Podem continuar sent d\u2019esquerres?"},"content":{"rendered":"<p>Santiago Alba Rico<br \/>\nPer a Inmanuel Kant la difer\u00e8ncia entre la m\u00e0 esquerra i la m\u00e0 dreta era la revelaci\u00f3 mateixa de l\u2019espai com a marc d\u2019oposicions insuperables. Les dues mans poden unir-se \u2013per aplaudir o resar\u2013 per\u00f2 en cap cas poden substituir-se; estan enfrontades, radicalment renyides, sense que cap operaci\u00f3 l\u00f2gica pugui resoldre aquesta contradicci\u00f3 espacial absoluta. No hi ha s\u00edntesi possible que pugui reconciliar-les; cap transformaci\u00f3 de l\u2019esperit pot posar-ne una al lloc de l\u2019altra. Per m\u00e9s que girem i retorcem les mans, la m\u00e0 esquerra mai podr\u00e0 ser la m\u00e0 dreta ni, al rev\u00e9s, la m\u00e0 dreta convertir-se \u2013a base de moure\u2019s\u2013 en la m\u00e0 esquerra. \u00c9s per aix\u00f2 que aquesta difer\u00e8ncia constitueix, encara avui, la primera norma de tota orientaci\u00f3 en l\u2019espai. En l\u2019\u00e0mbit pol\u00edtic Podem continuar sent d\u2019esquerres? respon en s\u00ed menor a la pregunta que titula el llibre, i ho fa amb la genialitat habitual de l\u2019autor i amb una suggeridora i provocadora proposta: cal ser revolucion\u00e0ries econ\u00f2micament, reformistes institucionalment i conservadores antropol\u00f2gicament.<\/p>\n","protected":false},"excerpt":{"rendered":"<p><strong>Santiago Alba Rico<\/strong><br \/>\nPer a Inmanuel Kant la difer\u00e8ncia entre la m\u00e0 esquerra i la m\u00e0 dreta era la revelaci\u00f3 mateixa de l\u2019espai com a marc d\u2019oposicions insuperables. Les dues mans poden unir-se \u2013per aplaudir o resar\u2013 per\u00f2 en cap cas poden substituir-se; estan enfrontades, radicalment renyides, sense que cap operaci\u00f3 l\u00f2gica pugui resoldre aquesta contradicci\u00f3 espacial absoluta. No hi ha s\u00edntesi possible que pugui reconciliar-les; cap transformaci\u00f3 de l\u2019esperit pot posar-ne una al lloc de l\u2019altra. Per m\u00e9s que girem i retorcem les mans, la m\u00e0 esquerra mai podr\u00e0 ser la m\u00e0 dreta ni, al rev\u00e9s, la m\u00e0 dreta convertir-se \u2013a base de moure\u2019s\u2013 en la m\u00e0 esquerra. \u00c9s per aix\u00f2 que aquesta difer\u00e8ncia constitueix, encara avui, la primera norma de tota orientaci\u00f3 en l\u2019espai. En l\u2019\u00e0mbit pol\u00edtic Podem continuar sent d\u2019esquerres? respon en s\u00ed menor a la pregunta que titula el llibre, i ho fa amb la genialitat habitual de l\u2019autor i amb una suggeridora i provocadora proposta: cal ser revolucion\u00e0ries econ\u00f2micament, reformistes institucionalment i conservadores antropol\u00f2gicament.<\/p>\n","protected":false},"featured_media":59794,"comment_status":"open","ping_status":"closed","template":"","meta":{"_et_pb_use_builder":"","_et_pb_old_content":"","_et_gb_content_width":""},"product_cat":[2614,6675],"product_tag":[2602],"edicion":[1083],"editoriales":[1162],"tienda":[],"autor_id":[4999],"universidades_coeditoras":[],"palabras_clave":[],"listado_alfabetico":[],"acf":[],"_links":{"self":[{"href":"https:\/\/wizardly-davinci.82-223-8-23.plesk.page\/en\/wp-json\/wp\/v2\/product\/59793"}],"collection":[{"href":"https:\/\/wizardly-davinci.82-223-8-23.plesk.page\/en\/wp-json\/wp\/v2\/product"}],"about":[{"href":"https:\/\/wizardly-davinci.82-223-8-23.plesk.page\/en\/wp-json\/wp\/v2\/types\/product"}],"replies":[{"embeddable":true,"href":"https:\/\/wizardly-davinci.82-223-8-23.plesk.page\/en\/wp-json\/wp\/v2\/comments?post=59793"}],"wp:featuredmedia":[{"embeddable":true,"href":"https:\/\/wizardly-davinci.82-223-8-23.plesk.page\/en\/wp-json\/wp\/v2\/media\/59794"}],"wp:attachment":[{"href":"https:\/\/wizardly-davinci.82-223-8-23.plesk.page\/en\/wp-json\/wp\/v2\/media?parent=59793"}],"wp:term":[{"taxonomy":"product_cat","embeddable":true,"href":"https:\/\/wizardly-davinci.82-223-8-23.plesk.page\/en\/wp-json\/wp\/v2\/product_cat?post=59793"},{"taxonomy":"product_tag","embeddable":true,"href":"https:\/\/wizardly-davinci.82-223-8-23.plesk.page\/en\/wp-json\/wp\/v2\/product_tag?post=59793"},{"taxonomy":"edicion","embeddable":true,"href":"https:\/\/wizardly-davinci.82-223-8-23.plesk.page\/en\/wp-json\/wp\/v2\/edicion?post=59793"},{"taxonomy":"editoriales","embeddable":true,"href":"https:\/\/wizardly-davinci.82-223-8-23.plesk.page\/en\/wp-json\/wp\/v2\/editoriales?post=59793"},{"taxonomy":"tienda","embeddable":true,"href":"https:\/\/wizardly-davinci.82-223-8-23.plesk.page\/en\/wp-json\/wp\/v2\/tienda?post=59793"},{"taxonomy":"autor_id","embeddable":true,"href":"https:\/\/wizardly-davinci.82-223-8-23.plesk.page\/en\/wp-json\/wp\/v2\/autor_id?post=59793"},{"taxonomy":"universidades_coeditoras","embeddable":true,"href":"https:\/\/wizardly-davinci.82-223-8-23.plesk.page\/en\/wp-json\/wp\/v2\/universidades_coeditoras?post=59793"},{"taxonomy":"palabras_clave","embeddable":true,"href":"https:\/\/wizardly-davinci.82-223-8-23.plesk.page\/en\/wp-json\/wp\/v2\/palabras_clave?post=59793"},{"taxonomy":"listado_alfabetico","embeddable":true,"href":"https:\/\/wizardly-davinci.82-223-8-23.plesk.page\/en\/wp-json\/wp\/v2\/listado_alfabetico?post=59793"}],"curies":[{"name":"wp","href":"https:\/\/api.w.org\/{rel}","templated":true}]}}