{"id":59799,"date":"2020-11-02T11:13:12","date_gmt":"2020-11-02T11:13:12","guid":{"rendered":"https:\/\/octaedro.com\/?post_type=product&#038;p=59799"},"modified":"2022-06-13T07:19:42","modified_gmt":"2022-06-13T07:19:42","slug":"per-que-tornaves-cada-estiu","status":"publish","type":"product","link":"https:\/\/wizardly-davinci.82-223-8-23.plesk.page\/en\/producto\/per-que-tornaves-cada-estiu\/","title":{"rendered":"Per qu\u00e8 tornaves cada estiu"},"content":{"rendered":"<p><strong><em>Per qu\u00e8 tornaves cada estiu<\/em><\/strong>\u00a0\u00e9s una novel\u00b7la, per\u00f2 tamb\u00e9 una den\u00fancia. Un relat polif\u00f2nic on l\u2019autora reconstrueix la hist\u00f2ria d\u2019un ab\u00fas patit en l\u2019adolesc\u00e8ncia per part d\u2019un familiar, un home armat i poder\u00f3s que no va tenir cap objecci\u00f3 a destrossar la inf\u00e0ncia de la seva neboda.<br \/>\n<a href=\"https:\/\/pol-len.cat\/autoria\/belen-lopez-peiro\/\">Bel\u00e9n L\u00f3pez Peir\u00f3<\/a>\u00a0converteix la seva experi\u00e8ncia en una obra liter\u00e0ria i pol\u00edtica i escriu amb valentia sobre all\u00f2 que diuen que ens hauria de fer vergonya explicar. Alhora, fuig del victimisme amb el qual s\u2019acostuma a carregar les dones que han estat agredides.<br \/>\nL\u2019autora inicia un judici contra el seu agressor, bregant contra totes les dificultats que li posa el sistema judicial, i explicant a tots els seus parents i ve\u00efns els fets ocorreguts, obligant-los aix\u00ed a veure el que tant els costava d\u2019acceptar.\u00a0<a href=\"https:\/\/www.publico.es\/public\/tast-nova-edicio-catala-per-tornaves-estiu.html\">Avan\u00e7ament editorial<\/a>\u00a0a Diari P\u00fablic.<\/p>\n","protected":false},"excerpt":{"rendered":"<p><strong>Per qu\u00e8 tornaves cada estiu<\/strong>\u00a0\u00e9s una novel\u00b7la, per\u00f2 tamb\u00e9 una den\u00fancia. Un relat polif\u00f2nic on l\u2019autora reconstrueix la hist\u00f2ria d\u2019un ab\u00fas patit en l\u2019adolesc\u00e8ncia per part d\u2019un familiar, un home armat i poder\u00f3s que no va tenir cap objecci\u00f3 a destrossar la inf\u00e0ncia de la seva neboda.<br \/>\n<strong>Bel\u00e9n L\u00f3pez Peir\u00f3<\/strong>\u00a0converteix la seva experi\u00e8ncia en una obra liter\u00e0ria i pol\u00edtica i escriu amb valentia sobre all\u00f2 que diuen que ens hauria de fer vergonya explicar. Alhora, fuig del victimisme amb el qual s\u2019acostuma a carregar les dones que han estat agredides.<br \/>\nL\u2019autora inicia un judici contra el seu agressor, bregant contra totes les dificultats que li posa el sistema judicial, i explicant a tots els seus parents i ve\u00efns els fets ocorreguts, obligant-los aix\u00ed a veure el que tant els costava d\u2019acceptar.<\/p>\n","protected":false},"featured_media":59800,"comment_status":"open","ping_status":"closed","template":"","meta":{"_et_pb_use_builder":"","_et_pb_old_content":"","_et_gb_content_width":""},"product_cat":[2614,6675],"product_tag":[2602],"edicion":[1083],"editoriales":[1162],"tienda":[],"autor_id":[22008],"universidades_coeditoras":[],"palabras_clave":[],"listado_alfabetico":[],"acf":[],"_links":{"self":[{"href":"https:\/\/wizardly-davinci.82-223-8-23.plesk.page\/en\/wp-json\/wp\/v2\/product\/59799"}],"collection":[{"href":"https:\/\/wizardly-davinci.82-223-8-23.plesk.page\/en\/wp-json\/wp\/v2\/product"}],"about":[{"href":"https:\/\/wizardly-davinci.82-223-8-23.plesk.page\/en\/wp-json\/wp\/v2\/types\/product"}],"replies":[{"embeddable":true,"href":"https:\/\/wizardly-davinci.82-223-8-23.plesk.page\/en\/wp-json\/wp\/v2\/comments?post=59799"}],"wp:featuredmedia":[{"embeddable":true,"href":"https:\/\/wizardly-davinci.82-223-8-23.plesk.page\/en\/wp-json\/wp\/v2\/media\/59800"}],"wp:attachment":[{"href":"https:\/\/wizardly-davinci.82-223-8-23.plesk.page\/en\/wp-json\/wp\/v2\/media?parent=59799"}],"wp:term":[{"taxonomy":"product_cat","embeddable":true,"href":"https:\/\/wizardly-davinci.82-223-8-23.plesk.page\/en\/wp-json\/wp\/v2\/product_cat?post=59799"},{"taxonomy":"product_tag","embeddable":true,"href":"https:\/\/wizardly-davinci.82-223-8-23.plesk.page\/en\/wp-json\/wp\/v2\/product_tag?post=59799"},{"taxonomy":"edicion","embeddable":true,"href":"https:\/\/wizardly-davinci.82-223-8-23.plesk.page\/en\/wp-json\/wp\/v2\/edicion?post=59799"},{"taxonomy":"editoriales","embeddable":true,"href":"https:\/\/wizardly-davinci.82-223-8-23.plesk.page\/en\/wp-json\/wp\/v2\/editoriales?post=59799"},{"taxonomy":"tienda","embeddable":true,"href":"https:\/\/wizardly-davinci.82-223-8-23.plesk.page\/en\/wp-json\/wp\/v2\/tienda?post=59799"},{"taxonomy":"autor_id","embeddable":true,"href":"https:\/\/wizardly-davinci.82-223-8-23.plesk.page\/en\/wp-json\/wp\/v2\/autor_id?post=59799"},{"taxonomy":"universidades_coeditoras","embeddable":true,"href":"https:\/\/wizardly-davinci.82-223-8-23.plesk.page\/en\/wp-json\/wp\/v2\/universidades_coeditoras?post=59799"},{"taxonomy":"palabras_clave","embeddable":true,"href":"https:\/\/wizardly-davinci.82-223-8-23.plesk.page\/en\/wp-json\/wp\/v2\/palabras_clave?post=59799"},{"taxonomy":"listado_alfabetico","embeddable":true,"href":"https:\/\/wizardly-davinci.82-223-8-23.plesk.page\/en\/wp-json\/wp\/v2\/listado_alfabetico?post=59799"}],"curies":[{"name":"wp","href":"https:\/\/api.w.org\/{rel}","templated":true}]}}