{"id":59812,"date":"2021-05-01T11:07:15","date_gmt":"2021-05-01T11:07:15","guid":{"rendered":"https:\/\/octaedro.com\/?post_type=product&#038;p=59812"},"modified":"2022-06-13T15:19:52","modified_gmt":"2022-06-13T15:19:52","slug":"transitamos","status":"publish","type":"product","link":"https:\/\/wizardly-davinci.82-223-8-23.plesk.page\/en\/producto\/transitamos\/","title":{"rendered":"Transitamos"},"content":{"rendered":"<p><em>Transitamos\u00a0<\/em>es un comic, una novela gr\u00e1fica escrita por\u00a0<a href=\"https:\/\/pol-len.cat\/autoria\/ian-bermudez\/\">Ian Berm\u00fadez<\/a>\u00a0e ilustrada por\u00a0<a href=\"https:\/\/pol-len.cat\/autoria\/lucia-de-palau\/\">Luc\u00eda de Palau<\/a>.<\/p>\n<p>Javier ha tomado una decisi\u00f3n importante sobre su transici\u00f3n. Mientras tanto, su trabajo como profesor y las experiencias de sus amistades le har\u00e1n abrir los ojos hacia el resto del colectivo y hacia las dificultades que a\u00fan tienen que superar las personas trans. El reencuentro con las amistades y la realidad de la escuela en la que trabaja despertar\u00e1n sus ganas de crear un cambio en la sociedad. A partir de aqu\u00ed, entrar\u00e1 en contacto con el activismo, se abrir\u00e1 a una nueva red de afectos y, para su sorpresa, descubrir\u00e1 emociones y sentimientos que nunca hubiera imaginado.<\/p>\n","protected":false},"excerpt":{"rendered":"<p><strong>Transitamos<\/strong>\u00a0es un comic, una novela gr\u00e1fica escrita por\u00a0<strong>Ian Berm\u00fadez<\/strong>\u00a0e ilustrada por\u00a0<strong>Luc\u00eda de Palau<\/strong>.<\/p>\n<p>Javier ha tomado una decisi\u00f3n importante sobre su transici\u00f3n. Mientras tanto, su trabajo como profesor y las experiencias de sus amistades le har\u00e1n abrir los ojos hacia el resto del colectivo y hacia las dificultades que a\u00fan tienen que superar las personas trans. El reencuentro con las amistades y la realidad de la escuela en la que trabaja despertar\u00e1n sus ganas de crear un cambio en la sociedad. A partir de aqu\u00ed, entrar\u00e1 en contacto con el activismo, se abrir\u00e1 a una nueva red de afectos y, para su sorpresa, descubrir\u00e1 emociones y sentimientos que nunca hubiera imaginado.<\/p>\n","protected":false},"featured_media":59813,"comment_status":"open","ping_status":"closed","template":"","meta":{"_et_pb_use_builder":"","_et_pb_old_content":"","_et_gb_content_width":""},"product_cat":[2614,6675],"product_tag":[2602],"edicion":[1083],"editoriales":[1162],"tienda":[],"autor_id":[22020,22021],"universidades_coeditoras":[],"palabras_clave":[],"listado_alfabetico":[],"acf":[],"_links":{"self":[{"href":"https:\/\/wizardly-davinci.82-223-8-23.plesk.page\/en\/wp-json\/wp\/v2\/product\/59812"}],"collection":[{"href":"https:\/\/wizardly-davinci.82-223-8-23.plesk.page\/en\/wp-json\/wp\/v2\/product"}],"about":[{"href":"https:\/\/wizardly-davinci.82-223-8-23.plesk.page\/en\/wp-json\/wp\/v2\/types\/product"}],"replies":[{"embeddable":true,"href":"https:\/\/wizardly-davinci.82-223-8-23.plesk.page\/en\/wp-json\/wp\/v2\/comments?post=59812"}],"wp:featuredmedia":[{"embeddable":true,"href":"https:\/\/wizardly-davinci.82-223-8-23.plesk.page\/en\/wp-json\/wp\/v2\/media\/59813"}],"wp:attachment":[{"href":"https:\/\/wizardly-davinci.82-223-8-23.plesk.page\/en\/wp-json\/wp\/v2\/media?parent=59812"}],"wp:term":[{"taxonomy":"product_cat","embeddable":true,"href":"https:\/\/wizardly-davinci.82-223-8-23.plesk.page\/en\/wp-json\/wp\/v2\/product_cat?post=59812"},{"taxonomy":"product_tag","embeddable":true,"href":"https:\/\/wizardly-davinci.82-223-8-23.plesk.page\/en\/wp-json\/wp\/v2\/product_tag?post=59812"},{"taxonomy":"edicion","embeddable":true,"href":"https:\/\/wizardly-davinci.82-223-8-23.plesk.page\/en\/wp-json\/wp\/v2\/edicion?post=59812"},{"taxonomy":"editoriales","embeddable":true,"href":"https:\/\/wizardly-davinci.82-223-8-23.plesk.page\/en\/wp-json\/wp\/v2\/editoriales?post=59812"},{"taxonomy":"tienda","embeddable":true,"href":"https:\/\/wizardly-davinci.82-223-8-23.plesk.page\/en\/wp-json\/wp\/v2\/tienda?post=59812"},{"taxonomy":"autor_id","embeddable":true,"href":"https:\/\/wizardly-davinci.82-223-8-23.plesk.page\/en\/wp-json\/wp\/v2\/autor_id?post=59812"},{"taxonomy":"universidades_coeditoras","embeddable":true,"href":"https:\/\/wizardly-davinci.82-223-8-23.plesk.page\/en\/wp-json\/wp\/v2\/universidades_coeditoras?post=59812"},{"taxonomy":"palabras_clave","embeddable":true,"href":"https:\/\/wizardly-davinci.82-223-8-23.plesk.page\/en\/wp-json\/wp\/v2\/palabras_clave?post=59812"},{"taxonomy":"listado_alfabetico","embeddable":true,"href":"https:\/\/wizardly-davinci.82-223-8-23.plesk.page\/en\/wp-json\/wp\/v2\/listado_alfabetico?post=59812"}],"curies":[{"name":"wp","href":"https:\/\/api.w.org\/{rel}","templated":true}]}}