{"id":59815,"date":"2020-03-01T11:21:24","date_gmt":"2020-03-01T11:21:24","guid":{"rendered":"https:\/\/octaedro.com\/?post_type=product&#038;p=59815"},"modified":"2022-06-13T15:30:37","modified_gmt":"2022-06-13T15:30:37","slug":"el-dia-de-les-oques","status":"publish","type":"product","link":"https:\/\/wizardly-davinci.82-223-8-23.plesk.page\/en\/producto\/el-dia-de-les-oques\/","title":{"rendered":"El dia de les oques."},"content":{"rendered":"<p>El 20 de novembre de 1984,\u00a0<a href=\"https:\/\/ca.wikipedia.org\/wiki\/Santiago_Brouard_P%C3%A9rez\"><strong>Santi Brouard<\/strong><\/a>\u00a0va ser assassinat a trets a la seva consulta de pediatria. El secretari de Seguretat de l\u2019Estat espanyol,\u00a0<strong>Juli\u00e1n Sancristobal<\/strong>, va donar l\u2019ordre i els diners al policia\u00a0<strong>Rafael Masa<\/strong>, el qual va pagar a\u00a0<strong>Luis Morcillo<\/strong>\u00a0i\u00a0<strong>Rafael S\u00e1nchez Oca\u00f1a<\/strong>\u00a0per l\u2019assassinat. La mort de\u00a0<a href=\"https:\/\/ca.wikipedia.org\/wiki\/Santiago_Brouard_P%C3%A9rez\"><strong>Santi Brouard<\/strong><\/a>\u00a0va causar una gran commoci\u00f3 al Pa\u00eds Basc. President d\u2019<a href=\"https:\/\/ca.wikipedia.org\/wiki\/Herri_Alderdi_Sozialista_Iraultzailea\">HASI<\/a>, membre de la mesa nacional d\u2019<a href=\"https:\/\/ca.wikipedia.org\/wiki\/Herri_Batasuna\">Herri Batasuna<\/a>, tinent d\u2019alcalde de Bilbo, parlamentari,\u00a0<a href=\"https:\/\/ca.wikipedia.org\/wiki\/Santiago_Brouard_P%C3%A9rez\"><strong>Santi Brouard<\/strong><\/a>\u00a0va ser una figura destacada en diverses fam\u00edlies pol\u00edtiques del Pa\u00eds Basc.<\/p>\n<p>Aquest c\u00f2mic recull aquestes i altres caracter\u00edstiques m\u00e9s desconegudes del pol\u00edtic lekeitiarra, ja que tamb\u00e9 era un amic i metge proper, gran bromista, lector apassionat i amant de la llengua basca.\u00a0<strong>Adur Larrea<\/strong>\u00a0i\u00a0<strong>Harkaitz Cano<\/strong>\u00a0han aconseguit, a trav\u00e9s de la ficci\u00f3, recollir els fils de la vida i la mort de\u00a0<a href=\"https:\/\/ca.wikipedia.org\/wiki\/Santiago_Brouard_P%C3%A9rez\"><strong>Santi Brouard<\/strong><\/a>, relligar l\u2019acci\u00f3 p\u00fablica i la vida privada, vincular el passat i el present, per a aix\u00ed, dibuixar el relat viu d\u2019una \u00e8poca, els anys 80, que apareixen com a tel\u00f3 de fons.<\/p>\n","protected":false},"excerpt":{"rendered":"<p>El 20 de novembre de 1984,\u00a0<strong>Santi Brouard<\/strong>\u00a0va ser assassinat a trets a la seva consulta de pediatria. El secretari de Seguretat de l\u2019Estat espanyol,\u00a0<strong>Juli\u00e1n Sancristobal<\/strong>, va donar l\u2019ordre i els diners al policia\u00a0<strong>Rafael Masa<\/strong>, el qual va pagar a\u00a0<strong>Luis Morcillo<\/strong>\u00a0i\u00a0<strong>Rafael S\u00e1nchez Oca\u00f1a<\/strong>\u00a0per l\u2019assassinat. La mort de\u00a0<strong>Santi Brouard<\/strong>\u00a0va causar una gran commoci\u00f3 al Pa\u00eds Basc. President d\u2019<strong>HASI<\/strong>, membre de la mesa nacional d\u2019<strong>Herri Batasuna<\/strong>, tinent d\u2019alcalde de Bilbo, parlamentari,\u00a0<strong>Santi Brouard<\/strong>\u00a0va ser una figura destacada en diverses fam\u00edlies pol\u00edtiques del Pa\u00eds Basc.<\/p>\n<p>Aquest c\u00f2mic recull aquestes i altres caracter\u00edstiques m\u00e9s desconegudes del pol\u00edtic lekeitiarra, ja que tamb\u00e9 era un amic i metge proper, gran bromista, lector apassionat i amant de la llengua basca.\u00a0Adur Larrea\u00a0i\u00a0Harkaitz Cano\u00a0han aconseguit, a trav\u00e9s de la ficci\u00f3, recollir els fils de la vida i la mort de\u00a0Santi Brouard, relligar l\u2019acci\u00f3 p\u00fablica i la vida privada, vincular el passat i el present, per a aix\u00ed, dibuixar el relat viu d\u2019una \u00e8poca, els anys 80, que apareixen com a tel\u00f3 de fons.<\/p>\n","protected":false},"featured_media":59816,"comment_status":"open","ping_status":"closed","template":"","meta":{"_et_pb_use_builder":"","_et_pb_old_content":"","_et_gb_content_width":""},"product_cat":[2614,6675],"product_tag":[2602],"edicion":[1083],"editoriales":[1162],"tienda":[],"autor_id":[22024,22025],"universidades_coeditoras":[],"palabras_clave":[],"listado_alfabetico":[],"acf":[],"_links":{"self":[{"href":"https:\/\/wizardly-davinci.82-223-8-23.plesk.page\/en\/wp-json\/wp\/v2\/product\/59815"}],"collection":[{"href":"https:\/\/wizardly-davinci.82-223-8-23.plesk.page\/en\/wp-json\/wp\/v2\/product"}],"about":[{"href":"https:\/\/wizardly-davinci.82-223-8-23.plesk.page\/en\/wp-json\/wp\/v2\/types\/product"}],"replies":[{"embeddable":true,"href":"https:\/\/wizardly-davinci.82-223-8-23.plesk.page\/en\/wp-json\/wp\/v2\/comments?post=59815"}],"wp:featuredmedia":[{"embeddable":true,"href":"https:\/\/wizardly-davinci.82-223-8-23.plesk.page\/en\/wp-json\/wp\/v2\/media\/59816"}],"wp:attachment":[{"href":"https:\/\/wizardly-davinci.82-223-8-23.plesk.page\/en\/wp-json\/wp\/v2\/media?parent=59815"}],"wp:term":[{"taxonomy":"product_cat","embeddable":true,"href":"https:\/\/wizardly-davinci.82-223-8-23.plesk.page\/en\/wp-json\/wp\/v2\/product_cat?post=59815"},{"taxonomy":"product_tag","embeddable":true,"href":"https:\/\/wizardly-davinci.82-223-8-23.plesk.page\/en\/wp-json\/wp\/v2\/product_tag?post=59815"},{"taxonomy":"edicion","embeddable":true,"href":"https:\/\/wizardly-davinci.82-223-8-23.plesk.page\/en\/wp-json\/wp\/v2\/edicion?post=59815"},{"taxonomy":"editoriales","embeddable":true,"href":"https:\/\/wizardly-davinci.82-223-8-23.plesk.page\/en\/wp-json\/wp\/v2\/editoriales?post=59815"},{"taxonomy":"tienda","embeddable":true,"href":"https:\/\/wizardly-davinci.82-223-8-23.plesk.page\/en\/wp-json\/wp\/v2\/tienda?post=59815"},{"taxonomy":"autor_id","embeddable":true,"href":"https:\/\/wizardly-davinci.82-223-8-23.plesk.page\/en\/wp-json\/wp\/v2\/autor_id?post=59815"},{"taxonomy":"universidades_coeditoras","embeddable":true,"href":"https:\/\/wizardly-davinci.82-223-8-23.plesk.page\/en\/wp-json\/wp\/v2\/universidades_coeditoras?post=59815"},{"taxonomy":"palabras_clave","embeddable":true,"href":"https:\/\/wizardly-davinci.82-223-8-23.plesk.page\/en\/wp-json\/wp\/v2\/palabras_clave?post=59815"},{"taxonomy":"listado_alfabetico","embeddable":true,"href":"https:\/\/wizardly-davinci.82-223-8-23.plesk.page\/en\/wp-json\/wp\/v2\/listado_alfabetico?post=59815"}],"curies":[{"name":"wp","href":"https:\/\/api.w.org\/{rel}","templated":true}]}}