{"id":59821,"date":"2017-11-01T12:41:08","date_gmt":"2017-11-01T12:41:08","guid":{"rendered":"https:\/\/octaedro.com\/?post_type=product&#038;p=59821"},"modified":"2022-06-13T15:49:31","modified_gmt":"2022-06-13T15:49:31","slug":"transitant-linvisible","status":"publish","type":"product","link":"https:\/\/wizardly-davinci.82-223-8-23.plesk.page\/en\/producto\/transitant-linvisible\/","title":{"rendered":"Transitant l\u2019invisible"},"content":{"rendered":"<p>Fantasmes, aparicions, esperits de difunts, fen\u00f2mens paranormals, portals a altres dimensions i llocs<br \/>\nconsiderats encantats han exercit al llarg de la hist\u00f2ria una gran fascinaci\u00f3 popular i s\u00f3n diferents<br \/>\nmaneres d\u2019anomenar all\u00f2 que pertany a un altre m\u00f3n, no tangible. Aquest m\u00f3n, a estones invisible,<br \/>\nambigu, seductor i llumin\u00f3s\u2026 no deixa de tra\u00e7ar petjades recognoscibles, tamb\u00e9 en la societat catalana,<br \/>\nque circulen des d\u2019antigues rotllanes al voltant del foc fins als f\u00f2rums digitals dels nostres dies.<br \/>\nLes narratives i les pr\u00e0ctiques sobre les experi\u00e8ncies vinculades amb espais transicionals entre el m\u00f3n<br \/>\nvisible i l\u2019invisible i els seus transeu\u0308nts, a la Catalunya contempor\u00e0nia, configuren l\u2019objecte d\u2019estudi<br \/>\nd\u2019aquest llibre. Des d\u2019una perspectiva antropol\u00f2gica, les investigacions realitzades per les autores<br \/>\nexploren, per un costat, dos llocs \u201cencantats\u201d \u2013l\u2019Hospital del T\u00f2rax de Terrassa i el poble abandonat<br \/>\nde La Mussara\u2013 i, per l\u2019altre, les activitats d\u2019un grup de gironins i gironines dedicat a l\u2019experimentaci\u00f3<br \/>\nparanormal.<br \/>\nEn tant que realitats socials \u2212igual que d\u00e9us, \u00e0ngels i sants\u2212els fets fantasmals constitueixen valuosos<br \/>\nindicis etnogr\u00e0fics de les societats que els acullen, arrelats en una tradici\u00f3 d\u2019hist\u00f2ries i llegendes<br \/>\nque formen part del seu entramat cultural i la seva identitat. En aquest sentit, esperits, aparicions i<br \/>\ndesaparicions no solament donen compte de persistents relacions entre les persones vives i les difuntes,<br \/>\nsin\u00f3 que sovint remeten a emerg\u00e8ncies del passat, i als forats negres de la mem\u00f2ria col\u2022lectiva, per posar<br \/>\nen evid\u00e8ncia deutes pendents, injust\u00edcies, necessitats i anhels de les comunitats.<\/p>\n","protected":false},"excerpt":{"rendered":"<p>Fantasmes, aparicions, esperits de difunts, fen\u00f2mens paranormals, portals a altres dimensions i llocs<br \/>\nconsiderats encantats han exercit al llarg de la hist\u00f2ria una gran fascinaci\u00f3 popular i s\u00f3n diferents<br \/>\nmaneres d\u2019anomenar all\u00f2 que pertany a un altre m\u00f3n, no tangible. Aquest m\u00f3n, a estones invisible,<br \/>\nambigu, seductor i llumin\u00f3s\u2026 no deixa de tra\u00e7ar petjades recognoscibles, tamb\u00e9 en la societat catalana,<br \/>\nque circulen des d\u2019antigues rotllanes al voltant del foc fins als f\u00f2rums digitals dels nostres dies.<br \/>\nLes narratives i les pr\u00e0ctiques sobre les experi\u00e8ncies vinculades amb espais transicionals entre el m\u00f3n<br \/>\nvisible i l\u2019invisible i els seus transeu\u0308nts, a la Catalunya contempor\u00e0nia, configuren l\u2019objecte d\u2019estudi<br \/>\nd\u2019aquest llibre. Des d\u2019una perspectiva antropol\u00f2gica, les investigacions realitzades per les autores<br \/>\nexploren, per un costat, dos llocs \u201cencantats\u201d \u2013l\u2019Hospital del T\u00f2rax de Terrassa i el poble abandonat<br \/>\nde La Mussara\u2013 i, per l\u2019altre, les activitats d\u2019un grup de gironins i gironines dedicat a l\u2019experimentaci\u00f3<br \/>\nparanormal.<br \/>\nEn tant que realitats socials \u2212igual que d\u00e9us, \u00e0ngels i sants\u2212els fets fantasmals constitueixen valuosos<br \/>\nindicis etnogr\u00e0fics de les societats que els acullen, arrelats en una tradici\u00f3 d\u2019hist\u00f2ries i llegendes<br \/>\nque formen part del seu entramat cultural i la seva identitat. En aquest sentit, esperits, aparicions i<br \/>\ndesaparicions no solament donen compte de persistents relacions entre les persones vives i les difuntes,<br \/>\nsin\u00f3 que sovint remeten a emerg\u00e8ncies del passat, i als forats negres de la mem\u00f2ria col\u2022lectiva, per posar<br \/>\nen evid\u00e8ncia deutes pendents, injust\u00edcies, necessitats i anhels de les comunitats.<\/p>\n","protected":false},"featured_media":59822,"comment_status":"open","ping_status":"closed","template":"","meta":{"_et_pb_use_builder":"","_et_pb_old_content":"","_et_gb_content_width":""},"product_cat":[2614,6675],"product_tag":[2602],"edicion":[1083],"editoriales":[1162],"tienda":[],"autor_id":[22028,22027],"universidades_coeditoras":[],"palabras_clave":[],"listado_alfabetico":[],"acf":[],"_links":{"self":[{"href":"https:\/\/wizardly-davinci.82-223-8-23.plesk.page\/en\/wp-json\/wp\/v2\/product\/59821"}],"collection":[{"href":"https:\/\/wizardly-davinci.82-223-8-23.plesk.page\/en\/wp-json\/wp\/v2\/product"}],"about":[{"href":"https:\/\/wizardly-davinci.82-223-8-23.plesk.page\/en\/wp-json\/wp\/v2\/types\/product"}],"replies":[{"embeddable":true,"href":"https:\/\/wizardly-davinci.82-223-8-23.plesk.page\/en\/wp-json\/wp\/v2\/comments?post=59821"}],"wp:featuredmedia":[{"embeddable":true,"href":"https:\/\/wizardly-davinci.82-223-8-23.plesk.page\/en\/wp-json\/wp\/v2\/media\/59822"}],"wp:attachment":[{"href":"https:\/\/wizardly-davinci.82-223-8-23.plesk.page\/en\/wp-json\/wp\/v2\/media?parent=59821"}],"wp:term":[{"taxonomy":"product_cat","embeddable":true,"href":"https:\/\/wizardly-davinci.82-223-8-23.plesk.page\/en\/wp-json\/wp\/v2\/product_cat?post=59821"},{"taxonomy":"product_tag","embeddable":true,"href":"https:\/\/wizardly-davinci.82-223-8-23.plesk.page\/en\/wp-json\/wp\/v2\/product_tag?post=59821"},{"taxonomy":"edicion","embeddable":true,"href":"https:\/\/wizardly-davinci.82-223-8-23.plesk.page\/en\/wp-json\/wp\/v2\/edicion?post=59821"},{"taxonomy":"editoriales","embeddable":true,"href":"https:\/\/wizardly-davinci.82-223-8-23.plesk.page\/en\/wp-json\/wp\/v2\/editoriales?post=59821"},{"taxonomy":"tienda","embeddable":true,"href":"https:\/\/wizardly-davinci.82-223-8-23.plesk.page\/en\/wp-json\/wp\/v2\/tienda?post=59821"},{"taxonomy":"autor_id","embeddable":true,"href":"https:\/\/wizardly-davinci.82-223-8-23.plesk.page\/en\/wp-json\/wp\/v2\/autor_id?post=59821"},{"taxonomy":"universidades_coeditoras","embeddable":true,"href":"https:\/\/wizardly-davinci.82-223-8-23.plesk.page\/en\/wp-json\/wp\/v2\/universidades_coeditoras?post=59821"},{"taxonomy":"palabras_clave","embeddable":true,"href":"https:\/\/wizardly-davinci.82-223-8-23.plesk.page\/en\/wp-json\/wp\/v2\/palabras_clave?post=59821"},{"taxonomy":"listado_alfabetico","embeddable":true,"href":"https:\/\/wizardly-davinci.82-223-8-23.plesk.page\/en\/wp-json\/wp\/v2\/listado_alfabetico?post=59821"}],"curies":[{"name":"wp","href":"https:\/\/api.w.org\/{rel}","templated":true}]}}